{"id":393190,"date":"2026-03-27T12:05:44","date_gmt":"2026-03-27T12:05:44","guid":{"rendered":"https:\/\/glotomania.com\/p\/capsulas-cupcake-coracoes-n2-48-unidades\/"},"modified":"2026-04-08T17:45:13","modified_gmt":"2026-04-08T17:45:13","slug":"capsulas-cupcake-coracoes-n2-48-unidades-4","status":"publish","type":"product","link":"https:\/\/glotomania.com\/pt-pt\/p\/capsulas-cupcake-coracoes-n2-48-unidades-4\/","title":{"rendered":"C\u00c1psulas Cupcake Cora\u00c7\u00d5es N2 &#8211; 48 Unidades"},"content":{"rendered":"<p>&nbsp;<\/p>\n<p><span style=\"font-size: 14px\">Fabricado em papel de alta qualidade, adequado para uso em alimentos, com<strong>&nbsp;efeito antiaderente<\/strong>, resistente a geadas, microondas e cozimento at&eacute; 230&deg;C sem perder sua cor.<\/span><\/p>\n<p><span style=\"font-size: 14px\">Para um resultado perfeito, &eacute; recomend&aacute;vel usar com nossas bandejas e moldes de cavidades para cozinhar suas elabora&ccedil;&otilde;es.<\/span><\/p>\n<p><span style=\"font-size: 14px\"><strong>Dimens&otilde;es<\/strong><\/span>: Base &Oslash; 5 cm &#8211; Parte superior &Oslash; 7 cm &#8211; Altura 3,5 cm.<\/p>\n","protected":false},"excerpt":{"rendered":"<p>Embalagem de 48 c\u00e1psulas para cupcakes e muffins. Resistente ao congelador, micro-ondas e forno at\u00e9 230\u00b0C.<\/p>\n","protected":false},"featured_media":34854,"comment_status":"open","ping_status":"closed","template":"","meta":{"_acf_changed":false,"_joinchat":[]},"pwb-brand":[],"product_brand":[],"product_cat":[2010],"product_tag":[],"class_list":{"0":"post-393190","1":"product","2":"type-product","3":"status-publish","4":"has-post-thumbnail","6":"product_cat-capsulas-cupcakes","8":"first","9":"instock","10":"taxable","11":"shipping-taxable","12":"purchasable","13":"product-type-simple"},"acf":[],"df_price":1.9,"df_sale_price":"","df_regular_price":1.9,"df_image_link":"https:\/\/e622tfk5wxd.exactdn.com\/wp-content\/uploads\/2022\/09\/img_20252_2821f60b12940342afc118fbd98096c2_1-300x300.png?strip=all","brands":[],"_links":{"self":[{"href":"https:\/\/glotomania.com\/pt-pt\/wp-json\/wp\/v2\/product\/393190","targetHints":{"allow":["GET"]}}],"collection":[{"href":"https:\/\/glotomania.com\/pt-pt\/wp-json\/wp\/v2\/product"}],"about":[{"href":"https:\/\/glotomania.com\/pt-pt\/wp-json\/wp\/v2\/types\/product"}],"replies":[{"embeddable":true,"href":"https:\/\/glotomania.com\/pt-pt\/wp-json\/wp\/v2\/comments?post=393190"}],"wp:featuredmedia":[{"embeddable":true,"href":"https:\/\/glotomania.com\/pt-pt\/wp-json\/wp\/v2\/media\/34854"}],"wp:attachment":[{"href":"https:\/\/glotomania.com\/pt-pt\/wp-json\/wp\/v2\/media?parent=393190"}],"wp:term":[{"taxonomy":"pwb-brand","embeddable":true,"href":"https:\/\/glotomania.com\/pt-pt\/wp-json\/wp\/v2\/pwb-brand?post=393190"},{"taxonomy":"product_brand","embeddable":true,"href":"https:\/\/glotomania.com\/pt-pt\/wp-json\/wp\/v2\/product_brand?post=393190"},{"taxonomy":"product_cat","embeddable":true,"href":"https:\/\/glotomania.com\/pt-pt\/wp-json\/wp\/v2\/product_cat?post=393190"},{"taxonomy":"product_tag","embeddable":true,"href":"https:\/\/glotomania.com\/pt-pt\/wp-json\/wp\/v2\/product_tag?post=393190"}],"curies":[{"name":"wp","href":"https:\/\/api.w.org\/{rel}","templated":true}]}}