{"id":393906,"date":"2026-04-10T14:10:32","date_gmt":"2026-04-10T14:10:32","guid":{"rendered":"https:\/\/glotomania.com\/p\/gelatina-en-polvo-pastkolor-250-g-2\/"},"modified":"2026-04-10T14:10:39","modified_gmt":"2026-04-10T14:10:39","slug":"gelatina-en-polvo-pastkolor-250-g-2","status":"publish","type":"product","link":"https:\/\/glotomania.com\/pt-pt\/p\/gelatina-en-polvo-pastkolor-250-g-2\/","title":{"rendered":"Gelatina Em P\u00d3 Pastkolor &#8211; 250 G"},"content":{"rendered":"<div>&nbsp;<\/div>\n<div><span style=\"font-size:14px\"><span style=\"color:#000000\">Gelatina alimentar adequada para aplica&ccedil;&otilde;es em confeitaria, pastelaria, sobremesas, lactic&iacute;nios e outras prepara&ccedil;&otilde;es alimentares nas quais seja necess&aacute;rio <strong>melhorar a textura, a firmeza, a estabilidade e a sensa&ccedil;&atilde;o na boca<\/strong>. Tamb&eacute;m pode ser utilizada em aplica&ccedil;&otilde;es c&aacute;rneas e em recheios ou coberturas onde seja necess&aacute;ria uma estrutura mais uniforme.<\/span><\/span><br \/>\n&nbsp;<\/div>\n<div><span style=\"font-size:14px\"><span style=\"color:#000000\">Gelatina alimentar su&iacute;na de alta qualidade, com for&ccedil;a gelificante 250 Bloom Tipo A e granulometria 40 mesh, desenvolvida para oferecer um desempenho constante em aplica&ccedil;&otilde;es da ind&uacute;stria alimentar que exigem desempenho t&eacute;cnico, consist&ecirc;ncia, estabilidade e regularidade no processo.<\/span><\/span><br \/>\n&nbsp;<\/div>\n<div><span style=\"font-size:14px\"><span style=\"color:#000000\">A sua composi&ccedil;&atilde;o 100% gelatina su&iacute;na, a sua longa conserva&ccedil;&atilde;o e o seu perfil t&eacute;cnico tornam-na uma solu&ccedil;&atilde;o pr&aacute;tica e fi&aacute;vel para uso profissional.<\/span><\/span><\/div>\n<div>&nbsp;<\/div>\n<div>\n<table cellpadding=\"0\" cellspacing=\"0\" style=\"border-collapse: collapse\">\n<tbody>\n<tr>\n<td style=\"border-style: solid;width: 232px;height: 23px;padding: 4px\" valign=\"top\">\n<p style=\"margin: 0px;font-size: 10px;line-height: normal;text-align: center\"><span><span style=\"font-size: 12px\"><b>Componentes \/ Componentes \/ Components&nbsp;<\/b><\/span><\/span><\/p>\n<\/td>\n<td style=\"border-style: solid;width: 232px;height: 23px;padding: 4px\" valign=\"top\">\n<p style=\"margin: 0px;font-size: 10px;line-height: normal;text-align: center\"><span><span style=\"font-size: 12px\"><b>Quantidade por 100g \/ Cantidad por 100g \/&nbsp;<\/b><\/span><span style=\"font-size: 12px\"><b>Quantity per 100g<\/b><\/span><\/span><\/p>\n<\/td>\n<\/tr>\n<tr>\n<td style=\"border-style: solid;width: 232px;height: 14px;padding: 4px\" valign=\"top\">\n<p style=\"margin: 0px;font-size: 10px;line-height: normal\"><span><span style=\"font-size: 12px\"><b>Energia \/ Valor energ&eacute;tico \/ Energy<\/b><\/span><\/span><\/p>\n<\/td>\n<td style=\"border-style: solid;width: 232px;height: 14px;padding: 4px\" valign=\"top\">\n<p style=\"margin: 0px;text-align: center;font-size: 10px;line-height: normal\"><span><span style=\"font-size: 12px\">1431 KJ<\/span><\/span><\/p>\n<\/td>\n<\/tr>\n<tr>\n<td style=\"border-style: solid;width: 232px;height: 14px;padding: 4px\" valign=\"top\">\n<p style=\"margin: 0px;font-size: 10px;line-height: normal\"><span><span style=\"font-size: 12px\"><b>Energia \/ Valor energ&eacute;tico \/ Energy<\/b><\/span><\/span><\/p>\n<\/td>\n<td style=\"border-style: solid;width: 232px;height: 14px;padding: 4px\" valign=\"top\">\n<p style=\"margin: 0px;text-align: center;font-size: 10px;line-height: normal\"><span><span style=\"font-size: 12px\">337 kcal<\/span><\/span><\/p>\n<\/td>\n<\/tr>\n<tr>\n<td style=\"border-style: solid;width: 232px;height: 13px;padding: 4px\" valign=\"top\">\n<p style=\"margin: 0px;font-size: 10px;line-height: normal\"><span><span style=\"font-size: 12px\"><b>L&iacute;pidos \/ L&iacute;pidos \/ Lipids<\/b><\/span><\/span><\/p>\n<\/td>\n<td style=\"border-style: solid;width: 232px;height: 13px;padding: 4px\" valign=\"top\">\n<p style=\"margin: 0px;text-align: center;font-size: 10px;line-height: normal\"><span><span style=\"font-size: 12px\">0 g<\/span><\/span><\/p>\n<\/td>\n<\/tr>\n<tr>\n<td style=\"border-style: solid;width: 232px;height: 14px;padding: 4px\" valign=\"top\">\n<p style=\"margin: 0px;font-size: 10px;line-height: normal\"><span><span style=\"font-size: 12px\">&nbsp; &nbsp; &nbsp; &nbsp; &nbsp; &nbsp; Saturados \/ Saturados \/ Saturates<\/span><\/span><\/p>\n<\/td>\n<td style=\"border-style: solid;width: 232px;height: 14px;padding: 4px\" valign=\"top\">\n<p style=\"margin: 0px;text-align: center;font-size: 10px;line-height: normal\"><span><span style=\"font-size: 12px\">0 g<\/span><\/span><\/p>\n<\/td>\n<\/tr>\n<tr>\n<td style=\"border-style: solid;width: 232px;height: 23px;padding: 4px\" valign=\"top\">\n<p style=\"margin: 0px;font-size: 10px;line-height: normal\"><span><span style=\"font-size: 12px\"><b>Hidratos de Carbono \/ Hidratos de Carbono \/ Carbohydrates<\/b><\/span><\/span><\/p>\n<\/td>\n<td style=\"border-style: solid;width: 232px;height: 23px;padding: 4px\" valign=\"top\">\n<p style=\"margin: 0px;text-align: center;font-size: 10px;line-height: normal\"><span><span style=\"font-size: 12px\">0 g<\/span><\/span><\/p>\n<\/td>\n<\/tr>\n<tr>\n<td style=\"border-style: solid;width: 232px;height: 14px;padding: 4px\" valign=\"top\">\n<p style=\"margin: 0px;font-size: 10px;line-height: normal\"><span><span style=\"font-size: 12px\">&nbsp; &nbsp; &nbsp; &nbsp; &nbsp; &nbsp; A&ccedil;&uacute;cares \/ Az&uacute;cares \/ Sugars<\/span><\/span><\/p>\n<\/td>\n<td style=\"border-style: solid;width: 232px;height: 14px;padding: 4px\" valign=\"top\">\n<p style=\"margin: 0px;text-align: center;font-size: 10px;line-height: normal\"><span><span style=\"font-size: 12px\">0 g<\/span><\/span><\/p>\n<\/td>\n<\/tr>\n<tr>\n<td style=\"border-style: solid;width: 232px;height: 14px;padding: 4px\" valign=\"top\">\n<p style=\"margin: 0px;font-size: 10px;line-height: normal\"><span><span style=\"font-size: 12px\"><b>Fibra \/ Fibra alimentaria \/ Fiber&nbsp;<\/b><\/span><\/span><\/p>\n<\/td>\n<td style=\"border-style: solid;width: 232px;height: 14px;padding: 4px\" valign=\"top\">\n<p style=\"margin: 0px;text-align: center;font-size: 10px;line-height: normal\"><span><span style=\"font-size: 12px\">0&nbsp;g<\/span><\/span><\/p>\n<\/td>\n<\/tr>\n<tr>\n<td style=\"border-style: solid;width: 232px;height: 13px;padding: 4px\" valign=\"top\">\n<p style=\"margin: 0px;font-size: 10px;line-height: normal\"><span><span style=\"font-size: 12px\"><b>Prote&iacute;nas \/ Prote&iacute;nas \/ Protein<\/b><\/span><\/span><\/p>\n<\/td>\n<td style=\"border-style: solid;width: 232px;height: 13px;padding: 4px\" valign=\"top\">\n<p style=\"margin: 0px;text-align: center;font-size: 10px;line-height: normal\"><span><span style=\"font-size: 12px\">&ge; 86&nbsp;<\/span><\/span><\/p>\n<\/td>\n<\/tr>\n<tr>\n<td style=\"border-style: solid;width: 232px;height: 14px;padding: 4px\" valign=\"top\">\n<p style=\"margin: 0px;font-size: 10px;line-height: normal;font-family: Helvetica\"><span style=\"font-size: 12px\"><b>Sal \/ Sal \/ Salt<\/b><\/span><\/p>\n<\/td>\n<td style=\"border-style: solid;width: 232px;height: 14px;padding: 4px\" valign=\"top\">\n<p style=\"margin: 0px;text-align: center;font-size: 10px;line-height: normal\"><span><span style=\"font-size: 12px\">0,07&nbsp;g<\/span><\/span><\/p>\n<\/td>\n<\/tr>\n<\/tbody>\n<\/table>\n<\/div>\n","protected":false},"excerpt":{"rendered":"<p>Gelatina alimentar de origem su\u00edna com alta for\u00e7a gelificante e granulometria fina e uniforme, adequada para aplica\u00e7\u00f5es profissionais que exigem estabilidade e regularidade no processo.<\/p>\n","protected":false},"featured_media":393905,"comment_status":"open","ping_status":"closed","template":"","meta":{"_acf_changed":false,"_joinchat":[]},"pwb-brand":[],"product_brand":[],"product_cat":[1959,1829,1844],"product_tag":[],"class_list":{"0":"post-393906","1":"product","2":"type-product","3":"status-publish","4":"has-post-thumbnail","6":"product_cat-aditivos","7":"product_cat-ingredientes","8":"product_cat-ingredientes-reposteria","10":"first","11":"instock","12":"taxable","13":"shipping-taxable","14":"purchasable","15":"product-type-simple"},"acf":[],"df_price":11.95,"df_sale_price":"","df_regular_price":11.95,"df_image_link":"https:\/\/e622tfk5wxd.exactdn.com\/wp-content\/uploads\/2026\/04\/img_28719_e946f1d28a33bd282fb0176aeef3d4aa_1.jpg?strip=all&fit=300%2C300","brands":[],"_links":{"self":[{"href":"https:\/\/glotomania.com\/pt-pt\/wp-json\/wp\/v2\/product\/393906","targetHints":{"allow":["GET"]}}],"collection":[{"href":"https:\/\/glotomania.com\/pt-pt\/wp-json\/wp\/v2\/product"}],"about":[{"href":"https:\/\/glotomania.com\/pt-pt\/wp-json\/wp\/v2\/types\/product"}],"replies":[{"embeddable":true,"href":"https:\/\/glotomania.com\/pt-pt\/wp-json\/wp\/v2\/comments?post=393906"}],"wp:featuredmedia":[{"embeddable":true,"href":"https:\/\/glotomania.com\/pt-pt\/wp-json\/wp\/v2\/media\/393905"}],"wp:attachment":[{"href":"https:\/\/glotomania.com\/pt-pt\/wp-json\/wp\/v2\/media?parent=393906"}],"wp:term":[{"taxonomy":"pwb-brand","embeddable":true,"href":"https:\/\/glotomania.com\/pt-pt\/wp-json\/wp\/v2\/pwb-brand?post=393906"},{"taxonomy":"product_brand","embeddable":true,"href":"https:\/\/glotomania.com\/pt-pt\/wp-json\/wp\/v2\/product_brand?post=393906"},{"taxonomy":"product_cat","embeddable":true,"href":"https:\/\/glotomania.com\/pt-pt\/wp-json\/wp\/v2\/product_cat?post=393906"},{"taxonomy":"product_tag","embeddable":true,"href":"https:\/\/glotomania.com\/pt-pt\/wp-json\/wp\/v2\/product_tag?post=393906"}],"curies":[{"name":"wp","href":"https:\/\/api.w.org\/{rel}","templated":true}]}}