{"id":393986,"date":"2026-04-14T08:05:48","date_gmt":"2026-04-14T08:05:48","guid":{"rendered":"https:\/\/glotomania.com\/p\/tapete-de-fibra-de-vidrio-para-macarons-silikomart-30-x-40-cm-2\/"},"modified":"2026-04-14T08:06:01","modified_gmt":"2026-04-14T08:06:01","slug":"tapete-de-fibra-de-vidrio-para-macarons-silikomart-30-x-40-cm-2","status":"publish","type":"product","link":"https:\/\/glotomania.com\/pt-pt\/p\/tapete-de-fibra-de-vidrio-para-macarons-silikomart-30-x-40-cm-2\/","title":{"rendered":"Tapete De Fibra De Vidro Para Macarons Silikomart &#8211; 30 X 40 Cm"},"content":{"rendered":"<div>&nbsp;<\/div>\n<div><span style=\"font-size:14px\"><span style=\"color:#000000\">Tapete de forno concebido para obter resultados precisos e pr&aacute;ticos em pastelaria. Gra&ccedil;as ao seu <strong>n&uacute;cleo de fibra de vidro<\/strong> e &agrave; sua <strong>superf&iacute;cie antiaderente<\/strong>, permite trabalhar massas delicadas com maior facilidade, evitando que se peguem e eliminando a necessidade de utilizar gordura ou farinha.<\/span><\/span><\/div>\n<div>\n<span style=\"font-size:14px\"><span style=\"color:#000000\">&Eacute; uma op&ccedil;&atilde;o especialmente indicada para a prepara&ccedil;&atilde;o de macarons, pois ajuda a manter uma superf&iacute;cie de trabalho limpa e pr&aacute;tica durante a cozedura. Al&eacute;m disso, tamb&eacute;m &eacute; muito &uacute;til para estender ma&ccedil;ap&atilde;o, chocolate para modelar e outras massas ou prepara&ccedil;&otilde;es de pastelaria.<\/span><\/span><\/div>\n<div>\n<span style=\"font-size:14px\"><span style=\"color:#000000\">A sua <strong>resist&ecirc;ncia t&eacute;rmica de -60 &deg;C a +230 &deg;C<\/strong> torna-o um acess&oacute;rio vers&aacute;til tanto para prepara&ccedil;&otilde;es frias como para cozedura no forno.<\/span><\/span><\/div>\n<div>\n<span style=\"font-size:14px\"><span style=\"color:#000000\"><strong>Medidas aprox.: <\/strong>30 x 40 cm.<\/span><\/span><\/div>\n","protected":false},"excerpt":{"rendered":"<p>Tapete antiaderente Silikomart com n\u00facleo de fibra de vidro, ideal para assar macarons e trabalhar ma\u00e7ap\u00e3o ou chocolate para modelar. N\u00e3o necessita de gordura nem farinha e resiste a temperaturas de -60 \u00b0C a +230 \u00b0C.<\/p>\n","protected":false},"featured_media":0,"comment_status":"open","ping_status":"closed","template":"","meta":{"_acf_changed":false,"_joinchat":[]},"pwb-brand":[],"product_brand":[],"product_cat":[1820,1828,1767],"product_tag":[],"class_list":{"0":"post-393986","1":"product","2":"type-product","3":"status-publish","5":"product_cat-basicos","6":"product_cat-tapetes-silicona","7":"product_cat-utensilios","9":"first","10":"instock","11":"taxable","12":"shipping-taxable","13":"purchasable","14":"product-type-simple"},"acf":[],"df_price":28.7,"df_sale_price":"","df_regular_price":28.7,"df_image_link":"https:\/\/glotomania.com\/wp-content\/uploads\/2025\/11\/2922280_27002-1-300x300.webp","brands":[],"_links":{"self":[{"href":"https:\/\/glotomania.com\/pt-pt\/wp-json\/wp\/v2\/product\/393986","targetHints":{"allow":["GET"]}}],"collection":[{"href":"https:\/\/glotomania.com\/pt-pt\/wp-json\/wp\/v2\/product"}],"about":[{"href":"https:\/\/glotomania.com\/pt-pt\/wp-json\/wp\/v2\/types\/product"}],"replies":[{"embeddable":true,"href":"https:\/\/glotomania.com\/pt-pt\/wp-json\/wp\/v2\/comments?post=393986"}],"wp:attachment":[{"href":"https:\/\/glotomania.com\/pt-pt\/wp-json\/wp\/v2\/media?parent=393986"}],"wp:term":[{"taxonomy":"pwb-brand","embeddable":true,"href":"https:\/\/glotomania.com\/pt-pt\/wp-json\/wp\/v2\/pwb-brand?post=393986"},{"taxonomy":"product_brand","embeddable":true,"href":"https:\/\/glotomania.com\/pt-pt\/wp-json\/wp\/v2\/product_brand?post=393986"},{"taxonomy":"product_cat","embeddable":true,"href":"https:\/\/glotomania.com\/pt-pt\/wp-json\/wp\/v2\/product_cat?post=393986"},{"taxonomy":"product_tag","embeddable":true,"href":"https:\/\/glotomania.com\/pt-pt\/wp-json\/wp\/v2\/product_tag?post=393986"}],"curies":[{"name":"wp","href":"https:\/\/api.w.org\/{rel}","templated":true}]}}