{"id":394142,"date":"2026-04-15T14:11:57","date_gmt":"2026-04-15T14:11:57","guid":{"rendered":"https:\/\/glotomania.com\/p\/vela-cumpleanos-globo-plateada-numero-9\/"},"modified":"2026-04-15T14:11:57","modified_gmt":"2026-04-15T14:11:57","slug":"vela-cumpleanos-globo-plateada-numero-9-7","status":"publish","type":"product","link":"https:\/\/glotomania.com\/pt-pt\/p\/vela-cumpleanos-globo-plateada-numero-9-7\/","title":{"rendered":"Vela De Anivers\u00c1rio Bal\u00c3o Dourado &#8211; N\u00damero 5"},"content":{"rendered":"<p>&nbsp;<\/p>\n<p><span style=\"font-size: 14px\">Feito de cera de parafina met&aacute;lica.&nbsp;<\/span><\/p>\n<p><span style=\"font-size: 14px\"><strong>Medidas aproximadas:<\/strong>&nbsp;<u>Altura&nbsp;<\/u>8 cm &#8211;&nbsp;<u>Largura&nbsp;<\/u>5,8 cm &#8211;&nbsp;<u>Espessura&nbsp;<\/u>1,3 cm.<\/span><\/p>\n<p><span style=\"font-size: 14px\"><strong>Instru&ccedil;&otilde;es<\/strong>:<\/span><\/p>\n<ol>\n<li>Colocar a vela em posi&ccedil;&atilde;o vertical.&nbsp;<\/li>\n<li><span style=\"font-size: 14px\">Deixar sempre pelo menos 5 cm entre velas acesas.<\/span><\/li>\n<li><span style=\"font-size: 14px\">Ter muito cuidado ao acender as velas.<\/span><\/li>\n<li><span style=\"font-size: 14px\">Evite mover uma vela acesa.<\/span><\/li>\n<li><span style=\"font-size: 14px\">Apagar a vela antes que esta atinja 1 cm acima do bolo.<\/span><\/li>\n<li><span style=\"font-size: 14px\">Assegurar que nenhuma parte das velas caia sobre o bolo e que&nbsp;todos os detritos sejam removidos de forma limpa.&nbsp;&nbsp;<\/span><\/li>\n<\/ol>\n<p><span style=\"font-size: 14px\"><strong>Cuidado:<\/strong><\/span><\/p>\n<ul>\n<li>Nunca deixar uma vela acesa sem vigil&acirc;ncia.<\/li>\n<li><span style=\"font-size: 14px\">Queimar a vela fora do alcance das crian&ccedil;as e dos animais.<\/span><\/li>\n<li><span style=\"font-size: 14px\">N&atilde;o queimar a vela sobre ou perto de algo que possa pegar fogo.<\/span><\/li>\n<li><span style=\"font-size: 14px\">N&atilde;o colocar velas perto de uma fonte de calor.<\/span><\/li>\n<\/ul>\n<p>&nbsp;<\/p>\n","protected":false},"excerpt":{"rendered":"<p>Vela de anivers\u00e1rio em forma de bal\u00e3o de cor dourada, ideal para dar um toque elegante e original aos anivers\u00e1rios.<\/p>\n","protected":false},"featured_media":35294,"comment_status":"open","ping_status":"closed","template":"","meta":{"_acf_changed":false,"_joinchat":[]},"pwb-brand":[],"product_brand":[],"product_cat":[3200,2907,3087,3210,3209],"product_tag":[],"class_list":{"0":"post-394142","1":"product","2":"type-product","3":"status-publish","4":"has-post-thumbnail","6":"product_cat-decoracoes-nao-comestiveis","7":"product_cat-festas","8":"product_cat-ordem-e-armazenamento","9":"product_cat-velas-de-numeros","10":"product_cat-velas-para-bolos","12":"first","13":"instock","14":"taxable","15":"shipping-taxable","16":"purchasable","17":"product-type-simple"},"acf":[],"df_price":1.95,"df_sale_price":"","df_regular_price":1.95,"df_image_link":"https:\/\/glotomania.com\/wp-content\/uploads\/2022\/09\/img_16451_cdf4732c80957e95f3ec69b028171474_1-300x300.png","brands":[],"_links":{"self":[{"href":"https:\/\/glotomania.com\/pt-pt\/wp-json\/wp\/v2\/product\/394142","targetHints":{"allow":["GET"]}}],"collection":[{"href":"https:\/\/glotomania.com\/pt-pt\/wp-json\/wp\/v2\/product"}],"about":[{"href":"https:\/\/glotomania.com\/pt-pt\/wp-json\/wp\/v2\/types\/product"}],"replies":[{"embeddable":true,"href":"https:\/\/glotomania.com\/pt-pt\/wp-json\/wp\/v2\/comments?post=394142"}],"wp:featuredmedia":[{"embeddable":true,"href":"https:\/\/glotomania.com\/pt-pt\/wp-json\/wp\/v2\/media\/35294"}],"wp:attachment":[{"href":"https:\/\/glotomania.com\/pt-pt\/wp-json\/wp\/v2\/media?parent=394142"}],"wp:term":[{"taxonomy":"pwb-brand","embeddable":true,"href":"https:\/\/glotomania.com\/pt-pt\/wp-json\/wp\/v2\/pwb-brand?post=394142"},{"taxonomy":"product_brand","embeddable":true,"href":"https:\/\/glotomania.com\/pt-pt\/wp-json\/wp\/v2\/product_brand?post=394142"},{"taxonomy":"product_cat","embeddable":true,"href":"https:\/\/glotomania.com\/pt-pt\/wp-json\/wp\/v2\/product_cat?post=394142"},{"taxonomy":"product_tag","embeddable":true,"href":"https:\/\/glotomania.com\/pt-pt\/wp-json\/wp\/v2\/product_tag?post=394142"}],"curies":[{"name":"wp","href":"https:\/\/api.w.org\/{rel}","templated":true}]}}