{"id":394429,"date":"2026-04-17T04:09:40","date_gmt":"2026-04-17T04:09:40","guid":{"rendered":"https:\/\/glotomania.com\/p\/azucar-perlado-pastkolor-300-g\/"},"modified":"2026-04-17T04:09:41","modified_gmt":"2026-04-17T04:09:41","slug":"azucar-perlado-pastkolor-300-g-4","status":"publish","type":"product","link":"https:\/\/glotomania.com\/pt-pt\/p\/azucar-perlado-pastkolor-300-g-4\/","title":{"rendered":"A\u00c7\u00dacar Perlado Pastkolor \u2013 10 Kg"},"content":{"rendered":"<div>&nbsp;<\/div>\n<div><span style=\"font-size:14px\"><span style=\"color:#000000\">Ideal para padarias, pastelarias e produ&ccedil;&atilde;o em volume. Apresenta granulometria P2 (m&eacute;dio-grande), perfeita para aplica&ccedil;&otilde;es vis&iacute;veis na superf&iacute;cie. A sua <strong>resist&ecirc;ncia ao calor<\/strong> permite manter a estrutura dos cristais durante o forno, proporcionando o <strong>efeito crocante<\/strong> valorizado na pastelaria tradicional.<\/span><\/span><br \/>\n&nbsp;<\/div>\n<div><span style=\"font-size:14px\"><span style=\"color:#000000\"><strong>Caracter&iacute;sticas principais:<\/strong><\/span><\/span><\/div>\n<ul>\n<li><span style=\"font-size:14px\"><span style=\"color:#000000\">Grande estabilidade estrutural.<\/span><\/span><\/li>\n<li><span style=\"font-size:14px\"><span style=\"color:#000000\">Acabamento decorativo profissional com textura crocante.<\/span><\/span><\/li>\n<li><span style=\"font-size:14px\"><span style=\"color:#000000\">Sabor neutro.<\/span><\/span><\/li>\n<li><span style=\"font-size:14px\"><span style=\"color:#000000\">Cristais resistentes ao forno, n&atilde;o derrete facilmente.<\/span><\/span><\/li>\n<\/ul>\n<div><span style=\"font-size:14px\"><span style=\"color:#000000\"><strong>Aplica&ccedil;&otilde;es recomendadas:<\/strong><\/span><\/span><\/div>\n<ul>\n<li><span style=\"font-size:14px\"><span style=\"color:#000000\">Waffles.<\/span><\/span><\/li>\n<li><span style=\"font-size:14px\"><span style=\"color:#000000\">Pastelaria.<\/span><\/span><\/li>\n<li><span style=\"font-size:14px\"><span style=\"color:#000000\">Brioches e Bolo Rei.<\/span><\/span><\/li>\n<li><span style=\"font-size:14px\"><span style=\"color:#000000\">Ensaimadas.<\/span><\/span><\/li>\n<li><span style=\"font-size:14px\"><span style=\"color:#000000\">P&atilde;o doce.<\/span><\/span><\/li>\n<li><span style=\"font-size:14px\"><span style=\"color:#000000\">Decora&ccedil;&atilde;o de massas fermentadas.<\/span><\/span><\/li>\n<li><span style=\"font-size:14px\"><span style=\"color:#000000\">Produtos artesanais e industriais.<\/span><\/span><\/li>\n<\/ul>\n","protected":false},"excerpt":{"rendered":"<p>A\u00e7\u00facar granulado grosso de alta qualidade, especialmente desenvolvido para aplica\u00e7\u00f5es profissionais em padaria e pastelaria. Os seus cristais grandes e resistentes ao calor mant\u00eam a forma durante a cozedura, proporcionando textura crocante e acabamento decorativo caracter\u00edstico.<\/p>\n","protected":false},"featured_media":385986,"comment_status":"open","ping_status":"closed","template":"","meta":{"_acf_changed":false},"pwb-brand":[],"product_brand":[],"product_cat":[3022,2907,3018,2920,2921,2996,3004,2905],"product_tag":[],"class_list":{"0":"post-394429","1":"product","2":"type-product","3":"status-publish","4":"has-post-thumbnail","6":"product_cat-acucar-2","7":"product_cat-festas","8":"product_cat-ingredientes-de-pastelaria-2","9":"product_cat-natal-2","10":"product_cat-pascoa","11":"product_cat-produtos-vegetarianos","12":"product_cat-sem-gluten-2","13":"product_cat-data-de-expiracao-proxima","15":"first","16":"instock","17":"taxable","18":"shipping-taxable","19":"purchasable","20":"product-type-simple"},"acf":[],"df_price":57.48,"df_sale_price":"","df_regular_price":57.48,"df_image_link":"https:\/\/glotomania.com\/wp-content\/uploads\/2026\/03\/img_28471_43a2d8a4caf96a762f09fd47c2879f58_1.jpg","brands":[],"_links":{"self":[{"href":"https:\/\/glotomania.com\/pt-pt\/wp-json\/wp\/v2\/product\/394429","targetHints":{"allow":["GET"]}}],"collection":[{"href":"https:\/\/glotomania.com\/pt-pt\/wp-json\/wp\/v2\/product"}],"about":[{"href":"https:\/\/glotomania.com\/pt-pt\/wp-json\/wp\/v2\/types\/product"}],"replies":[{"embeddable":true,"href":"https:\/\/glotomania.com\/pt-pt\/wp-json\/wp\/v2\/comments?post=394429"}],"wp:featuredmedia":[{"embeddable":true,"href":"https:\/\/glotomania.com\/pt-pt\/wp-json\/wp\/v2\/media\/385986"}],"wp:attachment":[{"href":"https:\/\/glotomania.com\/pt-pt\/wp-json\/wp\/v2\/media?parent=394429"}],"wp:term":[{"taxonomy":"pwb-brand","embeddable":true,"href":"https:\/\/glotomania.com\/pt-pt\/wp-json\/wp\/v2\/pwb-brand?post=394429"},{"taxonomy":"product_brand","embeddable":true,"href":"https:\/\/glotomania.com\/pt-pt\/wp-json\/wp\/v2\/product_brand?post=394429"},{"taxonomy":"product_cat","embeddable":true,"href":"https:\/\/glotomania.com\/pt-pt\/wp-json\/wp\/v2\/product_cat?post=394429"},{"taxonomy":"product_tag","embeddable":true,"href":"https:\/\/glotomania.com\/pt-pt\/wp-json\/wp\/v2\/product_tag?post=394429"}],"curies":[{"name":"wp","href":"https:\/\/api.w.org\/{rel}","templated":true}]}}