{"id":394579,"date":"2026-04-17T12:03:14","date_gmt":"2026-04-17T12:03:14","guid":{"rendered":"https:\/\/glotomania.com\/p\/scraper-alisador-acero-angulo-recto-n1\/"},"modified":"2026-04-17T12:03:15","modified_gmt":"2026-04-17T12:03:15","slug":"scraper-alisador-acero-angulo-recto-n1","status":"publish","type":"product","link":"https:\/\/glotomania.com\/pt-pt\/p\/scraper-alisador-acero-angulo-recto-n1\/","title":{"rendered":"Raspador De Alisamento De A\u00c7o &#8211; \u00c2ngulo Recto N1"},"content":{"rendered":"<p>\n<span style=\"font-size: 14px\">Ideal para espalhar ganaches, natas, creme de manteiga, cobertura real,&#8230; e suavizar o contorno dos nossos bolos. Pode ser utilizado com bolos de diferentes di&acirc;metros, basta ajust&aacute;-lo &agrave; altura desejada.&nbsp;<\/span><\/p>\n<p><span style=\"font-size: 14px\">Fabricado em a&ccedil;o inoxid&aacute;vel de qualidade AISI 304, adequado para uso alimentar.&nbsp;<\/span><\/p>\n<p><span style=\"font-size: 14px\"><strong>M&eacute;todo de utiliza&ccedil;&atilde;o:<\/strong>&nbsp;colocar o bolo sobre uma base rotativa, mantendo o raspador perto da borda e rodando a base.<\/span><\/p>\n<p><span style=\"font-size: 14px\"><strong>Medidas<\/strong>: 18,4 cm Comprimento &#8211; 14,6 cm Largura &#8211; 15,9 cm Altura do bolo.<\/span><\/p>\n","protected":false},"excerpt":{"rendered":"<p>Raspador de contorno em a\u00e7o inoxid\u00e1vel, ideal para criar desenhos de bolos cil\u00edndricos e alisar a superf\u00edcie.<\/p>\n","protected":false},"featured_media":153994,"comment_status":"open","ping_status":"closed","template":"","meta":{"_acf_changed":false},"pwb-brand":[],"product_brand":[],"product_cat":[1943],"product_tag":[],"class_list":{"0":"post-394579","1":"product","2":"type-product","3":"status-publish","4":"has-post-thumbnail","6":"product_cat-espatulas-y-alisadores","8":"first","9":"instock","10":"taxable","11":"shipping-taxable","12":"purchasable","13":"product-type-simple"},"acf":[],"df_price":8.45,"df_sale_price":"","df_regular_price":8.45,"df_image_link":"https:\/\/glotomania.com\/wp-content\/uploads\/2025\/09\/img_17412_83fa229def435115b4bc52daaf920313_1-300x300.png","brands":[],"_links":{"self":[{"href":"https:\/\/glotomania.com\/pt-pt\/wp-json\/wp\/v2\/product\/394579","targetHints":{"allow":["GET"]}}],"collection":[{"href":"https:\/\/glotomania.com\/pt-pt\/wp-json\/wp\/v2\/product"}],"about":[{"href":"https:\/\/glotomania.com\/pt-pt\/wp-json\/wp\/v2\/types\/product"}],"replies":[{"embeddable":true,"href":"https:\/\/glotomania.com\/pt-pt\/wp-json\/wp\/v2\/comments?post=394579"}],"wp:featuredmedia":[{"embeddable":true,"href":"https:\/\/glotomania.com\/pt-pt\/wp-json\/wp\/v2\/media\/153994"}],"wp:attachment":[{"href":"https:\/\/glotomania.com\/pt-pt\/wp-json\/wp\/v2\/media?parent=394579"}],"wp:term":[{"taxonomy":"pwb-brand","embeddable":true,"href":"https:\/\/glotomania.com\/pt-pt\/wp-json\/wp\/v2\/pwb-brand?post=394579"},{"taxonomy":"product_brand","embeddable":true,"href":"https:\/\/glotomania.com\/pt-pt\/wp-json\/wp\/v2\/product_brand?post=394579"},{"taxonomy":"product_cat","embeddable":true,"href":"https:\/\/glotomania.com\/pt-pt\/wp-json\/wp\/v2\/product_cat?post=394579"},{"taxonomy":"product_tag","embeddable":true,"href":"https:\/\/glotomania.com\/pt-pt\/wp-json\/wp\/v2\/product_tag?post=394579"}],"curies":[{"name":"wp","href":"https:\/\/api.w.org\/{rel}","templated":true}]}}