{"id":394741,"date":"2026-04-18T02:13:27","date_gmt":"2026-04-18T02:13:27","guid":{"rendered":"https:\/\/glotomania.com\/p\/set-10-cajas-para-tarta-4-alturas-ajustables-20-cm-2\/"},"modified":"2026-04-18T02:13:33","modified_gmt":"2026-04-18T02:13:33","slug":"set-10-cajas-para-tarta-4-alturas-ajustables-20-cm-2","status":"publish","type":"product","link":"https:\/\/glotomania.com\/pt-pt\/p\/set-10-cajas-para-tarta-4-alturas-ajustables-20-cm-2\/","title":{"rendered":"Conjunto De 10 Caixas Para Bolos &#8211; 4 Alturas Ajust\u00c1veis &#8211; 20 Cm"},"content":{"rendered":"<p>&nbsp;<\/p>\n<p><span style=\"color:#000000\"><span style=\"font-size:14px\">A caixa &eacute; composta por duas partes (base e tampa) e &eacute; enviada desmontada para evitar danos durante o transporte.<\/span><\/span><\/p>\n<p><span style=\"color:#000000\"><span style=\"font-size:14px\">Feita em cart&atilde;o resistente, pr&oacute;prio para alimentos.<\/span><\/span><\/p>\n<p><span style=\"color:#000000\"><span style=\"font-size:14px\"><strong>Dimens&otilde;es aproximadas: <\/strong>20&nbsp;x 20&nbsp;cm &#8211; Alturas:<strong> <\/strong><\/span><\/span><span style=\"font-family: Helvetica;font-size: 14px\">20 \/ 21<\/span><span style=\"font-family: Helvetica;font-size: 14px\">&nbsp;\/ 23,5 \/ 26<\/span><span style=\"font-family: Helvetica;font-size: 14px\">&nbsp;cm.<\/span><\/p>\n<p><em><span style=\"color:#000000\"><span style=\"font-size:14px\">Vendida em embalagens de 10 unidades, protegidas por pl&aacute;stico bolha.<\/span><\/span><\/em><\/p><\/p>\n","protected":false},"excerpt":{"rendered":"<p>Inclui 10 caixas brancas de qualidade profissional feitas de cart\u00e3o resistente, ideais para o cuidado e transporte das suas cria\u00e7\u00f5es.<\/p>\n","protected":false},"featured_media":0,"comment_status":"open","ping_status":"closed","template":"","meta":{"_acf_changed":false},"pwb-brand":[],"product_brand":[],"product_cat":[1931,1782,1783,1767],"product_tag":[],"class_list":{"0":"post-394741","1":"product","2":"type-product","3":"status-publish","5":"product_cat-cajas-altura-ajustable","6":"product_cat-cajas","7":"product_cat-cajas-tartas","8":"product_cat-utensilios","10":"first","11":"instock","12":"taxable","13":"shipping-taxable","14":"purchasable","15":"product-type-simple"},"acf":[],"df_price":10.5,"df_sale_price":"","df_regular_price":10.5,"df_image_link":"https:\/\/glotomania.com\/wp-content\/uploads\/2025\/11\/2922280_27002-1-300x300.webp","brands":[],"_links":{"self":[{"href":"https:\/\/glotomania.com\/pt-pt\/wp-json\/wp\/v2\/product\/394741","targetHints":{"allow":["GET"]}}],"collection":[{"href":"https:\/\/glotomania.com\/pt-pt\/wp-json\/wp\/v2\/product"}],"about":[{"href":"https:\/\/glotomania.com\/pt-pt\/wp-json\/wp\/v2\/types\/product"}],"replies":[{"embeddable":true,"href":"https:\/\/glotomania.com\/pt-pt\/wp-json\/wp\/v2\/comments?post=394741"}],"wp:attachment":[{"href":"https:\/\/glotomania.com\/pt-pt\/wp-json\/wp\/v2\/media?parent=394741"}],"wp:term":[{"taxonomy":"pwb-brand","embeddable":true,"href":"https:\/\/glotomania.com\/pt-pt\/wp-json\/wp\/v2\/pwb-brand?post=394741"},{"taxonomy":"product_brand","embeddable":true,"href":"https:\/\/glotomania.com\/pt-pt\/wp-json\/wp\/v2\/product_brand?post=394741"},{"taxonomy":"product_cat","embeddable":true,"href":"https:\/\/glotomania.com\/pt-pt\/wp-json\/wp\/v2\/product_cat?post=394741"},{"taxonomy":"product_tag","embeddable":true,"href":"https:\/\/glotomania.com\/pt-pt\/wp-json\/wp\/v2\/product_tag?post=394741"}],"curies":[{"name":"wp","href":"https:\/\/api.w.org\/{rel}","templated":true}]}}