{"id":395327,"date":"2026-04-23T02:14:23","date_gmt":"2026-04-23T02:14:23","guid":{"rendered":"https:\/\/glotomania.com\/p\/p-caduc-crema-de-chocolate-y-avellana-pastkolor-300-g-2\/"},"modified":"2026-04-23T02:14:29","modified_gmt":"2026-04-23T02:14:29","slug":"p-caduc-crema-de-chocolate-y-avellana-pastkolor-300-g-2-5","status":"publish","type":"product","link":"https:\/\/glotomania.com\/pt-pt\/p\/p-caduc-crema-de-chocolate-y-avellana-pastkolor-300-g-2-5\/","title":{"rendered":"[p. Caduc.] Creme De Chocolate E Avel\u00c3 Pastkolor &#8211; 300 G"},"content":{"rendered":"<p>&nbsp;<\/p>\n<p><span style=\"color:#000000\"><span style=\"font-size:14px\">O seu sabor faz lembrar o cl&aacute;ssico creme de Nutella.<\/span><\/span><\/p>\n<p><span style=\"color:#000000\"><span style=\"font-size:14px\">Ideal como cobertura ou recheio de bolos e pastelaria, a sua textura suave espalha-se facilmente com uma esp&aacute;tula, criando acabamentos profissionais e deliciosos. Tamb&eacute;m pode encher um saco de pasteleiro e decorar com diferentes bicos, ou espalhar em tostas e mergulhar para um snack saboroso.<\/span><\/span><\/p>\n<p><span style=\"color:#000000\"><span style=\"font-size:14px\"><strong>Aten&ccedil;&atilde;o:<\/strong>&nbsp;&eacute; natural que haja alguma separa&ccedil;&atilde;o de gordura, basta misturar antes de utilizar para garantir uma mistura homog&eacute;nea.&nbsp;<\/span><\/span><\/p>\n<div>\n<table cellpadding=\"0\" cellspacing=\"0\" style=\"border-collapse: collapse\">\n<tbody>\n<tr>\n<td style=\"border-style: solid;width: 232px;height: 23px;padding: 4px\" valign=\"top\">\n<p style=\"margin: 0px;font-size: 10px;line-height: normal;text-align: center\"><span style=\"color:#000000\"><span style=\"font-size: 12px\"><b>Componentes \/ Componentes \/ Components&nbsp;<\/b><\/span><\/span><\/p>\n<\/td>\n<td style=\"border-style: solid;width: 232px;height: 23px;padding: 4px\" valign=\"top\">\n<p style=\"margin: 0px;font-size: 10px;line-height: normal;text-align: center\"><span style=\"color:#000000\"><span style=\"font-size: 12px\"><b>Quantidade por 100g \/ Cantidad por 100g \/&nbsp;<\/b><\/span><span style=\"font-size: 12px\"><b>Quantity per 100g<\/b><\/span><\/span><\/p>\n<\/td>\n<\/tr>\n<tr>\n<td style=\"border-style: solid;width: 232px;height: 14px;padding: 4px\" valign=\"top\">\n<p style=\"margin: 0px;font-size: 10px;line-height: normal;font-family:\"><span style=\"color:#000000\"><span style=\"font-size: 12px\"><b>Energia \/ Valor energ&eacute;tico \/ Energy<\/b><\/span><\/span><\/p>\n<\/td>\n<td style=\"border-style: solid;width: 232px;height: 14px;padding: 4px\" valign=\"top\">\n<p style=\"margin: 0px;text-align: center;font-size: 10px;line-height: normal;font-family:\"><span style=\"color:#000000\"><span style=\"font-size: 12px\">2224 KJ<\/span><\/span><\/p>\n<\/td>\n<\/tr>\n<tr>\n<td style=\"border-style: solid;width: 232px;height: 14px;padding: 4px\" valign=\"top\">\n<p style=\"margin: 0px;font-size: 10px;line-height: normal;font-family:\"><span style=\"color:#000000\"><span style=\"font-size: 12px\"><b>Energia \/ Valor energ&eacute;tico \/ Energy<\/b><\/span><\/span><\/p>\n<\/td>\n<td style=\"border-style: solid;width: 232px;height: 14px;padding: 4px\" valign=\"top\">\n<p style=\"margin: 0px;text-align: center;font-size: 10px;line-height: normal;font-family:\"><span style=\"color:#000000\"><span style=\"font-size: 12px\">532 kcal<\/span><\/span><\/p>\n<\/td>\n<\/tr>\n<tr>\n<td style=\"border-style: solid;width: 232px;height: 13px;padding: 4px\" valign=\"top\">\n<p style=\"margin: 0px;font-size: 10px;line-height: normal;font-family:\"><span style=\"color:#000000\"><span style=\"font-size: 12px\"><b>L&iacute;pidos \/ L&iacute;pidos \/ Lipids<\/b><\/span><\/span><\/p>\n<\/td>\n<td style=\"border-style: solid;width: 232px;height: 13px;padding: 4px\" valign=\"top\">\n<p style=\"margin: 0px;text-align: center;font-size: 10px;line-height: normal;font-family:\"><span style=\"color:#000000\"><span style=\"font-size: 12px\">31,5 g<\/span><\/span><\/p>\n<\/td>\n<\/tr>\n<tr>\n<td style=\"border-style: solid;width: 232px;height: 14px;padding: 4px\" valign=\"top\">\n<p style=\"margin: 0px;font-size: 10px;line-height: normal;font-family:\"><span style=\"color:#000000\"><span style=\"font-size: 12px\">&nbsp; &nbsp; &nbsp; &nbsp; &nbsp; &nbsp; Saturados \/ Saturados \/ Saturates<\/span><\/span><\/p>\n<\/td>\n<td style=\"border-style: solid;width: 232px;height: 14px;padding: 4px\" valign=\"top\">\n<p style=\"margin: 0px;text-align: center;font-size: 10px;line-height: normal;font-family:\"><span style=\"color:#000000\"><span style=\"font-size: 12px\">5,2 g<\/span><\/span><\/p>\n<\/td>\n<\/tr>\n<tr>\n<td style=\"border-style: solid;width: 232px;height: 23px;padding: 4px\" valign=\"top\">\n<p style=\"margin: 0px;font-size: 10px;line-height: normal;font-family:\"><span style=\"color:#000000\"><span style=\"font-size: 12px\"><b>Hidratos de Carbono \/ Hidratos de Carbono \/ Carbohydrates<\/b><\/span><\/span><\/p>\n<\/td>\n<td style=\"border-style: solid;width: 232px;height: 23px;padding: 4px\" valign=\"top\">\n<p style=\"margin: 0px;text-align: center;font-size: 10px;line-height: normal;font-family:\"><span style=\"color:#000000\"><span style=\"font-size: 12px\">56,4 g<\/span><\/span><\/p>\n<\/td>\n<\/tr>\n<tr>\n<td style=\"border-style: solid;width: 232px;height: 14px;padding: 4px\" valign=\"top\">\n<p style=\"margin: 0px;font-size: 10px;line-height: normal;font-family:\"><span style=\"color:#000000\"><span style=\"font-size: 12px\">&nbsp; &nbsp; &nbsp; &nbsp; &nbsp; &nbsp; A&ccedil;&uacute;cares \/ Az&uacute;cares \/ Sugars<\/span><\/span><\/p>\n<\/td>\n<td style=\"border-style: solid;width: 232px;height: 14px;padding: 4px\" valign=\"top\">\n<p style=\"margin: 0px;text-align: center;font-size: 10px;line-height: normal;font-family:\"><span style=\"color:#000000\"><span style=\"font-size: 12px\">49,9 g<\/span><\/span><\/p>\n<\/td>\n<\/tr>\n<tr>\n<td style=\"border-style: solid;width: 232px;height: 14px;padding: 4px\" valign=\"top\">\n<p style=\"margin: 0px;font-size: 10px;line-height: normal;font-family:\"><span style=\"color:#000000\"><span style=\"font-size: 12px\"><b>Fibra \/ Fibra alimentaria \/ Fiber&nbsp;<\/b><\/span><\/span><\/p>\n<\/td>\n<td style=\"border-style: solid;width: 232px;height: 14px;padding: 4px\" valign=\"top\">\n<p style=\"margin: 0px;text-align: center;font-size: 10px;line-height: normal;font-family:\"><span style=\"color:#000000\"><span style=\"font-size: 12px\">0,4 g<\/span><\/span><\/p>\n<\/td>\n<\/tr>\n<tr>\n<td style=\"border-style: solid;width: 232px;height: 13px;padding: 4px\" valign=\"top\">\n<p style=\"margin: 0px;font-size: 10px;line-height: normal;font-family:\"><span style=\"color:#000000\"><span style=\"font-size: 12px\"><b>Prote&iacute;nas \/ Prote&iacute;nas \/ Protein<\/b><\/span><\/span><\/p>\n<\/td>\n<td style=\"border-style: solid;width: 232px;height: 13px;padding: 4px\" valign=\"top\">\n<p style=\"margin: 0px;text-align: center;font-size: 10px;line-height: normal;font-family:\"><span style=\"color:#000000\"><span style=\"font-size: 12px\">3,6 g<\/span><\/span><\/p>\n<\/td>\n<\/tr>\n<tr>\n<td style=\"border-style: solid;width: 232px;height: 14px;padding: 4px\" valign=\"top\">\n<p style=\"margin: 0px;font-size: 10px;line-height: normal;font-family: Helvetica\"><span style=\"color:#000000\"><span style=\"font-size: 12px\"><b>Sal \/ Sal \/ Salt<\/b><\/span><\/span><\/p>\n<\/td>\n<td style=\"border-style: solid;width: 232px;height: 14px;padding: 4px\" valign=\"top\">\n<p style=\"margin: 0px;text-align: center;font-size: 10px;line-height: normal;font-family:\"><span style=\"color:#000000\"><span style=\"font-size: 12px\">0,02 g<\/span><\/span><\/p>\n<\/td>\n<\/tr>\n<\/tbody>\n<\/table>\n<\/div>\n","protected":false},"excerpt":{"rendered":"<p>Mergulhe numa experi\u00eancia gustativa com o nosso irresist\u00edvel creme de chocolate e avel\u00e3, um verdadeiro deleite para os gulosos.<\/p>\n","protected":false},"featured_media":395326,"comment_status":"open","ping_status":"closed","template":"","meta":{"_acf_changed":false},"pwb-brand":[],"product_brand":[],"product_cat":[1838,1832,1829,1901],"product_tag":[],"class_list":{"0":"post-395327","1":"product","2":"type-product","3":"status-publish","4":"has-post-thumbnail","6":"product_cat-cremas","7":"product_cat-diestas-especiales","8":"product_cat-ingredientes","9":"product_cat-dieta-halal","11":"first","12":"instock","13":"taxable","14":"shipping-taxable","15":"purchasable","16":"product-type-simple"},"acf":[],"df_price":3.39,"df_sale_price":"","df_regular_price":3.39,"df_image_link":"https:\/\/glotomania.com\/wp-content\/uploads\/2026\/04\/img_28724_3a25edb71fc06605e2e4d1977916ba29_1.jpg","brands":[],"_links":{"self":[{"href":"https:\/\/glotomania.com\/pt-pt\/wp-json\/wp\/v2\/product\/395327","targetHints":{"allow":["GET"]}}],"collection":[{"href":"https:\/\/glotomania.com\/pt-pt\/wp-json\/wp\/v2\/product"}],"about":[{"href":"https:\/\/glotomania.com\/pt-pt\/wp-json\/wp\/v2\/types\/product"}],"replies":[{"embeddable":true,"href":"https:\/\/glotomania.com\/pt-pt\/wp-json\/wp\/v2\/comments?post=395327"}],"wp:featuredmedia":[{"embeddable":true,"href":"https:\/\/glotomania.com\/pt-pt\/wp-json\/wp\/v2\/media\/395326"}],"wp:attachment":[{"href":"https:\/\/glotomania.com\/pt-pt\/wp-json\/wp\/v2\/media?parent=395327"}],"wp:term":[{"taxonomy":"pwb-brand","embeddable":true,"href":"https:\/\/glotomania.com\/pt-pt\/wp-json\/wp\/v2\/pwb-brand?post=395327"},{"taxonomy":"product_brand","embeddable":true,"href":"https:\/\/glotomania.com\/pt-pt\/wp-json\/wp\/v2\/product_brand?post=395327"},{"taxonomy":"product_cat","embeddable":true,"href":"https:\/\/glotomania.com\/pt-pt\/wp-json\/wp\/v2\/product_cat?post=395327"},{"taxonomy":"product_tag","embeddable":true,"href":"https:\/\/glotomania.com\/pt-pt\/wp-json\/wp\/v2\/product_tag?post=395327"}],"curies":[{"name":"wp","href":"https:\/\/api.w.org\/{rel}","templated":true}]}}