{"id":395364,"date":"2026-04-24T12:04:45","date_gmt":"2026-04-24T12:04:45","guid":{"rendered":"https:\/\/glotomania.com\/p\/caja-para-tarta-corazones-san-valentin-kraft-23-cm\/"},"modified":"2026-04-24T12:04:45","modified_gmt":"2026-04-24T12:04:45","slug":"caja-para-tarta-corazones-san-valentin-kraft-23-cm","status":"publish","type":"product","link":"https:\/\/glotomania.com\/pt-pt\/p\/caja-para-tarta-corazones-san-valentin-kraft-23-cm\/","title":{"rendered":"Caixa De Bolo De Cora\u00c7\u00c3o De Dia Dos Namorados &#8211; 23 Cm"},"content":{"rendered":"<p>\n<span style=\"font-size:14px\">Com um design rom&acirc;ntico que celebra o Dia dos Namorados, esta caixa est&aacute; decorada com motivos que evocam o amor e a do&ccedil;ura desta data especial. Quer esteja a preparar um requintado bolo de chocolate, uma tarte de fruta ou uma sobremesa decorada, esta caixa garante que a sua obra-prima ter&aacute; um aspeto t&atilde;o espetacular como o seu sabor.<\/span><\/p>\n<p><span style=\"font-size:14px\">Fabricada em cart&atilde;o resistente, de qualidade alimentar, com uma janela de acetato. Fabricada com materiais de alta qualidade, a nossa caixa n&atilde;o s&oacute; proporciona uma apresenta&ccedil;&atilde;o espetacular, como tamb&eacute;m garante que o seu bolo chega ao destino em perfeitas condi&ccedil;&otilde;es.<\/span><\/p>\n<p><span style=\"font-size:14px\"><strong>Medidas<\/strong>: Comprimento 23&nbsp;cm &#8211; Largura 23&nbsp;cm &#8211; Altura 8 cm.<\/span><\/p>\n","protected":false},"excerpt":{"rendered":"<p>Caixa encantadora especialmente concebida para o Dia dos Namorados, com uma elegante janela de acetato em forma de cora\u00e7\u00e3o, perfeita para exibir as nossas deliciosas cria\u00e7\u00f5es.<\/p>\n","protected":false},"featured_media":35348,"comment_status":"open","ping_status":"closed","template":"","meta":{"_acf_changed":false},"pwb-brand":[],"product_brand":[],"product_cat":[3158,3178,2907,3087,2924],"product_tag":[],"class_list":{"0":"post-395364","1":"product","2":"type-product","3":"status-publish","4":"has-post-thumbnail","6":"product_cat-caixas-de-pastelaria","7":"product_cat-caixas-para-bolos-2","8":"product_cat-festas","9":"product_cat-ordem-e-armazenamento","10":"product_cat-sao-valentim-2","12":"first","13":"instock","14":"taxable","15":"shipping-taxable","16":"purchasable","17":"product-type-simple"},"acf":[],"df_price":1.3,"df_sale_price":"","df_regular_price":1.3,"df_image_link":"https:\/\/glotomania.com\/wp-content\/uploads\/2023\/07\/img_19680_1b642385ace8ffa44c651300e523ce45_1-300x300.png","brands":[],"_links":{"self":[{"href":"https:\/\/glotomania.com\/pt-pt\/wp-json\/wp\/v2\/product\/395364","targetHints":{"allow":["GET"]}}],"collection":[{"href":"https:\/\/glotomania.com\/pt-pt\/wp-json\/wp\/v2\/product"}],"about":[{"href":"https:\/\/glotomania.com\/pt-pt\/wp-json\/wp\/v2\/types\/product"}],"replies":[{"embeddable":true,"href":"https:\/\/glotomania.com\/pt-pt\/wp-json\/wp\/v2\/comments?post=395364"}],"wp:featuredmedia":[{"embeddable":true,"href":"https:\/\/glotomania.com\/pt-pt\/wp-json\/wp\/v2\/media\/35348"}],"wp:attachment":[{"href":"https:\/\/glotomania.com\/pt-pt\/wp-json\/wp\/v2\/media?parent=395364"}],"wp:term":[{"taxonomy":"pwb-brand","embeddable":true,"href":"https:\/\/glotomania.com\/pt-pt\/wp-json\/wp\/v2\/pwb-brand?post=395364"},{"taxonomy":"product_brand","embeddable":true,"href":"https:\/\/glotomania.com\/pt-pt\/wp-json\/wp\/v2\/product_brand?post=395364"},{"taxonomy":"product_cat","embeddable":true,"href":"https:\/\/glotomania.com\/pt-pt\/wp-json\/wp\/v2\/product_cat?post=395364"},{"taxonomy":"product_tag","embeddable":true,"href":"https:\/\/glotomania.com\/pt-pt\/wp-json\/wp\/v2\/product_tag?post=395364"}],"curies":[{"name":"wp","href":"https:\/\/api.w.org\/{rel}","templated":true}]}}