{"id":395392,"date":"2026-04-24T18:09:04","date_gmt":"2026-04-24T18:09:04","guid":{"rendered":"https:\/\/glotomania.com\/p\/caja-para-tarta-4-alturas-ajustables-blanco-40-x-35-cm\/"},"modified":"2026-04-24T18:09:05","modified_gmt":"2026-04-24T18:09:05","slug":"caja-para-tarta-4-alturas-ajustables-blanco-40-x-35-cm","status":"publish","type":"product","link":"https:\/\/glotomania.com\/pt-pt\/p\/caja-para-tarta-4-alturas-ajustables-blanco-40-x-35-cm\/","title":{"rendered":"Caixa De Bolos 4 Alturas Modul\u00c1veis &#8211; 40 X 35 Cm"},"content":{"rendered":"<p>\n<span style=\"font-size:14px\"><span style=\"color:#000000\">A caixa &eacute; constitu&iacute;da por 2 partes (base e tampa) e &eacute; enviada desmontada para evitar danos durante o transporte.<\/span><\/span><\/p>\n<p><span style=\"font-size:14px\"><span style=\"color:#000000\">Fabricado em cart&atilde;o resistente, adequado para uso alimentar.<\/span><\/span><\/p>\n<p><span style=\"font-size:14px\"><span style=\"color:#000000\"><strong>Medidas:&nbsp;<\/strong><span style=\"font-family: Helvetica\">40,6 x 35,5 cm &#8211; Alturas&nbsp;<\/span><span style=\"font-family: Helvetica\">20 \/ 22,5 \/ 26,7 \/ 31<\/span><span style=\"font-family: Helvetica\">&nbsp;cm.<\/span><\/span><\/span><\/p><\/p>\n","protected":false},"excerpt":{"rendered":"<p>Feito de cart\u00e3o resistente, ideal para o cuidado e transporte das suas cria\u00e7\u00f5es.<\/p>\n","protected":false},"featured_media":35265,"comment_status":"open","ping_status":"closed","template":"","meta":{"_acf_changed":false},"pwb-brand":[],"product_brand":[],"product_cat":[3158,3178,3180,3087],"product_tag":[],"class_list":{"0":"post-395392","1":"product","2":"type-product","3":"status-publish","4":"has-post-thumbnail","6":"product_cat-caixas-de-pastelaria","7":"product_cat-caixas-para-bolos-2","8":"product_cat-caixas-regulaveis-em-altura","9":"product_cat-ordem-e-armazenamento","11":"first","12":"instock","13":"taxable","14":"shipping-taxable","15":"purchasable","16":"product-type-simple"},"acf":[],"df_price":1.92,"df_sale_price":"","df_regular_price":1.92,"df_image_link":"https:\/\/glotomania.com\/wp-content\/uploads\/2024\/04\/img_23766_ff307f7aef6548fa4b200b4ff1c69e1d_1-300x300.png","brands":[],"_links":{"self":[{"href":"https:\/\/glotomania.com\/pt-pt\/wp-json\/wp\/v2\/product\/395392","targetHints":{"allow":["GET"]}}],"collection":[{"href":"https:\/\/glotomania.com\/pt-pt\/wp-json\/wp\/v2\/product"}],"about":[{"href":"https:\/\/glotomania.com\/pt-pt\/wp-json\/wp\/v2\/types\/product"}],"replies":[{"embeddable":true,"href":"https:\/\/glotomania.com\/pt-pt\/wp-json\/wp\/v2\/comments?post=395392"}],"wp:featuredmedia":[{"embeddable":true,"href":"https:\/\/glotomania.com\/pt-pt\/wp-json\/wp\/v2\/media\/35265"}],"wp:attachment":[{"href":"https:\/\/glotomania.com\/pt-pt\/wp-json\/wp\/v2\/media?parent=395392"}],"wp:term":[{"taxonomy":"pwb-brand","embeddable":true,"href":"https:\/\/glotomania.com\/pt-pt\/wp-json\/wp\/v2\/pwb-brand?post=395392"},{"taxonomy":"product_brand","embeddable":true,"href":"https:\/\/glotomania.com\/pt-pt\/wp-json\/wp\/v2\/product_brand?post=395392"},{"taxonomy":"product_cat","embeddable":true,"href":"https:\/\/glotomania.com\/pt-pt\/wp-json\/wp\/v2\/product_cat?post=395392"},{"taxonomy":"product_tag","embeddable":true,"href":"https:\/\/glotomania.com\/pt-pt\/wp-json\/wp\/v2\/product_tag?post=395392"}],"curies":[{"name":"wp","href":"https:\/\/api.w.org\/{rel}","templated":true}]}}