{"id":395402,"date":"2026-04-24T22:06:27","date_gmt":"2026-04-24T22:06:27","guid":{"rendered":"https:\/\/glotomania.com\/p\/caja-para-galletas-kraft-kraft-con-ventana-18-x-9-cm\/"},"modified":"2026-04-24T22:06:27","modified_gmt":"2026-04-24T22:06:27","slug":"caja-para-galletas-kraft-kraft-con-ventana-18-x-9-cm","status":"publish","type":"product","link":"https:\/\/glotomania.com\/pt-pt\/p\/caja-para-galletas-kraft-kraft-con-ventana-18-x-9-cm\/","title":{"rendered":"Caixa De Biscoitos Kraft Com Janela &#8211; 18 X 9 Cm"},"content":{"rendered":"<p>\n<span style=\"font-size: 14px\">Do seu lado tem uma&nbsp;<strong>janela&nbsp;<\/strong>de pl&aacute;stico transparente para a vis&atilde;o do produto. A sua elegante cor preta permite-lhe personaliz&aacute;-la, se assim o desejar.<\/span><\/p>\n<p><span style=\"font-size: 14px\"><strong>Fechamento de separadores&nbsp;<\/strong>f&aacute;cil de desdobrar e conveniente. Fabricado em cart&atilde;o resistente e janela de pl&aacute;stico, adequado para uso alimentar<\/span><\/p>\n<p><span style=\"font-size: 14px\"><strong>Medidas:&nbsp;<\/strong><\/span><span><span>22 x 12,5&nbsp;x 8 cm.<\/span><\/span><\/p>\n","protected":false},"excerpt":{"rendered":"<p>Caixa de cart\u00e3o pr\u00e1tica para biscoitos ou bolos, para transporte ou como inv\u00f3lucro.<\/p>\n","protected":false},"featured_media":365247,"comment_status":"open","ping_status":"closed","template":"","meta":{"_acf_changed":false},"pwb-brand":[],"product_brand":[],"product_cat":[3158,3168,3174,3087],"product_tag":[],"class_list":{"0":"post-395402","1":"product","2":"type-product","3":"status-publish","4":"has-post-thumbnail","6":"product_cat-caixas-de-pastelaria","7":"product_cat-caixas-para-bolachas-2","8":"product_cat-caixas-para-macarons-2","9":"product_cat-ordem-e-armazenamento","11":"first","12":"instock","13":"taxable","14":"shipping-taxable","15":"purchasable","16":"product-type-simple"},"acf":[],"df_price":0.55,"df_sale_price":"","df_regular_price":0.55,"df_image_link":"https:\/\/glotomania.com\/wp-content\/uploads\/2025\/12\/img_25044_520da95798c7a2c5e55e20b0ad47e976_1.jpg","brands":[],"_links":{"self":[{"href":"https:\/\/glotomania.com\/pt-pt\/wp-json\/wp\/v2\/product\/395402","targetHints":{"allow":["GET"]}}],"collection":[{"href":"https:\/\/glotomania.com\/pt-pt\/wp-json\/wp\/v2\/product"}],"about":[{"href":"https:\/\/glotomania.com\/pt-pt\/wp-json\/wp\/v2\/types\/product"}],"replies":[{"embeddable":true,"href":"https:\/\/glotomania.com\/pt-pt\/wp-json\/wp\/v2\/comments?post=395402"}],"wp:featuredmedia":[{"embeddable":true,"href":"https:\/\/glotomania.com\/pt-pt\/wp-json\/wp\/v2\/media\/365247"}],"wp:attachment":[{"href":"https:\/\/glotomania.com\/pt-pt\/wp-json\/wp\/v2\/media?parent=395402"}],"wp:term":[{"taxonomy":"pwb-brand","embeddable":true,"href":"https:\/\/glotomania.com\/pt-pt\/wp-json\/wp\/v2\/pwb-brand?post=395402"},{"taxonomy":"product_brand","embeddable":true,"href":"https:\/\/glotomania.com\/pt-pt\/wp-json\/wp\/v2\/product_brand?post=395402"},{"taxonomy":"product_cat","embeddable":true,"href":"https:\/\/glotomania.com\/pt-pt\/wp-json\/wp\/v2\/product_cat?post=395402"},{"taxonomy":"product_tag","embeddable":true,"href":"https:\/\/glotomania.com\/pt-pt\/wp-json\/wp\/v2\/product_tag?post=395402"}],"curies":[{"name":"wp","href":"https:\/\/api.w.org\/{rel}","templated":true}]}}