{"id":395404,"date":"2026-04-25T00:03:08","date_gmt":"2026-04-25T00:03:08","guid":{"rendered":"https:\/\/glotomania.com\/p\/caja-para-tarta-4-alturas-ajustables-blanco-248-cm\/"},"modified":"2026-04-25T00:03:09","modified_gmt":"2026-04-25T00:03:09","slug":"caja-para-tarta-4-alturas-ajustables-blanco-248-cm","status":"publish","type":"product","link":"https:\/\/glotomania.com\/pt-pt\/p\/caja-para-tarta-4-alturas-ajustables-blanco-248-cm\/","title":{"rendered":"Caixa De Bolos 4 Alturas Modul\u00c1veis &#8211; 24,8 Cm"},"content":{"rendered":"<p>&nbsp;<\/p>\n<p><span style=\"color:#000000\"><span style=\"font-size: 14px\">A caixa &eacute; constitu&iacute;da por 2 partes (base e tampa) e &eacute; enviada desmontada para evitar danos durante o transporte.<\/span><\/span><\/p>\n<p><span style=\"color:#000000\"><span style=\"font-size: 14px\">Fabricado em cart&atilde;o resistente, adequado para uso alimentar.<\/span><\/span><\/p>\n<p><span style=\"color:#000000\"><span style=\"font-size: 14px\"><strong>Medidas:<\/strong><b style=\"font-family: Helvetica\">&nbsp;<\/b>24,8 x 24,8 cm<span style=\"font-family: Helvetica\">&nbsp;&#8211;&nbsp;<\/span>Alturas<span style=\"font-family: Helvetica\">&nbsp;20 \/ 21&nbsp;\/ 23,5&nbsp;\/ 25,8 cm.<\/span><\/span><\/span><\/p><\/p>\n","protected":false},"excerpt":{"rendered":"<p>Feito de cart\u00e3o resistente, ideal para o cuidado e transporte das suas cria\u00e7\u00f5es.<\/p>\n","protected":false},"featured_media":48050,"comment_status":"open","ping_status":"closed","template":"","meta":{"_acf_changed":false},"pwb-brand":[],"product_brand":[],"product_cat":[3158,3178,3180,3087],"product_tag":[],"class_list":{"0":"post-395404","1":"product","2":"type-product","3":"status-publish","4":"has-post-thumbnail","6":"product_cat-caixas-de-pastelaria","7":"product_cat-caixas-para-bolos-2","8":"product_cat-caixas-regulaveis-em-altura","9":"product_cat-ordem-e-armazenamento","11":"first","12":"instock","13":"taxable","14":"shipping-taxable","15":"purchasable","16":"product-type-simple"},"acf":[],"df_price":1.09,"df_sale_price":"","df_regular_price":1.09,"df_image_link":"https:\/\/glotomania.com\/wp-content\/uploads\/2024\/11\/img_25529_2874c8010ff7f7e72ce2566d739935c9_1-300x300.jpg","brands":[],"_links":{"self":[{"href":"https:\/\/glotomania.com\/pt-pt\/wp-json\/wp\/v2\/product\/395404","targetHints":{"allow":["GET"]}}],"collection":[{"href":"https:\/\/glotomania.com\/pt-pt\/wp-json\/wp\/v2\/product"}],"about":[{"href":"https:\/\/glotomania.com\/pt-pt\/wp-json\/wp\/v2\/types\/product"}],"replies":[{"embeddable":true,"href":"https:\/\/glotomania.com\/pt-pt\/wp-json\/wp\/v2\/comments?post=395404"}],"wp:featuredmedia":[{"embeddable":true,"href":"https:\/\/glotomania.com\/pt-pt\/wp-json\/wp\/v2\/media\/48050"}],"wp:attachment":[{"href":"https:\/\/glotomania.com\/pt-pt\/wp-json\/wp\/v2\/media?parent=395404"}],"wp:term":[{"taxonomy":"pwb-brand","embeddable":true,"href":"https:\/\/glotomania.com\/pt-pt\/wp-json\/wp\/v2\/pwb-brand?post=395404"},{"taxonomy":"product_brand","embeddable":true,"href":"https:\/\/glotomania.com\/pt-pt\/wp-json\/wp\/v2\/product_brand?post=395404"},{"taxonomy":"product_cat","embeddable":true,"href":"https:\/\/glotomania.com\/pt-pt\/wp-json\/wp\/v2\/product_cat?post=395404"},{"taxonomy":"product_tag","embeddable":true,"href":"https:\/\/glotomania.com\/pt-pt\/wp-json\/wp\/v2\/product_tag?post=395404"}],"curies":[{"name":"wp","href":"https:\/\/api.w.org\/{rel}","templated":true}]}}