{"id":395429,"date":"2026-04-25T02:13:05","date_gmt":"2026-04-25T02:13:05","guid":{"rendered":"https:\/\/glotomania.com\/p\/crema-de-pistacho-crunchy-12-pastkolor-6-kg-2\/"},"modified":"2026-04-25T02:13:08","modified_gmt":"2026-04-25T02:13:08","slug":"crema-de-pistacho-crunchy-12-pastkolor-6-kg-2","status":"publish","type":"product","link":"https:\/\/glotomania.com\/pt-pt\/p\/crema-de-pistacho-crunchy-12-pastkolor-6-kg-2\/","title":{"rendered":"Creme De Pist\u00c1chio Crocante (12 %) Pastkolor &#8211; 6 Kg"},"content":{"rendered":"<p>&nbsp;<\/p>\n<p><span style=\"color:#000000\"><span style=\"font-size:14px\">O seu sabor faz lembrar o famoso chocolate do Dubai crocante.&nbsp;<\/span><\/span><\/p>\n<p><span style=\"color:#000000\"><span style=\"font-size:14px\">Ideal como cobertura ou recheio de bolos e pastelaria, a sua textura suave espalha-se facilmente com uma esp&aacute;tula, criando acabamentos profissionais e deliciosos. Tamb&eacute;m pode encher um saco de pasteleiro e decorar com diferentes bicos, ou espalhar em tostas e mergulhar para um snack saboroso.<\/span><\/span><\/p>\n<p><span style=\"color:#000000\"><span style=\"font-size:14px\"><strong>Aten&ccedil;&atilde;o:<\/strong>&nbsp;&eacute; natural que haja alguma separa&ccedil;&atilde;o de gordura, basta misturar antes de utilizar para garantir uma mistura homog&eacute;nea.&nbsp;<\/span><\/span><\/p>\n<table cellpadding=\"0\" cellspacing=\"0\" style=\"border-collapse: collapse\">\n<tbody>\n<tr>\n<td style=\"border-style: solid;width: 232px;height: 23px;padding: 4px\" valign=\"top\">\n<p style=\"margin: 0px;font-size: 10px;line-height: normal;text-align: center\"><span style=\"color:#000000\"><span style=\"font-size: 12px\"><b>Componentes \/ Componentes \/ Components&nbsp;<\/b><\/span><\/span><\/p>\n<\/td>\n<td style=\"border-style: solid;width: 232px;height: 23px;padding: 4px\" valign=\"top\">\n<p style=\"margin: 0px;font-size: 10px;line-height: normal;text-align: center\"><span style=\"color:#000000\"><span style=\"font-size: 12px\"><b>Quantidade por 100g \/ Cantidad por 100g \/&nbsp;<\/b><\/span><span style=\"font-size: 12px\"><b>Quantity per 100g<\/b><\/span><\/span><\/p>\n<\/td>\n<\/tr>\n<tr>\n<td style=\"border-style: solid;width: 232px;height: 14px;padding: 4px\" valign=\"top\">\n<p style=\"margin: 0px;font-size: 10px;line-height: normal;font-family:\"><span style=\"color:#000000\"><span style=\"font-size: 12px\"><b>Energia \/ Valor energ&eacute;tico \/ Energy<\/b><\/span><\/span><\/p>\n<\/td>\n<td style=\"border-style: solid;width: 232px;height: 14px;padding: 4px\" valign=\"top\">\n<p style=\"margin: 0px;text-align: center;font-size: 10px;line-height: normal;font-family:\"><span style=\"color:#000000\"><span style=\"font-size: 12px\">2475 KJ<\/span><\/span><\/p>\n<\/td>\n<\/tr>\n<tr>\n<td style=\"border-style: solid;width: 232px;height: 14px;padding: 4px\" valign=\"top\">\n<p style=\"margin: 0px;font-size: 10px;line-height: normal;font-family:\"><span style=\"color:#000000\"><span style=\"font-size: 12px\"><b>Energia \/ Valor energ&eacute;tico \/ Energy<\/b><\/span><\/span><\/p>\n<\/td>\n<td style=\"border-style: solid;width: 232px;height: 14px;padding: 4px\" valign=\"top\">\n<p style=\"margin: 0px;text-align: center;font-size: 10px;line-height: normal;font-family:\"><span style=\"color:#000000\"><span style=\"font-size: 12px\">592 kcal<\/span><\/span><\/p>\n<\/td>\n<\/tr>\n<tr>\n<td style=\"border-style: solid;width: 232px;height: 13px;padding: 4px\" valign=\"top\">\n<p style=\"margin: 0px;font-size: 10px;line-height: normal;font-family:\"><span style=\"color:#000000\"><span style=\"font-size: 12px\"><b>L&iacute;pidos \/ L&iacute;pidos \/ Lipids<\/b><\/span><\/span><\/p>\n<\/td>\n<td style=\"border-style: solid;width: 232px;height: 13px;padding: 4px\" valign=\"top\">\n<p style=\"margin: 0px;text-align: center;font-size: 10px;line-height: normal;font-family:\"><span style=\"color:#000000\"><span style=\"font-size: 12px\">33,8 g<\/span><\/span><\/p>\n<\/td>\n<\/tr>\n<tr>\n<td style=\"border-style: solid;width: 232px;height: 14px;padding: 4px\" valign=\"top\">\n<p style=\"margin: 0px;font-size: 10px;line-height: normal;font-family:\"><span style=\"color:#000000\"><span style=\"font-size: 12px\">&nbsp; &nbsp; &nbsp; &nbsp; &nbsp; &nbsp; Saturados \/ Saturados \/ Saturates<\/span><\/span><\/p>\n<\/td>\n<td style=\"border-style: solid;width: 232px;height: 14px;padding: 4px\" valign=\"top\">\n<p style=\"margin: 0px;text-align: center;font-size: 10px;line-height: normal;font-family:\"><span style=\"color:#000000\"><span style=\"font-size: 12px\">6,1 g<\/span><\/span><\/p>\n<\/td>\n<\/tr>\n<tr>\n<td style=\"border-style: solid;width: 232px;height: 23px;padding: 4px\" valign=\"top\">\n<p style=\"margin: 0px;font-size: 10px;line-height: normal;font-family:\"><span style=\"color:#000000\"><span style=\"font-size: 12px\"><b>Hidratos de Carbono \/ Hidratos de Carbono \/ Carbohydrates<\/b><\/span><\/span><\/p>\n<\/td>\n<td style=\"border-style: solid;width: 232px;height: 23px;padding: 4px\" valign=\"top\">\n<p style=\"margin: 0px;text-align: center;font-size: 10px;line-height: normal;font-family:\"><span style=\"color:#000000\"><span style=\"font-size: 12px\">68,7 g<\/span><\/span><\/p>\n<\/td>\n<\/tr>\n<tr>\n<td style=\"border-style: solid;width: 232px;height: 14px;padding: 4px\" valign=\"top\">\n<p style=\"margin: 0px;font-size: 10px;line-height: normal;font-family:\"><span style=\"color:#000000\"><span style=\"font-size: 12px\">&nbsp; &nbsp; &nbsp; &nbsp; &nbsp; &nbsp; A&ccedil;&uacute;cares \/ Az&uacute;cares \/ Sugars<\/span><\/span><\/p>\n<\/td>\n<td style=\"border-style: solid;width: 232px;height: 14px;padding: 4px\" valign=\"top\">\n<p style=\"margin: 0px;text-align: center;font-size: 10px;line-height: normal;font-family:\"><span style=\"color:#000000\"><span style=\"font-size: 12px\">62,7 g<\/span><\/span><\/p>\n<\/td>\n<\/tr>\n<tr>\n<td style=\"border-style: solid;width: 232px;height: 14px;padding: 4px\" valign=\"top\">\n<p style=\"margin: 0px;font-size: 10px;line-height: normal;font-family:\"><span style=\"color:#000000\"><span style=\"font-size: 12px\"><b>Fibra \/ Fibra alimentaria \/ Fiber&nbsp;<\/b><\/span><\/span><\/p>\n<\/td>\n<td style=\"border-style: solid;width: 232px;height: 14px;padding: 4px\" valign=\"top\">\n<p style=\"margin: 0px;text-align: center;font-size: 10px;line-height: normal;font-family:\"><span style=\"color:#000000\"><span style=\"font-size: 12px\">1 g<\/span><\/span><\/p>\n<\/td>\n<\/tr>\n<tr>\n<td style=\"border-style: solid;width: 232px;height: 13px;padding: 4px\" valign=\"top\">\n<p style=\"margin: 0px;font-size: 10px;line-height: normal;font-family:\"><span style=\"color:#000000\"><span style=\"font-size: 12px\"><b>Prote&iacute;nas \/ Prote&iacute;nas \/ Protein<\/b><\/span><\/span><\/p>\n<\/td>\n<td style=\"border-style: solid;width: 232px;height: 13px;padding: 4px\" valign=\"top\">\n<p style=\"margin: 0px;text-align: center;font-size: 10px;line-height: normal;font-family:\"><span style=\"color:#000000\"><span style=\"font-size: 12px\">2,6 g<\/span><\/span><\/p>\n<\/td>\n<\/tr>\n<tr>\n<td style=\"border-style: solid;width: 232px;height: 14px;padding: 4px\" valign=\"top\">\n<p style=\"margin: 0px;font-size: 10px;line-height: normal;font-family: Helvetica\"><span style=\"color:#000000\"><span style=\"font-size: 12px\"><b>Sal \/ Sal \/ Salt<\/b><\/span><\/span><\/p>\n<\/td>\n<td style=\"border-style: solid;width: 232px;height: 14px;padding: 4px\" valign=\"top\">\n<p style=\"margin: 0px;text-align: center;font-size: 10px;line-height: normal;font-family:\"><span style=\"color:#000000\"><span style=\"font-size: 12px\">0,09 g<\/span><\/span><\/p>\n<\/td>\n<\/tr>\n<\/tbody>\n<\/table>\n","protected":false},"excerpt":{"rendered":"<p>Mergulhe numa experi\u00eancia gustativa com o nosso irresist\u00edvel creme de pist\u00e1chio crocante, um verdadeiro deleite para os gulosos.<\/p>\n","protected":false},"featured_media":234251,"comment_status":"open","ping_status":"closed","template":"","meta":{"_acf_changed":false},"pwb-brand":[],"product_brand":[],"product_cat":[2977,1838,2905,3468,1829],"product_tag":[],"class_list":{"0":"post-395429","1":"product","2":"type-product","3":"status-publish","4":"has-post-thumbnail","6":"product_cat-cremes-e-recheios-2","7":"product_cat-cremas","8":"product_cat-data-de-expiracao-proxima","9":"product_cat-formato-profesional","10":"product_cat-ingredientes","12":"first","13":"instock","14":"taxable","15":"shipping-taxable","16":"purchasable","17":"product-type-simple"},"acf":[],"df_price":114.5,"df_sale_price":"","df_regular_price":114.5,"df_image_link":"https:\/\/glotomania.com\/wp-content\/uploads\/2025\/11\/img_27929_838a5a78e8f157d9889b0d677ff526e1_1-300x300.jpg","brands":[],"_links":{"self":[{"href":"https:\/\/glotomania.com\/pt-pt\/wp-json\/wp\/v2\/product\/395429","targetHints":{"allow":["GET"]}}],"collection":[{"href":"https:\/\/glotomania.com\/pt-pt\/wp-json\/wp\/v2\/product"}],"about":[{"href":"https:\/\/glotomania.com\/pt-pt\/wp-json\/wp\/v2\/types\/product"}],"replies":[{"embeddable":true,"href":"https:\/\/glotomania.com\/pt-pt\/wp-json\/wp\/v2\/comments?post=395429"}],"wp:featuredmedia":[{"embeddable":true,"href":"https:\/\/glotomania.com\/pt-pt\/wp-json\/wp\/v2\/media\/234251"}],"wp:attachment":[{"href":"https:\/\/glotomania.com\/pt-pt\/wp-json\/wp\/v2\/media?parent=395429"}],"wp:term":[{"taxonomy":"pwb-brand","embeddable":true,"href":"https:\/\/glotomania.com\/pt-pt\/wp-json\/wp\/v2\/pwb-brand?post=395429"},{"taxonomy":"product_brand","embeddable":true,"href":"https:\/\/glotomania.com\/pt-pt\/wp-json\/wp\/v2\/product_brand?post=395429"},{"taxonomy":"product_cat","embeddable":true,"href":"https:\/\/glotomania.com\/pt-pt\/wp-json\/wp\/v2\/product_cat?post=395429"},{"taxonomy":"product_tag","embeddable":true,"href":"https:\/\/glotomania.com\/pt-pt\/wp-json\/wp\/v2\/product_tag?post=395429"}],"curies":[{"name":"wp","href":"https:\/\/api.w.org\/{rel}","templated":true}]}}