{"id":395525,"date":"2026-04-25T08:05:19","date_gmt":"2026-04-25T08:05:19","guid":{"rendered":"https:\/\/glotomania.com\/p\/caja-para-tarta-deluxe-negra-o-18-h-23-cm-2\/"},"modified":"2026-04-25T08:05:24","modified_gmt":"2026-04-25T08:05:24","slug":"caja-para-tarta-deluxe-negra-o-18-h-23-cm-2","status":"publish","type":"product","link":"https:\/\/glotomania.com\/pt-pt\/p\/caja-para-tarta-deluxe-negra-o-18-h-23-cm-2\/","title":{"rendered":"Caixa De Bolo De Luxo Preta &#8211; \u00d8 18 \/ H 23 Cm"},"content":{"rendered":"<p>\n<span style=\"font-size:14px\"><span style=\"color:#000000\">Caixa de apresenta&ccedil;&atilde;o para bolos com uma parte central transparente, perfeita para todos verem o seu interior sem correr riscos e preservando a sua forma original.<\/span><\/span><\/p>\n<p><span style=\"font-size:14px\"><span style=\"color:#000000\">Gra&ccedil;as &agrave; cor da base e da tampa, juntamente com o arco que a envolve, torna-se a caixa ideal para entregar as nossas fant&aacute;sticas cria&ccedil;&otilde;es, e at&eacute; para decorar os nossos locais de trabalho.<\/span><\/span><\/p>\n<p><span style=\"font-size:14px\"><span style=\"color:#000000\">A parte central transparente &eacute; feita de material PET de alta qualidade, adequado para uso alimentar. A base e a tampa s&atilde;o feitas de cart&atilde;o forte e seguro para os alimentos.<\/span><\/span><\/p>\n<p><span style=\"font-size:14px\"><span style=\"color:#000000\">Inclui a fita, com uma mensagem escrita &quot;<em style=\"font-size: 14px\">Best wishes for you<\/em>&quot;.<\/span><\/span><\/p>\n<p><span style=\"font-size:14px\"><span style=\"color:#000000\">Dispon&iacute;vel em diferentes formatos e desenhos.<\/span><\/span><\/p>\n<p><span style=\"font-size:14px\"><span style=\"color:#000000\"><strong>Medidas:&nbsp;<\/strong><span style=\"font-family: Helvetica\">&Oslash; 18 cm &#8211; H 23 cm.<\/span><\/span><\/span><\/p><\/p>\n","protected":false},"excerpt":{"rendered":"<p>Elegante caixa de apresenta\u00e7\u00e3o transparente, ideal para mostrar as nossas elabora\u00e7\u00f5es de uma forma segura e bonita.<\/p>\n","protected":false},"featured_media":35233,"comment_status":"open","ping_status":"closed","template":"","meta":{"_acf_changed":false},"pwb-brand":[],"product_brand":[],"product_cat":[1782,1783,1767],"product_tag":[],"class_list":{"0":"post-395525","1":"product","2":"type-product","3":"status-publish","4":"has-post-thumbnail","6":"product_cat-cajas","7":"product_cat-cajas-tartas","8":"product_cat-utensilios","10":"first","11":"instock","12":"taxable","13":"shipping-taxable","14":"purchasable","15":"product-type-simple"},"acf":[],"df_price":2.95,"df_sale_price":"","df_regular_price":2.95,"df_image_link":"https:\/\/glotomania.com\/wp-content\/uploads\/2022\/09\/img_10171_b83bee0865b610c367ebf6c77e515f14_1-300x294.png","brands":[],"_links":{"self":[{"href":"https:\/\/glotomania.com\/pt-pt\/wp-json\/wp\/v2\/product\/395525","targetHints":{"allow":["GET"]}}],"collection":[{"href":"https:\/\/glotomania.com\/pt-pt\/wp-json\/wp\/v2\/product"}],"about":[{"href":"https:\/\/glotomania.com\/pt-pt\/wp-json\/wp\/v2\/types\/product"}],"replies":[{"embeddable":true,"href":"https:\/\/glotomania.com\/pt-pt\/wp-json\/wp\/v2\/comments?post=395525"}],"wp:featuredmedia":[{"embeddable":true,"href":"https:\/\/glotomania.com\/pt-pt\/wp-json\/wp\/v2\/media\/35233"}],"wp:attachment":[{"href":"https:\/\/glotomania.com\/pt-pt\/wp-json\/wp\/v2\/media?parent=395525"}],"wp:term":[{"taxonomy":"pwb-brand","embeddable":true,"href":"https:\/\/glotomania.com\/pt-pt\/wp-json\/wp\/v2\/pwb-brand?post=395525"},{"taxonomy":"product_brand","embeddable":true,"href":"https:\/\/glotomania.com\/pt-pt\/wp-json\/wp\/v2\/product_brand?post=395525"},{"taxonomy":"product_cat","embeddable":true,"href":"https:\/\/glotomania.com\/pt-pt\/wp-json\/wp\/v2\/product_cat?post=395525"},{"taxonomy":"product_tag","embeddable":true,"href":"https:\/\/glotomania.com\/pt-pt\/wp-json\/wp\/v2\/product_tag?post=395525"}],"curies":[{"name":"wp","href":"https:\/\/api.w.org\/{rel}","templated":true}]}}