{"id":395527,"date":"2026-04-25T08:05:25","date_gmt":"2026-04-25T08:05:25","guid":{"rendered":"https:\/\/glotomania.com\/p\/caja-para-tarta-deluxe-negra-o-22-h-31-cm-2\/"},"modified":"2026-04-25T08:05:30","modified_gmt":"2026-04-25T08:05:30","slug":"caja-para-tarta-deluxe-negra-o-22-h-31-cm-2","status":"publish","type":"product","link":"https:\/\/glotomania.com\/pt-pt\/p\/caja-para-tarta-deluxe-negra-o-22-h-31-cm-2\/","title":{"rendered":"Caixa De Bolo De Luxo Preta &#8211; \u00d8 22 \/ H 31 Cm"},"content":{"rendered":"<p>\n<span style=\"color:#000000\"><span style=\"font-size: 14px\">Caixa de apresenta&ccedil;&atilde;o para bolos com uma parte central transparente, perfeita para todos verem o seu interior sem correr riscos e preservando a sua forma original.<\/span><\/span><\/p>\n<p><span style=\"color:#000000\"><span style=\"font-size: 14px\">Gra&ccedil;as &agrave; cor da base e da tampa, juntamente com o arco que a envolve, torna-se a caixa ideal para entregar as nossas fant&aacute;sticas cria&ccedil;&otilde;es, e at&eacute; para decorar os nossos locais de trabalho.<\/span><\/span><\/p>\n<p><span style=\"color:#000000\"><span style=\"font-size: 14px\">A parte central transparente &eacute; feita de material PET de alta qualidade, adequado para uso alimentar. A base e a tampa s&atilde;o feitas de cart&atilde;o forte e seguro para os alimentos.<\/span><\/span><\/p>\n<p><span style=\"color:#000000\"><span style=\"font-size: 14px\">Inclui a fita, com uma mensagem escrita &quot;<\/span><em style=\"font-size: 14px\">Best wishes for you<\/em><span style=\"font-size: 14px\">&quot;.<\/span><\/span><\/p>\n<p><span style=\"color:#000000\"><span style=\"font-size: 14px\">Dispon&iacute;vel em diferentes formatos e desenhos.<\/span><\/span><\/p>\n<p><span style=\"color:#000000\"><span style=\"font-size: 14px\"><strong>Medidas:&nbsp;<\/strong><\/span><span style=\"font-family: Helvetica;font-size: 14px\">&Oslash; 22 cm &#8211; H 31 cm.<\/span><\/span><\/p><\/p>\n","protected":false},"excerpt":{"rendered":"<p>Elegante caixa de apresenta\u00e7\u00e3o transparente, ideal para mostrar as nossas elabora\u00e7\u00f5es de uma forma segura e bonita.<\/p>\n","protected":false},"featured_media":35234,"comment_status":"open","ping_status":"closed","template":"","meta":{"_acf_changed":false},"pwb-brand":[],"product_brand":[],"product_cat":[1782,1783,1767],"product_tag":[],"class_list":{"0":"post-395527","1":"product","2":"type-product","3":"status-publish","4":"has-post-thumbnail","6":"product_cat-cajas","7":"product_cat-cajas-tartas","8":"product_cat-utensilios","10":"first","11":"instock","12":"taxable","13":"shipping-taxable","14":"purchasable","15":"product-type-simple"},"acf":[],"df_price":3.95,"df_sale_price":"","df_regular_price":3.95,"df_image_link":"https:\/\/glotomania.com\/wp-content\/uploads\/2022\/09\/img_10173_c66dcb67c82964be7fd3767023efa4e8_1-300x294.png","brands":[],"_links":{"self":[{"href":"https:\/\/glotomania.com\/pt-pt\/wp-json\/wp\/v2\/product\/395527","targetHints":{"allow":["GET"]}}],"collection":[{"href":"https:\/\/glotomania.com\/pt-pt\/wp-json\/wp\/v2\/product"}],"about":[{"href":"https:\/\/glotomania.com\/pt-pt\/wp-json\/wp\/v2\/types\/product"}],"replies":[{"embeddable":true,"href":"https:\/\/glotomania.com\/pt-pt\/wp-json\/wp\/v2\/comments?post=395527"}],"wp:featuredmedia":[{"embeddable":true,"href":"https:\/\/glotomania.com\/pt-pt\/wp-json\/wp\/v2\/media\/35234"}],"wp:attachment":[{"href":"https:\/\/glotomania.com\/pt-pt\/wp-json\/wp\/v2\/media?parent=395527"}],"wp:term":[{"taxonomy":"pwb-brand","embeddable":true,"href":"https:\/\/glotomania.com\/pt-pt\/wp-json\/wp\/v2\/pwb-brand?post=395527"},{"taxonomy":"product_brand","embeddable":true,"href":"https:\/\/glotomania.com\/pt-pt\/wp-json\/wp\/v2\/product_brand?post=395527"},{"taxonomy":"product_cat","embeddable":true,"href":"https:\/\/glotomania.com\/pt-pt\/wp-json\/wp\/v2\/product_cat?post=395527"},{"taxonomy":"product_tag","embeddable":true,"href":"https:\/\/glotomania.com\/pt-pt\/wp-json\/wp\/v2\/product_tag?post=395527"}],"curies":[{"name":"wp","href":"https:\/\/api.w.org\/{rel}","templated":true}]}}