{"id":395540,"date":"2026-04-25T08:07:10","date_gmt":"2026-04-25T08:07:10","guid":{"rendered":"https:\/\/glotomania.com\/p\/caja-para-tarta-4-alturas-ajustables-blanco-35-x-25-cm\/"},"modified":"2026-04-25T08:07:11","modified_gmt":"2026-04-25T08:07:11","slug":"caja-para-tarta-4-alturas-ajustables-blanco-35-x-25-cm","status":"publish","type":"product","link":"https:\/\/glotomania.com\/pt-pt\/p\/caja-para-tarta-4-alturas-ajustables-blanco-35-x-25-cm\/","title":{"rendered":"Caixa De Bolos 4 Alturas Modul\u00c1veis &#8211; 35 X 25 Cm"},"content":{"rendered":"<p>\n<span style=\"color:#000000\"><span style=\"font-size: 14px\">A caixa &eacute; constitu&iacute;da por 2 partes (base e tampa) e &eacute; enviada desmontada para evitar danos durante o transporte.<\/span><\/span><\/p>\n<p><span style=\"color:#000000\"><span style=\"font-size: 14px\">Fabricado em cart&atilde;o resistente, adequado para uso alimentar.<\/span><\/span><\/p>\n<p><span style=\"color:#000000\"><span style=\"font-size: 14px\"><strong>Medidas:&nbsp;<\/strong><\/span><span style=\"font-family: Helvetica;font-size: 14px\">35 x 25 &#8211;&nbsp;<\/span><span style=\"font-size: 14px\">Alturas<\/span><span style=\"font-family: Helvetica;font-size: 14px\"> 20 \/ 22&nbsp;\/ 26 \/ 30&nbsp;cm.<\/span><\/span><\/p><\/p>\n","protected":false},"excerpt":{"rendered":"<p>Feito de cart\u00e3o resistente, ideal para o cuidado e transporte das suas cria\u00e7\u00f5es.<\/p>\n","protected":false},"featured_media":346236,"comment_status":"open","ping_status":"closed","template":"","meta":{"_acf_changed":false},"pwb-brand":[],"product_brand":[],"product_cat":[1931],"product_tag":[],"class_list":{"0":"post-395540","1":"product","2":"type-product","3":"status-publish","4":"has-post-thumbnail","6":"product_cat-cajas-altura-ajustable","8":"first","9":"instock","10":"taxable","11":"shipping-taxable","12":"purchasable","13":"product-type-simple"},"acf":[],"df_price":1.56,"df_sale_price":"","df_regular_price":1.56,"df_image_link":"https:\/\/glotomania.com\/wp-content\/uploads\/2025\/11\/img_21688_ab6b0dc546a73e2fdef8a31533c49e6a_1-116-300x300.jpg","brands":[],"_links":{"self":[{"href":"https:\/\/glotomania.com\/pt-pt\/wp-json\/wp\/v2\/product\/395540","targetHints":{"allow":["GET"]}}],"collection":[{"href":"https:\/\/glotomania.com\/pt-pt\/wp-json\/wp\/v2\/product"}],"about":[{"href":"https:\/\/glotomania.com\/pt-pt\/wp-json\/wp\/v2\/types\/product"}],"replies":[{"embeddable":true,"href":"https:\/\/glotomania.com\/pt-pt\/wp-json\/wp\/v2\/comments?post=395540"}],"wp:featuredmedia":[{"embeddable":true,"href":"https:\/\/glotomania.com\/pt-pt\/wp-json\/wp\/v2\/media\/346236"}],"wp:attachment":[{"href":"https:\/\/glotomania.com\/pt-pt\/wp-json\/wp\/v2\/media?parent=395540"}],"wp:term":[{"taxonomy":"pwb-brand","embeddable":true,"href":"https:\/\/glotomania.com\/pt-pt\/wp-json\/wp\/v2\/pwb-brand?post=395540"},{"taxonomy":"product_brand","embeddable":true,"href":"https:\/\/glotomania.com\/pt-pt\/wp-json\/wp\/v2\/product_brand?post=395540"},{"taxonomy":"product_cat","embeddable":true,"href":"https:\/\/glotomania.com\/pt-pt\/wp-json\/wp\/v2\/product_cat?post=395540"},{"taxonomy":"product_tag","embeddable":true,"href":"https:\/\/glotomania.com\/pt-pt\/wp-json\/wp\/v2\/product_tag?post=395540"}],"curies":[{"name":"wp","href":"https:\/\/api.w.org\/{rel}","templated":true}]}}