{"id":395542,"date":"2026-04-25T08:07:17","date_gmt":"2026-04-25T08:07:17","guid":{"rendered":"https:\/\/glotomania.com\/p\/caja-para-tarta-4-alturas-ajustables-blanco-45-x-35-cm\/"},"modified":"2026-04-25T08:07:18","modified_gmt":"2026-04-25T08:07:18","slug":"caja-para-tarta-4-alturas-ajustables-blanco-45-x-35-cm","status":"publish","type":"product","link":"https:\/\/glotomania.com\/pt-pt\/p\/caja-para-tarta-4-alturas-ajustables-blanco-45-x-35-cm\/","title":{"rendered":"Caixa De Bolos 4 Alturas Modul\u00c1veis &#8211; 45 X 35 Cm"},"content":{"rendered":"<p>\n<span style=\"color:#000000\"><span style=\"font-size: 14px\">A caixa &eacute; constitu&iacute;da por 2 partes (base e tampa) e &eacute; enviada desmontada para evitar danos durante o transporte.<\/span><\/span><\/p>\n<p><span style=\"color:#000000\"><span style=\"font-size: 14px\">Fabricado em cart&atilde;o resistente, adequado para uso alimentar.<\/span><\/span><\/p>\n<p><span style=\"color:#000000\"><span style=\"font-size: 14px\"><strong>Medidas:&nbsp;<\/strong><\/span><span style=\"font-family: Helvetica;font-size: 14px\">45 x 35 &#8211;&nbsp;<\/span><span style=\"font-size: 14px\">Alturas<\/span><span style=\"font-family: Helvetica;font-size: 14px\"> 20 \/ 22&nbsp;\/ 26,5 \/ 30,5 cm.<\/span><\/span><\/p><\/p>\n","protected":false},"excerpt":{"rendered":"<p>Feito de cart\u00e3o resistente, ideal para o cuidado e transporte das suas cria\u00e7\u00f5es.<\/p>\n","protected":false},"featured_media":307565,"comment_status":"open","ping_status":"closed","template":"","meta":{"_acf_changed":false},"pwb-brand":[],"product_brand":[],"product_cat":[1931],"product_tag":[],"class_list":{"0":"post-395542","1":"product","2":"type-product","3":"status-publish","4":"has-post-thumbnail","6":"product_cat-cajas-altura-ajustable","8":"first","9":"instock","10":"taxable","11":"shipping-taxable","12":"purchasable","13":"product-type-simple"},"acf":[],"df_price":2.03,"df_sale_price":"","df_regular_price":2.03,"df_image_link":"https:\/\/glotomania.com\/wp-content\/uploads\/2025\/11\/img_21685_0444a6eb92a5b4e77d1fc6997014c14d_1-100-300x300.jpg","brands":[],"_links":{"self":[{"href":"https:\/\/glotomania.com\/pt-pt\/wp-json\/wp\/v2\/product\/395542","targetHints":{"allow":["GET"]}}],"collection":[{"href":"https:\/\/glotomania.com\/pt-pt\/wp-json\/wp\/v2\/product"}],"about":[{"href":"https:\/\/glotomania.com\/pt-pt\/wp-json\/wp\/v2\/types\/product"}],"replies":[{"embeddable":true,"href":"https:\/\/glotomania.com\/pt-pt\/wp-json\/wp\/v2\/comments?post=395542"}],"wp:featuredmedia":[{"embeddable":true,"href":"https:\/\/glotomania.com\/pt-pt\/wp-json\/wp\/v2\/media\/307565"}],"wp:attachment":[{"href":"https:\/\/glotomania.com\/pt-pt\/wp-json\/wp\/v2\/media?parent=395542"}],"wp:term":[{"taxonomy":"pwb-brand","embeddable":true,"href":"https:\/\/glotomania.com\/pt-pt\/wp-json\/wp\/v2\/pwb-brand?post=395542"},{"taxonomy":"product_brand","embeddable":true,"href":"https:\/\/glotomania.com\/pt-pt\/wp-json\/wp\/v2\/product_brand?post=395542"},{"taxonomy":"product_cat","embeddable":true,"href":"https:\/\/glotomania.com\/pt-pt\/wp-json\/wp\/v2\/product_cat?post=395542"},{"taxonomy":"product_tag","embeddable":true,"href":"https:\/\/glotomania.com\/pt-pt\/wp-json\/wp\/v2\/product_tag?post=395542"}],"curies":[{"name":"wp","href":"https:\/\/api.w.org\/{rel}","templated":true}]}}