{"id":395599,"date":"2026-04-25T12:13:11","date_gmt":"2026-04-25T12:13:11","guid":{"rendered":"https:\/\/glotomania.com\/p\/scraper-alisador-acero-maceta-inclinada-n2\/"},"modified":"2026-04-25T12:13:12","modified_gmt":"2026-04-25T12:13:12","slug":"scraper-alisador-acero-maceta-inclinada-n2","status":"publish","type":"product","link":"https:\/\/glotomania.com\/pt-pt\/p\/scraper-alisador-acero-maceta-inclinada-n2\/","title":{"rendered":"Raspador De Alisamento De A\u00c7o &#8211; Maceta Inclinada N2"},"content":{"rendered":"<p>\n<span style=\"font-size: 14px\">Ideal para espalhar ganaches, natas, creme de manteiga, cobertura real,&#8230; e suavizar o contorno dos nossos bolos. Pode ser utilizado com bolos de diferentes di&acirc;metros, basta ajust&aacute;-lo &agrave; altura desejada.&nbsp;<\/span><\/p>\n<p><span style=\"font-size: 14px\">Fabricado em a&ccedil;o inoxid&aacute;vel de qualidade AISI 304, adequado para uso alimentar.&nbsp;<\/span><\/p>\n<p><span style=\"font-size: 14px\"><strong>M&eacute;todo de utiliza&ccedil;&atilde;o:<\/strong>&nbsp;colocar o bolo sobre uma base rotativa, mantendo o raspador perto da borda e rodando a base.<\/span><\/p>\n<p><span style=\"font-size: 14px\"><strong>Medidas<\/strong>: 13,1 cm Comprimento &#8211; 12,3 cm Largura &#8211; 10,3 cm Altura do bolo.<\/span><\/p>\n","protected":false},"excerpt":{"rendered":"<p>Raspador de contorno em a\u00e7o inoxid\u00e1vel, ideal para criar bolos em forma de pote ou similares, e alisar a superf\u00edcie.<\/p>\n","protected":false},"featured_media":153999,"comment_status":"open","ping_status":"closed","template":"","meta":{"_acf_changed":false},"pwb-brand":[],"product_brand":[],"product_cat":[3106,3120,3087],"product_tag":[],"class_list":{"0":"post-395599","1":"product","2":"type-product","3":"status-publish","4":"has-post-thumbnail","6":"product_cat-basicos-de-pastelaria","7":"product_cat-espatulas-e-alisadores-2","8":"product_cat-ordem-e-armazenamento","10":"first","11":"instock","12":"taxable","13":"shipping-taxable","14":"purchasable","15":"product-type-simple"},"acf":[],"df_price":6.5,"df_sale_price":"","df_regular_price":6.5,"df_image_link":"https:\/\/glotomania.com\/wp-content\/uploads\/2025\/09\/img_17419_6514e1883c5dd9a9a3c1fdac0d46fa8e_1-300x300.png","brands":[],"_links":{"self":[{"href":"https:\/\/glotomania.com\/pt-pt\/wp-json\/wp\/v2\/product\/395599","targetHints":{"allow":["GET"]}}],"collection":[{"href":"https:\/\/glotomania.com\/pt-pt\/wp-json\/wp\/v2\/product"}],"about":[{"href":"https:\/\/glotomania.com\/pt-pt\/wp-json\/wp\/v2\/types\/product"}],"replies":[{"embeddable":true,"href":"https:\/\/glotomania.com\/pt-pt\/wp-json\/wp\/v2\/comments?post=395599"}],"wp:featuredmedia":[{"embeddable":true,"href":"https:\/\/glotomania.com\/pt-pt\/wp-json\/wp\/v2\/media\/153999"}],"wp:attachment":[{"href":"https:\/\/glotomania.com\/pt-pt\/wp-json\/wp\/v2\/media?parent=395599"}],"wp:term":[{"taxonomy":"pwb-brand","embeddable":true,"href":"https:\/\/glotomania.com\/pt-pt\/wp-json\/wp\/v2\/pwb-brand?post=395599"},{"taxonomy":"product_brand","embeddable":true,"href":"https:\/\/glotomania.com\/pt-pt\/wp-json\/wp\/v2\/product_brand?post=395599"},{"taxonomy":"product_cat","embeddable":true,"href":"https:\/\/glotomania.com\/pt-pt\/wp-json\/wp\/v2\/product_cat?post=395599"},{"taxonomy":"product_tag","embeddable":true,"href":"https:\/\/glotomania.com\/pt-pt\/wp-json\/wp\/v2\/product_tag?post=395599"}],"curies":[{"name":"wp","href":"https:\/\/api.w.org\/{rel}","templated":true}]}}