{"id":395623,"date":"2026-04-25T14:02:04","date_gmt":"2026-04-25T14:02:04","guid":{"rendered":"https:\/\/glotomania.com\/p\/bandeja-dorada-tapa-con-lazo-rojo-34-x-25-cm\/"},"modified":"2026-04-25T14:02:04","modified_gmt":"2026-04-25T14:02:04","slug":"bandeja-dorada-tapa-con-lazo-rojo-34-x-25-cm-4","status":"publish","type":"product","link":"https:\/\/glotomania.com\/pt-pt\/p\/bandeja-dorada-tapa-con-lazo-rojo-34-x-25-cm-4\/","title":{"rendered":"Bandeja Dourada + Tampa Com La\u00c7o Vermelho &#8211; 25 X 18 Cm"},"content":{"rendered":"<p>&nbsp;<\/p>\n<p><span style=\"font-size: 14px\">Bandeija dourada&nbsp;com pegas e tampa, ideal para embalar e transportar todo o tipo de alimentos, pastelaria e confeitaria.&nbsp;<\/span><\/p>\n<p><span style=\"font-size: 14px\">Caixa de cart&atilde;o feita de materiais de qualidade sustent&aacute;vel e resistente para contacto com alimentos, com apenas 3% de pl&aacute;stico na sua composi&ccedil;&atilde;o.&nbsp;&nbsp;<\/span><\/p>\n<p><span style=\"font-size: 14px\"><strong>Medidas<\/strong>: 25 x 18 x 5 cm.<\/span><\/p>\n","protected":false},"excerpt":{"rendered":"<p>Caixa de cart\u00e3o dourada com pegas e tampa com um elegante desenho de arco &#8211; a caixa perfeita para as nossas pequenas cria\u00e7\u00f5es!<\/p>\n","protected":false},"featured_media":349975,"comment_status":"open","ping_status":"closed","template":"","meta":{"_acf_changed":false},"pwb-brand":[],"product_brand":[],"product_cat":[3158,3168,2907,3087,2924],"product_tag":[],"class_list":{"0":"post-395623","1":"product","2":"type-product","3":"status-publish","4":"has-post-thumbnail","6":"product_cat-caixas-de-pastelaria","7":"product_cat-caixas-para-bolachas-2","8":"product_cat-festas","9":"product_cat-ordem-e-armazenamento","10":"product_cat-sao-valentim-2","12":"first","13":"instock","14":"taxable","15":"shipping-taxable","16":"purchasable","17":"product-type-simple"},"acf":[],"df_price":2.1,"df_sale_price":"","df_regular_price":2.1,"df_image_link":"https:\/\/glotomania.com\/wp-content\/uploads\/2025\/11\/img_17551_3d2db5c40102bc1a83cae02f87665c76_1-161-300x300.jpg","brands":[],"_links":{"self":[{"href":"https:\/\/glotomania.com\/pt-pt\/wp-json\/wp\/v2\/product\/395623","targetHints":{"allow":["GET"]}}],"collection":[{"href":"https:\/\/glotomania.com\/pt-pt\/wp-json\/wp\/v2\/product"}],"about":[{"href":"https:\/\/glotomania.com\/pt-pt\/wp-json\/wp\/v2\/types\/product"}],"replies":[{"embeddable":true,"href":"https:\/\/glotomania.com\/pt-pt\/wp-json\/wp\/v2\/comments?post=395623"}],"wp:featuredmedia":[{"embeddable":true,"href":"https:\/\/glotomania.com\/pt-pt\/wp-json\/wp\/v2\/media\/349975"}],"wp:attachment":[{"href":"https:\/\/glotomania.com\/pt-pt\/wp-json\/wp\/v2\/media?parent=395623"}],"wp:term":[{"taxonomy":"pwb-brand","embeddable":true,"href":"https:\/\/glotomania.com\/pt-pt\/wp-json\/wp\/v2\/pwb-brand?post=395623"},{"taxonomy":"product_brand","embeddable":true,"href":"https:\/\/glotomania.com\/pt-pt\/wp-json\/wp\/v2\/product_brand?post=395623"},{"taxonomy":"product_cat","embeddable":true,"href":"https:\/\/glotomania.com\/pt-pt\/wp-json\/wp\/v2\/product_cat?post=395623"},{"taxonomy":"product_tag","embeddable":true,"href":"https:\/\/glotomania.com\/pt-pt\/wp-json\/wp\/v2\/product_tag?post=395623"}],"curies":[{"name":"wp","href":"https:\/\/api.w.org\/{rel}","templated":true}]}}