{"id":395715,"date":"2026-04-28T10:09:03","date_gmt":"2026-04-28T10:09:03","guid":{"rendered":"https:\/\/glotomania.com\/p\/set-cortadores-de-acero-para-galletas-navidad-magica-2\/"},"modified":"2026-05-04T22:15:46","modified_gmt":"2026-05-04T22:15:46","slug":"set-cortadores-de-acero-para-galletas-navidad-magica-2","status":"publish","type":"product","link":"https:\/\/glotomania.com\/pt-pt\/p\/set-cortadores-de-acero-para-galletas-navidad-magica-2\/","title":{"rendered":"Conjunto De Cortadores De A\u00c7o Para Bolachas &#8211; Natal M\u00c1gico"},"content":{"rendered":"<p>&nbsp;<\/p>\n<p><span style=\"font-size:14px\"><span style=\"color:#000000\">Este conjunto re&uacute;ne 9 desenhos natal&iacute;cios sortidos, muito reconhec&iacute;veis e decorativos, ideais para criar doces caseiros com um acabamento especial. Inclui formas t&atilde;o encantadoras como floco de neve, cabe&ccedil;a de Pai Natal, boneco de neve, boneco de gengibre, &aacute;rvore de Natal, estrela cadente, bengala doce, anjo e caixa de presente.<\/span><\/span><\/p>\n<p><span style=\"font-size:14px\"><span style=\"color:#000000\">&Eacute; uma op&ccedil;&atilde;o ideal tanto para quem gosta de fazer bolachas em casa como para preparar mesas doces, detalhes de Natal, bolachas para oferecer ou atividades de pastelaria em fam&iacute;lia. Gra&ccedil;as &agrave; variedade de desenhos, poder&aacute; criar uma cole&ccedil;&atilde;o de bolachas de Natal mais apelativa, original e tem&aacute;tica.<\/span><\/span><\/p>\n<p><span style=\"font-size:14px\"><span style=\"color:#000000\">Fabricados em metal de primeira qualidade, apto para uso alimentar e f&aacute;cil de limpar. Em <strong>a&ccedil;o inoxid&aacute;vel<\/strong> AISI 304, com 0,4 mm de espessura e rebordo de 3 mm para proteger ao pressionar.<\/span><\/span><\/p>\n<p><span style=\"font-size:14px\"><span style=\"color:#000000\"><strong>Medidas aprox.:<\/strong><\/span><\/span><\/p>\n<ul>\n<li><span style=\"font-size:14px\"><span style=\"color:#000000\"><strong>Boneco de gengibre:<\/strong> Comprimento 7,5 cm &#8211; Largura 9 cm &#8211; Altura 2,5 cm.<\/span><\/span><\/li>\n<li><span style=\"font-size:14px\"><span style=\"color:#000000\"><strong>Floco de neve: <\/strong>Comprimento 12 cm &#8211; Largura 12 cm &#8211; Altura 2,5 cm.<\/span><\/span><\/li>\n<li><span style=\"font-size:14px\"><span style=\"color:#000000\"><strong>Pai Natal:<\/strong> Comprimento 8,5 cm &#8211; Largura 9,5 cm &#8211; Altura 2,8 cm.<\/span><\/span><\/li>\n<li><span style=\"font-size:14px\"><span style=\"color:#000000\"><strong>Boneco de neve:<\/strong> Comprimento 6 cm &#8211; Largura 9 cm &#8211; Altura 2,5 cm.<\/span><\/span><\/li>\n<li><span style=\"font-size:14px\"><span style=\"color:#000000\"><strong>&Aacute;rvore de Natal:<\/strong> Comprimento 9 cm &#8211; Largura 12 cm &#8211; Altura 2,5 cm.<\/span><\/span><\/li>\n<li><span style=\"font-size:14px\"><span style=\"color:#000000\"><strong>Estrela cadente:<\/strong> Altura 4 cm &#8211; Comprimento 9 cm &#8211; Largura 2,8 cm.<\/span><\/span><\/li>\n<li><span style=\"font-size:14px\"><span style=\"color:#000000\"><strong>Bengala doce: <\/strong>Comprimento 4,5 cm &#8211; Largura 9,5 cm &#8211; Altura 2,5 cm.<\/span><\/span><\/li>\n<li><span style=\"font-size:14px\"><span style=\"color:#000000\"><strong>Anjo:<\/strong> Comprimento 8,5 cm &#8211; Largura 9 cm &#8211; Altura 2,5 cm.<\/span><\/span><\/li>\n<li><span style=\"font-size:14px\"><span style=\"color:#000000\"><strong>Caixa de presente:<\/strong> Comprimento 7,1 cm &#8211; Largura 7,8 cm &#8211; Altura 2,5 cm.<\/span><\/span><\/li>\n<\/ul>\n","protected":false},"excerpt":{"rendered":"<p>Conjunto de 9 cortadores de Natal, perfeito para preparar bolachas decoradas, fondant, pasta de a\u00e7\u00facar, ma\u00e7ap\u00e3o e outras cria\u00e7\u00f5es criativas com tema natal\u00edcio.<\/p>\n","protected":false},"featured_media":395775,"comment_status":"open","ping_status":"closed","template":"","meta":{"_acf_changed":false},"pwb-brand":[],"product_brand":[],"product_cat":[1788,1849,1866,1767],"product_tag":[],"class_list":{"0":"post-395715","1":"product","2":"type-product","3":"status-publish","4":"has-post-thumbnail","6":"product_cat-cortadores-de-cobre","7":"product_cat-fiestas","8":"product_cat-navidad","9":"product_cat-utensilios","11":"first","12":"instock","13":"taxable","14":"shipping-taxable","15":"purchasable","16":"product-type-simple"},"acf":[],"df_price":27.9,"df_sale_price":"","df_regular_price":27.9,"df_image_link":"https:\/\/glotomania.com\/wp-content\/uploads\/2026\/04\/img_28694_87c7dcc0cc95ac22e7988a4f2e38fbab_1.jpg","brands":[],"_links":{"self":[{"href":"https:\/\/glotomania.com\/pt-pt\/wp-json\/wp\/v2\/product\/395715","targetHints":{"allow":["GET"]}}],"collection":[{"href":"https:\/\/glotomania.com\/pt-pt\/wp-json\/wp\/v2\/product"}],"about":[{"href":"https:\/\/glotomania.com\/pt-pt\/wp-json\/wp\/v2\/types\/product"}],"replies":[{"embeddable":true,"href":"https:\/\/glotomania.com\/pt-pt\/wp-json\/wp\/v2\/comments?post=395715"}],"wp:featuredmedia":[{"embeddable":true,"href":"https:\/\/glotomania.com\/pt-pt\/wp-json\/wp\/v2\/media\/395775"}],"wp:attachment":[{"href":"https:\/\/glotomania.com\/pt-pt\/wp-json\/wp\/v2\/media?parent=395715"}],"wp:term":[{"taxonomy":"pwb-brand","embeddable":true,"href":"https:\/\/glotomania.com\/pt-pt\/wp-json\/wp\/v2\/pwb-brand?post=395715"},{"taxonomy":"product_brand","embeddable":true,"href":"https:\/\/glotomania.com\/pt-pt\/wp-json\/wp\/v2\/product_brand?post=395715"},{"taxonomy":"product_cat","embeddable":true,"href":"https:\/\/glotomania.com\/pt-pt\/wp-json\/wp\/v2\/product_cat?post=395715"},{"taxonomy":"product_tag","embeddable":true,"href":"https:\/\/glotomania.com\/pt-pt\/wp-json\/wp\/v2\/product_tag?post=395715"}],"curies":[{"name":"wp","href":"https:\/\/api.w.org\/{rel}","templated":true}]}}