{"id":395717,"date":"2026-04-28T10:09:24","date_gmt":"2026-04-28T10:09:24","guid":{"rendered":"https:\/\/glotomania.com\/p\/purpurina-en-polvo-plata-brillante-20-g-2\/"},"modified":"2026-04-28T10:09:31","modified_gmt":"2026-04-28T10:09:31","slug":"purpurina-en-polvo-plata-brillante-20-g-2","status":"publish","type":"product","link":"https:\/\/glotomania.com\/pt-pt\/p\/purpurina-en-polvo-plata-brillante-20-g-2\/","title":{"rendered":"Purpurina Em P\u00d3 Prateada Brilhante &#8211; 20 G"},"content":{"rendered":"<div>&nbsp;<\/div>\n<div><span style=\"font-size: 14px\"><span>A purpurina comest&iacute;vel prateada&nbsp;brilhante &eacute; um p&oacute; decorativo de alto brilho, concebido para proporcionar um efeito sofisticado e luminoso a cria&ccedil;&otilde;es de pastelaria criativa, pastelaria profissional, cocktails e chocolateria.<\/span><\/span><br \/>\n&nbsp;<\/div>\n<div><span style=\"font-size: 14px\"><span>O seu acabamento <\/span><\/span><span style=\"font-size: 14px\">prateado<\/span><span style=\"font-size: 14px\"><span>&nbsp;brilhante tipo shimmer real&ccedil;a a superf&iacute;cie de bolos, cupcakes, bolachas decoradas, macarons, bombons, chocolates, bebidas e sobremesas gourmet. Gra&ccedil;as ao seu formato em p&oacute; seco, aplica-se facilmente com pincel, polvilhador ou misturada com algumas gotas de &aacute;lcool alimentar para obter um efeito de pintura metalizada.<\/span><\/span><\/div>\n<div>&nbsp;<\/div>\n<div><span style=\"font-size: 14px\"><span><strong>Modo de utiliza&ccedil;&atilde;o:<\/strong><\/span><\/span><\/div>\n<ul>\n<li><span style=\"font-size: 14px\"><span><strong>Aplica&ccedil;&atilde;o a seco:&nbsp;<\/strong>Aplicar diretamente com um pincel suave sobre superf&iacute;cies secas, como pasta de a&ccedil;&uacute;car, chocolate, glac&eacute; seco, bolachas ou decora&ccedil;&otilde;es de a&ccedil;&uacute;car.<\/span><\/span><\/li>\n<li><span style=\"font-size: 14px\"><span><strong>Aplica&ccedil;&atilde;o tipo pintura:<\/strong>&nbsp;Misturar uma pequena quantidade de purpurina com algumas gotas de &aacute;lcool alimentar ou extrato alimentar transparente at&eacute; obter uma textura fluida. Aplicar com pincel para conseguir um acabamento mais intenso e metalizado.<\/span><\/span><\/li>\n<li><span style=\"font-size: 14px\"><span><strong>Aplica&ccedil;&atilde;o em bebidas:&nbsp;<\/strong>Adicionar uma pequena quantidade e mexer at&eacute; obter o efeito brilhante desejado.<\/span><\/span><\/li>\n<li><span style=\"font-size: 14px\"><span><strong>Recomenda&ccedil;&atilde;o de utiliza&ccedil;&atilde;o profissional:&nbsp;<\/strong>Para conseguir um acabamento mais uniforme, aplicar sobre superf&iacute;cies secas e lisas. Em decora&ccedil;&otilde;es com volume ou zonas pequenas, utilizar um pincel de detalhe. Para um efeito mais intenso, aplicar uma segunda camada depois de a primeira estar seca.<\/span><\/span><\/li>\n<\/ul>\n","protected":false},"excerpt":{"rendered":"<p>D\u00ea um acabamento elegante, luminoso e profissional \u00e0s suas cria\u00e7\u00f5es com esta purpurina comest\u00edvel prateada brilhante. Perfeita para decorar bolos, cupcakes, bolachas, chocolates, bebidas, cake pops e sobremesas de celebra\u00e7\u00e3o.<\/p>\n","protected":false},"featured_media":0,"comment_status":"open","ping_status":"closed","template":"","meta":{"_acf_changed":false},"pwb-brand":[],"product_brand":[],"product_cat":[1900,1835,1832,1829,1901,1902,1845,1833,1888,1849,1863,1866],"product_tag":[],"class_list":{"0":"post-395717","1":"product","2":"type-product","3":"status-publish","5":"product_cat-brillos-comestibles","6":"product_cat-colorantes","7":"product_cat-diestas-especiales","8":"product_cat-ingredientes","9":"product_cat-dieta-halal","10":"product_cat-dieta-kosher","11":"product_cat-dieta-sin-e-171","12":"product_cat-dieta-sin-gluten","13":"product_cat-bodas","14":"product_cat-fiestas","15":"product_cat-halloween","16":"product_cat-navidad","18":"first","19":"instock","20":"taxable","21":"shipping-taxable","22":"purchasable","23":"product-type-simple"},"acf":[],"df_price":15.95,"df_sale_price":"","df_regular_price":15.95,"df_image_link":"https:\/\/glotomania.com\/wp-content\/uploads\/2025\/11\/2922280_27002-1-300x300.webp","brands":[],"_links":{"self":[{"href":"https:\/\/glotomania.com\/pt-pt\/wp-json\/wp\/v2\/product\/395717","targetHints":{"allow":["GET"]}}],"collection":[{"href":"https:\/\/glotomania.com\/pt-pt\/wp-json\/wp\/v2\/product"}],"about":[{"href":"https:\/\/glotomania.com\/pt-pt\/wp-json\/wp\/v2\/types\/product"}],"replies":[{"embeddable":true,"href":"https:\/\/glotomania.com\/pt-pt\/wp-json\/wp\/v2\/comments?post=395717"}],"wp:attachment":[{"href":"https:\/\/glotomania.com\/pt-pt\/wp-json\/wp\/v2\/media?parent=395717"}],"wp:term":[{"taxonomy":"pwb-brand","embeddable":true,"href":"https:\/\/glotomania.com\/pt-pt\/wp-json\/wp\/v2\/pwb-brand?post=395717"},{"taxonomy":"product_brand","embeddable":true,"href":"https:\/\/glotomania.com\/pt-pt\/wp-json\/wp\/v2\/product_brand?post=395717"},{"taxonomy":"product_cat","embeddable":true,"href":"https:\/\/glotomania.com\/pt-pt\/wp-json\/wp\/v2\/product_cat?post=395717"},{"taxonomy":"product_tag","embeddable":true,"href":"https:\/\/glotomania.com\/pt-pt\/wp-json\/wp\/v2\/product_tag?post=395717"}],"curies":[{"name":"wp","href":"https:\/\/api.w.org\/{rel}","templated":true}]}}