{"id":395720,"date":"2026-04-28T10:09:32","date_gmt":"2026-04-28T10:09:32","guid":{"rendered":"https:\/\/glotomania.com\/p\/set-cortadores-de-acero-para-galletas-halloween-2\/"},"modified":"2026-04-28T10:09:38","modified_gmt":"2026-04-28T10:09:38","slug":"set-cortadores-de-acero-para-galletas-halloween-2","status":"publish","type":"product","link":"https:\/\/glotomania.com\/pt-pt\/p\/set-cortadores-de-acero-para-galletas-halloween-2\/","title":{"rendered":"Conjunto De Cortadores De A\u00c7o Para Bolachas &#8211; Halloween"},"content":{"rendered":"<p>&nbsp;<\/p>\n<p><span style=\"font-size:14px\"><span style=\"color:#000000\">Este conjunto re&uacute;ne 9 desenhos assustadores sortidos, muito reconhec&iacute;veis e decorativos, ideais para criar doces caseiros com um acabamento especial. Inclui as formas de caveira, fantasma, ab&oacute;bora, morcego, caix&atilde;o, aranha, teia de aranha, Frankenstein e dentes de vampiro.<\/span><\/span><\/p>\n<p><span style=\"font-size:14px\"><span style=\"color:#000000\">&Eacute; uma op&ccedil;&atilde;o ideal tanto para quem gosta de fazer bolachas em casa como para preparar mesas de doces, lembran&ccedil;as, bolachas para oferecer ou atividades de pastelaria em fam&iacute;lia. Gra&ccedil;as &agrave; variedade dos desenhos, poder&aacute; criar uma cole&ccedil;&atilde;o de bolachas de Halloween mais apelativa, original e tem&aacute;tica.<\/span><\/span><\/p>\n<p><span style=\"font-size:14px\"><span style=\"color:#000000\">Fabricados em metal de primeira qualidade, apto para uso alimentar e de f&aacute;cil limpeza. Em <strong>a&ccedil;o inoxid&aacute;vel<\/strong> AISI 304 com 0,4 mm de espessura, com rebordo de 3 mm para proteger ao pressionar.<\/span><\/span><\/p>\n<p><strong><span style=\"font-size:14px\"><span style=\"color:#000000\">Medidas aprox.:<\/span><\/span><\/strong><\/p>\n<ul>\n<li><span style=\"font-size:14px\"><span style=\"color:#000000\"><strong>Caveira<\/strong>: Comprimento 9,3 cm &#8211; Largura 7 cm &#8211; Altura 2,5 cm.<\/span><\/span><\/li>\n<li><span style=\"font-size:14px\"><span style=\"color:#000000\"><strong>Fantasma<\/strong>: Comprimento 7,5 cm &#8211; Largura 10 cm &#8211; Altura 2,5 cm.<\/span><\/span><\/li>\n<li><span style=\"font-size:14px\"><span style=\"color:#000000\"><strong>Ab&oacute;bora<\/strong>: Comprimento 8,7 cm &#8211; Largura 10 cm &#8211; Altura 2,5 cm.<\/span><\/span><\/li>\n<li><span style=\"font-size:14px\"><span style=\"color:#000000\"><strong>Morcego<\/strong>: Largura 9,5 cm &#8211; Altura 4,5 cm &#8211; Profundidade 2,5 cm.<\/span><\/span><\/li>\n<li><span style=\"font-size:14px\"><span style=\"color:#000000\"><strong>Caix&atilde;o<\/strong>: Comprimento 10 cm &#8211; Largura 4,1 cm &#8211; Altura 2,5 cm.<\/span><\/span><\/li>\n<li><span style=\"font-size:14px\"><span style=\"color:#000000\"><strong>Aranha<\/strong>: Comprimento 8,3 cm &#8211; Largura 8,5 cm &#8211; Altura 2,8 cm.<\/span><\/span><\/li>\n<li><span style=\"font-size:14px\"><span style=\"color:#000000\"><strong>Teia de aranha<\/strong>: Comprimento 14,5 cm &#8211; Largura 12 cm &#8211; Altura 2,8 cm.<\/span><\/span><\/li>\n<li><span style=\"font-size:14px\"><span style=\"color:#000000\"><strong>Frankenstein<\/strong>: Comprimento 8,5 cm &#8211; Largura 6,5 cm &#8211; Altura 2,5 cm.<\/span><\/span><\/li>\n<li><span style=\"font-size:14px\"><span style=\"color:#000000\"><strong>Dentes de vampiro<\/strong>: Comprimento 8 cm &#8211; Largura 5,5 cm &#8211; Altura 2,5 cm.<\/span><\/span><\/li>\n<\/ul>\n","protected":false},"excerpt":{"rendered":"<p>Conjunto de 9 cortadores assustadores, perfeitos para preparar bolachas decoradas, fondant, pasta de a\u00e7\u00facar, massap\u00e3o e outras cria\u00e7\u00f5es tem\u00e1ticas de Halloween.<\/p>\n","protected":false},"featured_media":0,"comment_status":"open","ping_status":"closed","template":"","meta":{"_acf_changed":false},"pwb-brand":[],"product_brand":[],"product_cat":[1788,1849,1863,1767],"product_tag":[],"class_list":{"0":"post-395720","1":"product","2":"type-product","3":"status-publish","5":"product_cat-cortadores-de-cobre","6":"product_cat-fiestas","7":"product_cat-halloween","8":"product_cat-utensilios","10":"first","11":"instock","12":"taxable","13":"shipping-taxable","14":"purchasable","15":"product-type-simple"},"acf":[],"df_price":29.95,"df_sale_price":"","df_regular_price":29.95,"df_image_link":"https:\/\/glotomania.com\/wp-content\/uploads\/2025\/11\/2922280_27002-1-300x300.webp","brands":[],"_links":{"self":[{"href":"https:\/\/glotomania.com\/pt-pt\/wp-json\/wp\/v2\/product\/395720","targetHints":{"allow":["GET"]}}],"collection":[{"href":"https:\/\/glotomania.com\/pt-pt\/wp-json\/wp\/v2\/product"}],"about":[{"href":"https:\/\/glotomania.com\/pt-pt\/wp-json\/wp\/v2\/types\/product"}],"replies":[{"embeddable":true,"href":"https:\/\/glotomania.com\/pt-pt\/wp-json\/wp\/v2\/comments?post=395720"}],"wp:attachment":[{"href":"https:\/\/glotomania.com\/pt-pt\/wp-json\/wp\/v2\/media?parent=395720"}],"wp:term":[{"taxonomy":"pwb-brand","embeddable":true,"href":"https:\/\/glotomania.com\/pt-pt\/wp-json\/wp\/v2\/pwb-brand?post=395720"},{"taxonomy":"product_brand","embeddable":true,"href":"https:\/\/glotomania.com\/pt-pt\/wp-json\/wp\/v2\/product_brand?post=395720"},{"taxonomy":"product_cat","embeddable":true,"href":"https:\/\/glotomania.com\/pt-pt\/wp-json\/wp\/v2\/product_cat?post=395720"},{"taxonomy":"product_tag","embeddable":true,"href":"https:\/\/glotomania.com\/pt-pt\/wp-json\/wp\/v2\/product_tag?post=395720"}],"curies":[{"name":"wp","href":"https:\/\/api.w.org\/{rel}","templated":true}]}}