{"id":395784,"date":"2026-04-29T12:09:31","date_gmt":"2026-04-29T12:09:31","guid":{"rendered":"https:\/\/glotomania.com\/p\/set-cortadores-de-acero-para-galletas-animales-marinos-2\/"},"modified":"2026-04-30T14:13:55","modified_gmt":"2026-04-30T14:13:55","slug":"set-cortadores-de-acero-para-galletas-animales-marinos-2","status":"publish","type":"product","link":"https:\/\/glotomania.com\/pt-pt\/p\/set-cortadores-de-acero-para-galletas-animales-marinos-2\/","title":{"rendered":"Conjunto De Cortadores De A\u00c7o Para Bolachas &#8211; Animais Marinhos"},"content":{"rendered":"<p>&nbsp;<\/p>\n<p><span style=\"font-size:14px\"><span style=\"color:#000000\">Este conjunto re&uacute;ne 6 desenhos muito reconhec&iacute;veis e decorativos, ideais para criar doces caseiros com um acabamento especial. Inclui as formas de baleia, cavalo-marinho, golfinho, lagosta, tartaruga e farol. &Eacute; uma op&ccedil;&atilde;o ideal tanto para quem gosta de fazer bolachas em casa como para preparar mesas de doces, lembran&ccedil;as, bolachas para oferecer ou atividades de pastelaria em fam&iacute;lia. Gra&ccedil;as &agrave; variedade dos desenhos, poder&aacute; criar uma cole&ccedil;&atilde;o de bolachas com tema do oceano mais apelativa, original e tem&aacute;tica.<\/span><\/span><\/p>\n<p><span style=\"font-size:14px\"><span style=\"color:#000000\">Fabricados em metal de primeira qualidade, apto para uso alimentar e de f&aacute;cil limpeza. Em <strong>a&ccedil;o inoxid&aacute;vel<\/strong> AISI 304 com 0,4 mm de espessura, com rebordo de 3 mm para proteger ao pressionar.<\/span><\/span><\/p>\n<p><strong><span style=\"font-size:14px\"><span style=\"color:#000000\">Medidas aprox.:<\/span><\/span><\/strong><\/p>\n<ul>\n<li><span style=\"font-size:14px\"><span style=\"color:#000000\"><strong>Baleia<\/strong>: Comprimento 9,5 cm &#8211; Largura 5 cm &#8211; Altura 2,8 cm.<\/span><\/span><\/li>\n<li><span style=\"font-size:14px\"><span style=\"color:#000000\"><strong>Cavalo-marinho<\/strong>: Comprimento 5,5 cm &#8211; Largura 11,5 cm &#8211; Altura 2,8 cm.<\/span><\/span><\/li>\n<li><span style=\"font-size:14px\"><span style=\"color:#000000\"><strong>Golfinho<\/strong>: Comprimento 5,5 cm &#8211; Largura 10 cm &#8211; Altura 2,8 cm.<\/span><\/span><\/li>\n<li><span style=\"font-size:14px\"><span style=\"color:#000000\"><strong>Lagosta<\/strong>: Comprimento 8,5 cm &#8211; Largura 10 cm &#8211; Altura 2,8 cm.<\/span><\/span><\/li>\n<li><span style=\"font-size:14px\"><span style=\"color:#000000\"><strong>Tartaruga<\/strong>: Comprimento 10,8 cm &#8211; Largura 5,5 cm &#8211; Altura 2,8 cm.<\/span><\/span><\/li>\n<li><span style=\"font-size:14px\"><span style=\"color:#000000\"><strong>Farol<\/strong>: Comprimento 5,5 cm &#8211; Largura 10 cm &#8211; Altura 2,8 cm.<\/span><\/span><\/li>\n<\/ul>\n","protected":false},"excerpt":{"rendered":"<p>Conjunto de 6 cortadores perfeitos para preparar bolachas decoradas, fondant, pasta de a\u00e7\u00facar, massap\u00e3o e outras cria\u00e7\u00f5es tem\u00e1ticas do oceano.<\/p>\n","protected":false},"featured_media":395783,"comment_status":"open","ping_status":"closed","template":"","meta":{"_acf_changed":false},"pwb-brand":[],"product_brand":[],"product_cat":[1788,2204,1849,1767],"product_tag":[],"class_list":{"0":"post-395784","1":"product","2":"type-product","3":"status-publish","4":"has-post-thumbnail","6":"product_cat-cortadores-de-cobre","7":"product_cat-dias-especiales","8":"product_cat-fiestas","9":"product_cat-utensilios","11":"first","12":"instock","13":"taxable","14":"shipping-taxable","15":"purchasable","16":"product-type-simple"},"acf":[],"df_price":16.3,"df_sale_price":"","df_regular_price":16.3,"df_image_link":"https:\/\/glotomania.com\/wp-content\/uploads\/2026\/04\/img_28757_b252b1c908011e4fdf21a1a9834d2d33_1.jpg","brands":[],"_links":{"self":[{"href":"https:\/\/glotomania.com\/pt-pt\/wp-json\/wp\/v2\/product\/395784","targetHints":{"allow":["GET"]}}],"collection":[{"href":"https:\/\/glotomania.com\/pt-pt\/wp-json\/wp\/v2\/product"}],"about":[{"href":"https:\/\/glotomania.com\/pt-pt\/wp-json\/wp\/v2\/types\/product"}],"replies":[{"embeddable":true,"href":"https:\/\/glotomania.com\/pt-pt\/wp-json\/wp\/v2\/comments?post=395784"}],"wp:featuredmedia":[{"embeddable":true,"href":"https:\/\/glotomania.com\/pt-pt\/wp-json\/wp\/v2\/media\/395783"}],"wp:attachment":[{"href":"https:\/\/glotomania.com\/pt-pt\/wp-json\/wp\/v2\/media?parent=395784"}],"wp:term":[{"taxonomy":"pwb-brand","embeddable":true,"href":"https:\/\/glotomania.com\/pt-pt\/wp-json\/wp\/v2\/pwb-brand?post=395784"},{"taxonomy":"product_brand","embeddable":true,"href":"https:\/\/glotomania.com\/pt-pt\/wp-json\/wp\/v2\/product_brand?post=395784"},{"taxonomy":"product_cat","embeddable":true,"href":"https:\/\/glotomania.com\/pt-pt\/wp-json\/wp\/v2\/product_cat?post=395784"},{"taxonomy":"product_tag","embeddable":true,"href":"https:\/\/glotomania.com\/pt-pt\/wp-json\/wp\/v2\/product_tag?post=395784"}],"curies":[{"name":"wp","href":"https:\/\/api.w.org\/{rel}","templated":true}]}}