{"id":395786,"date":"2026-04-29T12:09:37","date_gmt":"2026-04-29T12:09:37","guid":{"rendered":"https:\/\/glotomania.com\/p\/set-cortadores-de-acero-para-galletas-nina-coqueta-2\/"},"modified":"2026-05-01T16:10:07","modified_gmt":"2026-05-01T16:10:07","slug":"set-cortadores-de-acero-para-galletas-nina-coqueta-2","status":"publish","type":"product","link":"https:\/\/glotomania.com\/pt-pt\/p\/set-cortadores-de-acero-para-galletas-nina-coqueta-2\/","title":{"rendered":"Conjunto De Cortadores De A\u00c7o Para Bolachas &#8211; Menina Coqueta"},"content":{"rendered":"<p>&nbsp;<\/p>\n<p><span style=\"font-size:14px\"><span style=\"color:#000000\">Este conjunto re&uacute;ne 4 desenhos muito reconhec&iacute;veis e decorativos, ideais para criar doces caseiros com um acabamento especial. Inclui as formas de secador de cabelo, pente, la&ccedil;o e menina coqueta. &Eacute; uma op&ccedil;&atilde;o ideal tanto para quem gosta de fazer bolachas em casa como para preparar mesas de doces, lembran&ccedil;as, bolachas para oferecer ou atividades de pastelaria em fam&iacute;lia. Gra&ccedil;as &agrave; variedade dos desenhos, poder&aacute; criar uma cole&ccedil;&atilde;o de bolachas coquette mais apelativa, original e tem&aacute;tica.<\/span><\/span><\/p>\n<p><span style=\"font-size:14px\"><span style=\"color:#000000\">Fabricados em metal de primeira qualidade, apto para uso alimentar e de f&aacute;cil limpeza. Em <strong>a&ccedil;o inoxid&aacute;vel<\/strong> AISI 304 com 0,4 mm de espessura, com rebordo de 3 mm para proteger ao pressionar.<\/span><\/span><\/p>\n<p><strong><span style=\"font-size:14px\"><span style=\"color:#000000\">Medidas aprox.:<\/span><\/span><\/strong><\/p>\n<ul>\n<li><span style=\"font-size:14px\"><span style=\"color:#000000\"><strong>Secador de cabelo<\/strong>: Comprimento 6,8 cm &#8211; Largura 6,2 cm &#8211; Altura 2,5 cm.<\/span><\/span><\/li>\n<li><span style=\"font-size:14px\"><span style=\"color:#000000\"><strong>Pente<\/strong>: Comprimento 6,8 cm &#8211; Largura 2,8 cm &#8211; Altura 2,5 cm.<\/span><\/span><\/li>\n<li><span style=\"font-size:14px\"><span style=\"color:#000000\"><strong>La&ccedil;o<\/strong>: Comprimento 8 cm &#8211; Largura 7 cm &#8211; Altura 2,5 cm.<\/span><\/span><\/li>\n<li><span style=\"font-size:14px\"><span style=\"color:#000000\"><strong>Menina coqueta<\/strong>: Comprimento 10 cm &#8211; Largura 7 cm &#8211; Altura 2,5 cm.<\/span><\/span><\/li>\n<\/ul>\n","protected":false},"excerpt":{"rendered":"<p>Conjunto de 4 cortadores perfeitos para preparar bolachas decoradas, fondant, pasta de a\u00e7\u00facar, massap\u00e3o e outras cria\u00e7\u00f5es tem\u00e1ticas de menina coqueta.<\/p>\n","protected":false},"featured_media":395877,"comment_status":"open","ping_status":"closed","template":"","meta":{"_acf_changed":false},"pwb-brand":[],"product_brand":[],"product_cat":[1852,1788,2204,1862,1849,1767],"product_tag":[],"class_list":{"0":"post-395786","1":"product","2":"type-product","3":"status-publish","4":"has-post-thumbnail","6":"product_cat-san-valentin","7":"product_cat-cortadores-de-cobre","8":"product_cat-dias-especiales","9":"product_cat-comuniones","10":"product_cat-fiestas","11":"product_cat-utensilios","13":"first","14":"instock","15":"taxable","16":"shipping-taxable","17":"purchasable","18":"product-type-simple"},"acf":[],"df_price":6.75,"df_sale_price":"","df_regular_price":6.75,"df_image_link":"https:\/\/glotomania.com\/wp-content\/uploads\/2026\/05\/img_28772_fc79a1d2cff676722a15ad7d2c581683_1.jpg","brands":[],"_links":{"self":[{"href":"https:\/\/glotomania.com\/pt-pt\/wp-json\/wp\/v2\/product\/395786","targetHints":{"allow":["GET"]}}],"collection":[{"href":"https:\/\/glotomania.com\/pt-pt\/wp-json\/wp\/v2\/product"}],"about":[{"href":"https:\/\/glotomania.com\/pt-pt\/wp-json\/wp\/v2\/types\/product"}],"replies":[{"embeddable":true,"href":"https:\/\/glotomania.com\/pt-pt\/wp-json\/wp\/v2\/comments?post=395786"}],"wp:featuredmedia":[{"embeddable":true,"href":"https:\/\/glotomania.com\/pt-pt\/wp-json\/wp\/v2\/media\/395877"}],"wp:attachment":[{"href":"https:\/\/glotomania.com\/pt-pt\/wp-json\/wp\/v2\/media?parent=395786"}],"wp:term":[{"taxonomy":"pwb-brand","embeddable":true,"href":"https:\/\/glotomania.com\/pt-pt\/wp-json\/wp\/v2\/pwb-brand?post=395786"},{"taxonomy":"product_brand","embeddable":true,"href":"https:\/\/glotomania.com\/pt-pt\/wp-json\/wp\/v2\/product_brand?post=395786"},{"taxonomy":"product_cat","embeddable":true,"href":"https:\/\/glotomania.com\/pt-pt\/wp-json\/wp\/v2\/product_cat?post=395786"},{"taxonomy":"product_tag","embeddable":true,"href":"https:\/\/glotomania.com\/pt-pt\/wp-json\/wp\/v2\/product_tag?post=395786"}],"curies":[{"name":"wp","href":"https:\/\/api.w.org\/{rel}","templated":true}]}}