{"id":395789,"date":"2026-04-29T12:09:44","date_gmt":"2026-04-29T12:09:44","guid":{"rendered":"https:\/\/glotomania.com\/p\/set-cortadores-metalicos-para-galletas-transportes-2\/"},"modified":"2026-04-29T12:09:51","modified_gmt":"2026-04-29T12:09:51","slug":"set-cortadores-metalicos-para-galletas-transportes-2","status":"publish","type":"product","link":"https:\/\/glotomania.com\/pt-pt\/p\/set-cortadores-metalicos-para-galletas-transportes-2\/","title":{"rendered":"Conjunto De Cortadores Met\u00c1licos Para Bolachas &#8211; Transportes"},"content":{"rendered":"<div>&nbsp;<\/div>\n<div><span style=\"font-size:14px\"><span style=\"color:#000000\">Este conjunto re&uacute;ne 5 desenhos muito reconhec&iacute;veis e decorativos, ideais para criar doces caseiros com um acabamento especial. Inclui as formas de carro, comboio, barco, bandeira e ta&ccedil;a trof&eacute;u. &Eacute; uma op&ccedil;&atilde;o ideal tanto para quem gosta de fazer bolachas em casa como para preparar mesas de doces, lembran&ccedil;as, bolachas para oferecer ou atividades de pastelaria em fam&iacute;lia. Gra&ccedil;as &agrave; variedade dos desenhos, poder&aacute; criar uma cole&ccedil;&atilde;o de bolachas de transportes e corridas mais apelativa, original e tem&aacute;tica.<\/span><\/span><br \/>\n&nbsp;<\/div>\n<div><span style=\"font-size:14px\"><span style=\"color:#000000\">Fabricados em metal de primeira qualidade, apto para uso alimentar e de f&aacute;cil limpeza.<\/span><\/span><br \/>\n&nbsp;<\/div>\n<div><span style=\"font-size:14px\"><span style=\"color:#000000\"><strong>Medidas aprox.:<\/strong><\/span><\/span><\/div>\n<ul>\n<li><span style=\"font-size:14px\"><span style=\"color:#000000\"><strong>Carro<\/strong>: Comprimento 7 cm &#8211; Largura 5,5 cm &#8211; Altura 2,5 cm.<\/span><\/span><\/li>\n<li><span style=\"font-size:14px\"><span style=\"color:#000000\"><strong>Bandeira<\/strong>: Largura 8 cm &#8211; Comprimento 7,5 cm &#8211; Altura 2,5 cm.<\/span><\/span><\/li>\n<li><span style=\"font-size:14px\"><span style=\"color:#000000\"><strong>Ta&ccedil;a trof&eacute;u<\/strong>: Largura 5 cm &#8211; Comprimento 8 cm &#8211; Altura 2,5 cm.<\/span><\/span><\/li>\n<li><span style=\"font-size:14px\"><span style=\"color:#000000\"><strong>Barco<\/strong>: Comprimento 7,5 cm &#8211; Largura 5 cm &#8211; Altura 2,5 cm.<\/span><\/span><\/li>\n<li><span style=\"font-size:14px\"><span style=\"color:#000000\"><strong>Comboio<\/strong>: Comprimento 7 cm &#8211; Largura 5 cm &#8211; Altura 2,5 cm.<\/span><\/span><\/li>\n<\/ul>\n","protected":false},"excerpt":{"rendered":"<p>Conjunto de 5 cortadores perfeitos para preparar bolachas decoradas, fondant, pasta de a\u00e7\u00facar, massap\u00e3o e outras cria\u00e7\u00f5es tem\u00e1ticas de ve\u00edculos e corridas.<\/p>\n","protected":false},"featured_media":395788,"comment_status":"open","ping_status":"closed","template":"","meta":{"_acf_changed":false},"pwb-brand":[],"product_brand":[],"product_cat":[1788,2204,1862,1951,1849,1767],"product_tag":[],"class_list":{"0":"post-395789","1":"product","2":"type-product","3":"status-publish","4":"has-post-thumbnail","6":"product_cat-cortadores-de-cobre","7":"product_cat-dias-especiales","8":"product_cat-comuniones","9":"product_cat-dia-del-padre","10":"product_cat-fiestas","11":"product_cat-utensilios","13":"first","14":"instock","15":"taxable","16":"shipping-taxable","17":"purchasable","18":"product-type-simple"},"acf":[],"df_price":4.99,"df_sale_price":"","df_regular_price":4.99,"df_image_link":"https:\/\/glotomania.com\/wp-content\/uploads\/2026\/04\/img_28774_d9f82121a3cfb012346b5afa107a6189_1.jpg","brands":[],"_links":{"self":[{"href":"https:\/\/glotomania.com\/pt-pt\/wp-json\/wp\/v2\/product\/395789","targetHints":{"allow":["GET"]}}],"collection":[{"href":"https:\/\/glotomania.com\/pt-pt\/wp-json\/wp\/v2\/product"}],"about":[{"href":"https:\/\/glotomania.com\/pt-pt\/wp-json\/wp\/v2\/types\/product"}],"replies":[{"embeddable":true,"href":"https:\/\/glotomania.com\/pt-pt\/wp-json\/wp\/v2\/comments?post=395789"}],"wp:featuredmedia":[{"embeddable":true,"href":"https:\/\/glotomania.com\/pt-pt\/wp-json\/wp\/v2\/media\/395788"}],"wp:attachment":[{"href":"https:\/\/glotomania.com\/pt-pt\/wp-json\/wp\/v2\/media?parent=395789"}],"wp:term":[{"taxonomy":"pwb-brand","embeddable":true,"href":"https:\/\/glotomania.com\/pt-pt\/wp-json\/wp\/v2\/pwb-brand?post=395789"},{"taxonomy":"product_brand","embeddable":true,"href":"https:\/\/glotomania.com\/pt-pt\/wp-json\/wp\/v2\/product_brand?post=395789"},{"taxonomy":"product_cat","embeddable":true,"href":"https:\/\/glotomania.com\/pt-pt\/wp-json\/wp\/v2\/product_cat?post=395789"},{"taxonomy":"product_tag","embeddable":true,"href":"https:\/\/glotomania.com\/pt-pt\/wp-json\/wp\/v2\/product_tag?post=395789"}],"curies":[{"name":"wp","href":"https:\/\/api.w.org\/{rel}","templated":true}]}}