{"id":395821,"date":"2026-04-30T14:14:06","date_gmt":"2026-04-30T14:14:06","guid":{"rendered":"https:\/\/glotomania.com\/p\/set-cortadores-de-acero-para-galletas-eroticas-2\/"},"modified":"2026-04-30T14:14:11","modified_gmt":"2026-04-30T14:14:11","slug":"set-cortadores-de-acero-para-galletas-eroticas-2","status":"publish","type":"product","link":"https:\/\/glotomania.com\/pt-pt\/p\/set-cortadores-de-acero-para-galletas-eroticas-2\/","title":{"rendered":"Conjunto De Cortadores De A\u00c7o Para Bolachas Er\u00d3ticas"},"content":{"rendered":"<p>&nbsp;<\/p>\n<p><span style=\"font-size:14px\"><span style=\"color:#000000\">Este conjunto re&uacute;ne 4 desenhos muito reconhec&iacute;veis e decorativos, ideais para criar doces caseiros com um acabamento especial. Inclui as formas de p&eacute;nis erecto, p&eacute;nis fl&aacute;cido e 2 posi&ccedil;&otilde;es do Kamasutra. &Eacute; uma op&ccedil;&atilde;o ideal tanto para quem gosta de fazer bolachas em casa como para preparar detalhes ou bolachas para oferecer. Gra&ccedil;as &agrave; variedade dos desenhos, poder&aacute; criar uma cole&ccedil;&atilde;o de bolachas er&oacute;ticas mais apelativa, original e tem&aacute;tica.<\/span><\/span><\/p>\n<p><span style=\"font-size:14px\"><span style=\"color:#000000\">Fabricados em metal de primeira qualidade, apto para uso alimentar e de f&aacute;cil limpeza. Em <strong>a&ccedil;o inoxid&aacute;vel<\/strong> AISI 304 com 0,4 mm de espessura, com rebordo de 3 mm para proteger ao pressionar.<\/span><\/span><\/p>\n<p><span style=\"font-size:14px\"><span style=\"color:#000000\"><strong>Medidas aprox.:<\/strong><\/span><\/span><\/p>\n<ul>\n<li><span style=\"font-size:14px\"><span style=\"color:#000000\"><strong>P&eacute;nis erecto<\/strong>: Comprimento 6,5 cm &#8211; Largura 12 cm &#8211; Altura 2,5 cm.<\/span><\/span><\/li>\n<li><span style=\"font-size:14px\"><span style=\"color:#000000\"><strong>P&eacute;nis fl&aacute;cido<\/strong>: Comprimento 7 cm &#8211; Largura 11 cm &#8211; Altura 2,5 cm.<\/span><\/span><\/li>\n<li><span style=\"font-size:14px\"><span style=\"color:#000000\"><strong>Posi&ccedil;&otilde;es do Kamasutra<\/strong>: aprox. 9 cm.<\/span><\/span><\/li>\n<\/ul>\n","protected":false},"excerpt":{"rendered":"<p>Conjunto de 4 cortadores perfeitos para preparar bolachas decoradas, fondant, pasta de a\u00e7\u00facar, massap\u00e3o e outras cria\u00e7\u00f5es er\u00f3ticas criativas, ideais para despedidas de solteira e de solteiro.<\/p>\n","protected":false},"featured_media":0,"comment_status":"open","ping_status":"closed","template":"","meta":{"_acf_changed":false},"pwb-brand":[],"product_brand":[],"product_cat":[1788,2204,1849,1767],"product_tag":[],"class_list":{"0":"post-395821","1":"product","2":"type-product","3":"status-publish","5":"product_cat-cortadores-de-cobre","6":"product_cat-dias-especiales","7":"product_cat-fiestas","8":"product_cat-utensilios","10":"first","11":"instock","12":"taxable","13":"shipping-taxable","14":"purchasable","15":"product-type-simple"},"acf":[],"df_price":12.5,"df_sale_price":"","df_regular_price":12.5,"df_image_link":"https:\/\/glotomania.com\/wp-content\/uploads\/2025\/11\/2922280_27002-1-300x300.webp","brands":[],"_links":{"self":[{"href":"https:\/\/glotomania.com\/pt-pt\/wp-json\/wp\/v2\/product\/395821","targetHints":{"allow":["GET"]}}],"collection":[{"href":"https:\/\/glotomania.com\/pt-pt\/wp-json\/wp\/v2\/product"}],"about":[{"href":"https:\/\/glotomania.com\/pt-pt\/wp-json\/wp\/v2\/types\/product"}],"replies":[{"embeddable":true,"href":"https:\/\/glotomania.com\/pt-pt\/wp-json\/wp\/v2\/comments?post=395821"}],"wp:attachment":[{"href":"https:\/\/glotomania.com\/pt-pt\/wp-json\/wp\/v2\/media?parent=395821"}],"wp:term":[{"taxonomy":"pwb-brand","embeddable":true,"href":"https:\/\/glotomania.com\/pt-pt\/wp-json\/wp\/v2\/pwb-brand?post=395821"},{"taxonomy":"product_brand","embeddable":true,"href":"https:\/\/glotomania.com\/pt-pt\/wp-json\/wp\/v2\/product_brand?post=395821"},{"taxonomy":"product_cat","embeddable":true,"href":"https:\/\/glotomania.com\/pt-pt\/wp-json\/wp\/v2\/product_cat?post=395821"},{"taxonomy":"product_tag","embeddable":true,"href":"https:\/\/glotomania.com\/pt-pt\/wp-json\/wp\/v2\/product_tag?post=395821"}],"curies":[{"name":"wp","href":"https:\/\/api.w.org\/{rel}","templated":true}]}}