{"id":395824,"date":"2026-04-30T14:14:12","date_gmt":"2026-04-30T14:14:12","guid":{"rendered":"https:\/\/glotomania.com\/p\/set-cortadores-de-acero-para-galletas-orlas-clasicas-2\/"},"modified":"2026-04-30T14:14:19","modified_gmt":"2026-04-30T14:14:19","slug":"set-cortadores-de-acero-para-galletas-orlas-clasicas-2","status":"publish","type":"product","link":"https:\/\/glotomania.com\/pt-pt\/p\/set-cortadores-de-acero-para-galletas-orlas-clasicas-2\/","title":{"rendered":"Conjunto De Cortadores De A\u00c7o Para Bolachas &#8211; Orlas Cl\u00c1ssicas"},"content":{"rendered":"<p>&nbsp;<\/p>\n<p><span style=\"font-size:14px\"><span style=\"color:#000000\">Este conjunto re&uacute;ne 4 desenhos ideais para criar doces caseiros com um acabamento especial e elegante para todo o tipo de prepara&ccedil;&otilde;es. &Eacute; uma op&ccedil;&atilde;o ideal tanto para quem gosta de fazer bolachas em casa como para preparar mesas de doces, detalhes, bolachas para oferecer ou atividades de pastelaria em fam&iacute;lia.<\/span><\/span><\/p>\n<p><span style=\"font-size:14px\"><span style=\"color:#000000\">Fabricados em metal de primeira qualidade, apto para uso alimentar e de f&aacute;cil limpeza. Em <strong>a&ccedil;o inoxid&aacute;vel<\/strong> AISI 304 com 0,4 mm de espessura, com rebordo de 3 mm para proteger ao pressionar.<\/span><\/span><\/p>\n<p><span style=\"font-size:14px\"><span style=\"color:#000000\"><strong>Medidas aprox.:<\/strong><\/span><\/span><\/p>\n<ul>\n<li><span style=\"font-size:14px\"><span style=\"color:#000000\"><strong>Orla quadrada<\/strong>: Comprimento 8,8 cm &#8211; Largura 8,8 cm &#8211; Altura 2,5 cm.<\/span><\/span><\/li>\n<li><span style=\"font-size:14px\"><span style=\"color:#000000\"><strong>Orla recortada<\/strong>: Comprimento 11,3 cm &#8211; Largura 8,2 cm &#8211; Altura 2,8 cm.<\/span><\/span><\/li>\n<li><span style=\"font-size:14px\"><span style=\"color:#000000\"><strong>Orla trevo<\/strong>: Comprimento 10,8 cm &#8211; Largura 9 cm &#8211; Altura 2,5 cm.<\/span><\/span><\/li>\n<li><span style=\"font-size:14px\"><span style=\"color:#000000\"><strong>Orla com pontas<\/strong>: Comprimento 10,5 cm &#8211; Largura 10,5 cm &#8211; Altura 2,8 cm.<\/span><\/span><\/li>\n<\/ul>\n","protected":false},"excerpt":{"rendered":"<p>Conjunto de 4 cortadores met\u00e1licos com formas de orlas cl\u00e1ssicas, perfeitos para dar um acabamento elegante e decorativo a bolachas, fondant e outras cria\u00e7\u00f5es criativas.<\/p>\n","protected":false},"featured_media":395823,"comment_status":"open","ping_status":"closed","template":"","meta":{"_acf_changed":false},"pwb-brand":[],"product_brand":[],"product_cat":[1852,1788,2204,1888,1862,1885,1849,1767],"product_tag":[],"class_list":{"0":"post-395824","1":"product","2":"type-product","3":"status-publish","4":"has-post-thumbnail","6":"product_cat-san-valentin","7":"product_cat-cortadores-de-cobre","8":"product_cat-dias-especiales","9":"product_cat-bodas","10":"product_cat-comuniones","11":"product_cat-bautizos","12":"product_cat-fiestas","13":"product_cat-utensilios","15":"first","16":"instock","17":"taxable","18":"shipping-taxable","19":"purchasable","20":"product-type-simple"},"acf":[],"df_price":12.13,"df_sale_price":"","df_regular_price":12.13,"df_image_link":"https:\/\/glotomania.com\/wp-content\/uploads\/2026\/04\/img_28786_8adc476f83f698cbd557a88ded135271_1.jpg","brands":[],"_links":{"self":[{"href":"https:\/\/glotomania.com\/pt-pt\/wp-json\/wp\/v2\/product\/395824","targetHints":{"allow":["GET"]}}],"collection":[{"href":"https:\/\/glotomania.com\/pt-pt\/wp-json\/wp\/v2\/product"}],"about":[{"href":"https:\/\/glotomania.com\/pt-pt\/wp-json\/wp\/v2\/types\/product"}],"replies":[{"embeddable":true,"href":"https:\/\/glotomania.com\/pt-pt\/wp-json\/wp\/v2\/comments?post=395824"}],"wp:featuredmedia":[{"embeddable":true,"href":"https:\/\/glotomania.com\/pt-pt\/wp-json\/wp\/v2\/media\/395823"}],"wp:attachment":[{"href":"https:\/\/glotomania.com\/pt-pt\/wp-json\/wp\/v2\/media?parent=395824"}],"wp:term":[{"taxonomy":"pwb-brand","embeddable":true,"href":"https:\/\/glotomania.com\/pt-pt\/wp-json\/wp\/v2\/pwb-brand?post=395824"},{"taxonomy":"product_brand","embeddable":true,"href":"https:\/\/glotomania.com\/pt-pt\/wp-json\/wp\/v2\/product_brand?post=395824"},{"taxonomy":"product_cat","embeddable":true,"href":"https:\/\/glotomania.com\/pt-pt\/wp-json\/wp\/v2\/product_cat?post=395824"},{"taxonomy":"product_tag","embeddable":true,"href":"https:\/\/glotomania.com\/pt-pt\/wp-json\/wp\/v2\/product_tag?post=395824"}],"curies":[{"name":"wp","href":"https:\/\/api.w.org\/{rel}","templated":true}]}}