{"id":395827,"date":"2026-04-30T14:14:19","date_gmt":"2026-04-30T14:14:19","guid":{"rendered":"https:\/\/glotomania.com\/p\/set-cortadores-de-acero-para-galletas-orlas-romanticas-2\/"},"modified":"2026-04-30T14:14:25","modified_gmt":"2026-04-30T14:14:25","slug":"set-cortadores-de-acero-para-galletas-orlas-romanticas-2","status":"publish","type":"product","link":"https:\/\/glotomania.com\/pt-pt\/p\/set-cortadores-de-acero-para-galletas-orlas-romanticas-2\/","title":{"rendered":"Conjunto De Cortadores De A\u00c7o Para Bolachas \u2013 Orlas Rom\u00c2nticas"},"content":{"rendered":"<p data-end=\"2199\" data-start=\"1896\">&nbsp;<\/p>\n<p data-end=\"2199\" data-start=\"1896\"><span style=\"font-size:14px\"><span style=\"color:#000000\">Este conjunto re&uacute;ne 4 designs ideais para criar doces caseiros com um acabamento especial e elegante para todo tipo de prepara&ccedil;&otilde;es. &Eacute; uma op&ccedil;&atilde;o ideal tanto para quem gosta de assar em casa como para preparar mesas de doces, lembrancinhas, biscoitos para oferecer ou atividades de confeitaria em fam&iacute;lia.<\/span><\/span><\/p>\n<p data-end=\"2397\" data-start=\"2201\"><span style=\"font-size:14px\"><span style=\"color:#000000\">Fabricados em metal de primeira qualidade, adequado para uso alimentar e de f&aacute;cil limpeza. Feitos em <strong>a&ccedil;o inoxid&aacute;vel<\/strong> AISI 304 com 0,4 mm de espessura, com borda de 3 mm para proteger ao pressionar.<\/span><\/span><\/p>\n<p data-end=\"2418\" data-start=\"2399\"><span style=\"font-size:14px\"><span style=\"color:#000000\"><strong data-end=\"2418\" data-start=\"2399\">Medidas aprox.:<\/strong><\/span><\/span><\/p>\n<ul>\n<li data-end=\"2726\" data-is-last-node=\"\" data-is-only-node=\"\" data-start=\"2420\"><span style=\"font-size:14px\"><span style=\"color:#000000\"><strong>Orla retangular<\/strong>: Comprimento 12,6 cm &ndash; Largura 8,6 cm &ndash; Altura 2,5 cm.<\/span><\/span><\/li>\n<li data-end=\"2726\" data-is-last-node=\"\" data-is-only-node=\"\" data-start=\"2420\"><span style=\"font-size:14px\"><span style=\"color:#000000\"><strong>Orla floral<\/strong>: Comprimento 11,3 cm &ndash; Largura 8,2 cm &ndash; Altura 2,8 cm.<\/span><\/span><\/li>\n<li data-end=\"2726\" data-is-last-node=\"\" data-is-only-node=\"\" data-start=\"2420\"><span style=\"font-size:14px\"><span style=\"color:#000000\"><strong>Orla ondulada irregular<\/strong>: Comprimento 10,8 cm &ndash; Largura 8,8 cm &ndash; Altura 2,5 cm.<\/span><\/span><\/li>\n<li data-end=\"2726\" data-is-last-node=\"\" data-is-only-node=\"\" data-start=\"2420\"><span style=\"font-size:14px\"><span style=\"color:#000000\"><strong>Orla geom&eacute;trica<\/strong>: Comprimento 10,5 cm &ndash; Largura 11,5 cm &ndash; Altura 2,8 cm.<\/span><\/span><\/li>\n<\/ul>\n","protected":false},"excerpt":{"rendered":"<p>Conjunto de 4 cortadores met\u00e1licos com formas de orlas cl\u00e1ssicas, perfeitos para dar um acabamento elegante e decorativo a bolachas, fondant e outras cria\u00e7\u00f5es criativas.<\/p>\n","protected":false},"featured_media":395826,"comment_status":"open","ping_status":"closed","template":"","meta":{"_acf_changed":false},"pwb-brand":[],"product_brand":[],"product_cat":[1852,1788,2204,1888,1862,1885,1849,1767],"product_tag":[],"class_list":{"0":"post-395827","1":"product","2":"type-product","3":"status-publish","4":"has-post-thumbnail","6":"product_cat-san-valentin","7":"product_cat-cortadores-de-cobre","8":"product_cat-dias-especiales","9":"product_cat-bodas","10":"product_cat-comuniones","11":"product_cat-bautizos","12":"product_cat-fiestas","13":"product_cat-utensilios","15":"first","16":"instock","17":"taxable","18":"shipping-taxable","19":"purchasable","20":"product-type-simple"},"acf":[],"df_price":10.95,"df_sale_price":"","df_regular_price":10.95,"df_image_link":"https:\/\/glotomania.com\/wp-content\/uploads\/2026\/04\/img_28785_e331adaedb1451201a27d355b26824b7_1.jpg","brands":[],"_links":{"self":[{"href":"https:\/\/glotomania.com\/pt-pt\/wp-json\/wp\/v2\/product\/395827","targetHints":{"allow":["GET"]}}],"collection":[{"href":"https:\/\/glotomania.com\/pt-pt\/wp-json\/wp\/v2\/product"}],"about":[{"href":"https:\/\/glotomania.com\/pt-pt\/wp-json\/wp\/v2\/types\/product"}],"replies":[{"embeddable":true,"href":"https:\/\/glotomania.com\/pt-pt\/wp-json\/wp\/v2\/comments?post=395827"}],"wp:featuredmedia":[{"embeddable":true,"href":"https:\/\/glotomania.com\/pt-pt\/wp-json\/wp\/v2\/media\/395826"}],"wp:attachment":[{"href":"https:\/\/glotomania.com\/pt-pt\/wp-json\/wp\/v2\/media?parent=395827"}],"wp:term":[{"taxonomy":"pwb-brand","embeddable":true,"href":"https:\/\/glotomania.com\/pt-pt\/wp-json\/wp\/v2\/pwb-brand?post=395827"},{"taxonomy":"product_brand","embeddable":true,"href":"https:\/\/glotomania.com\/pt-pt\/wp-json\/wp\/v2\/product_brand?post=395827"},{"taxonomy":"product_cat","embeddable":true,"href":"https:\/\/glotomania.com\/pt-pt\/wp-json\/wp\/v2\/product_cat?post=395827"},{"taxonomy":"product_tag","embeddable":true,"href":"https:\/\/glotomania.com\/pt-pt\/wp-json\/wp\/v2\/product_tag?post=395827"}],"curies":[{"name":"wp","href":"https:\/\/api.w.org\/{rel}","templated":true}]}}