{"id":395829,"date":"2026-04-30T14:14:26","date_gmt":"2026-04-30T14:14:26","guid":{"rendered":"https:\/\/glotomania.com\/p\/set-capsulas-para-cupcakes-estampado-de-leopardo-90-u-2\/"},"modified":"2026-04-30T14:14:32","modified_gmt":"2026-04-30T14:14:32","slug":"set-capsulas-para-cupcakes-estampado-de-leopardo-90-u-2","status":"publish","type":"product","link":"https:\/\/glotomania.com\/pt-pt\/p\/set-capsulas-para-cupcakes-estampado-de-leopardo-90-u-2\/","title":{"rendered":"Set De C\u00c1psulas Para Cupcakes Com Estampado Leopardo (90 Un.)"},"content":{"rendered":"<p data-end=\"7076\" data-start=\"6745\">&nbsp;<\/p>\n<p data-end=\"7076\" data-start=\"6745\"><span style=\"font-size:14px\"><span style=\"color:#000000\">S&atilde;o fabricadas em papel de primeira qualidade, apto para uso alimentar, com <strong>efeito antiaderente<\/strong>, o que facilita o desenformar e ajuda a conseguir um acabamento mais limpo e profissional. Al&eacute;m disso, s&atilde;o resistentes &agrave; congela&ccedil;&atilde;o, adequadas para micro-ondas e para cozedura no forno <strong>at&eacute; 230 &ordm;C<\/strong>, mantendo a cor sem perder intensidade.<\/span><\/span><\/p>\n<p data-end=\"7303\" data-start=\"7078\"><span style=\"font-size:14px\"><span style=\"color:#000000\">Ideais para preparar cupcakes, muffins, madalenas e outras cria&ccedil;&otilde;es de pastelaria. Para uma cozedura mais uniforme e para que mantenham melhor a sua forma, recomenda-se a sua utiliza&ccedil;&atilde;o com tabuleiros ou formas com cavidades.<\/span><\/span><\/p>\n<p data-end=\"7352\" data-start=\"7305\"><span style=\"font-size:14px\"><span style=\"color:#000000\"><strong>Medidas aprox.:<\/strong> &Oslash; da base 5 cm &ndash; altura 3,8 cm.<\/span><\/span><\/p>\n","protected":false},"excerpt":{"rendered":"<p>D\u00ea um toque original e cheio de cor \u00e0s suas cria\u00e7\u00f5es com este pack de c\u00e1psulas para cupcakes com estampado leopardo. O set inclui 90 unidades, distribu\u00eddas em 30 c\u00e1psulas por cor: verde, rosa e azul.<\/p>\n","protected":false},"featured_media":0,"comment_status":"open","ping_status":"closed","template":"","meta":{"_acf_changed":false},"pwb-brand":[],"product_brand":[],"product_cat":[2009,2010,2204,1849,1767],"product_tag":[],"class_list":{"0":"post-395829","1":"product","2":"type-product","3":"status-publish","5":"product_cat-capsulas","6":"product_cat-capsulas-cupcakes","7":"product_cat-dias-especiales","8":"product_cat-fiestas","9":"product_cat-utensilios","11":"first","12":"instock","13":"taxable","14":"shipping-taxable","15":"purchasable","16":"product-type-simple"},"acf":[],"df_price":3.95,"df_sale_price":"","df_regular_price":3.95,"df_image_link":"https:\/\/glotomania.com\/wp-content\/uploads\/2025\/11\/2922280_27002-1-300x300.webp","brands":[],"_links":{"self":[{"href":"https:\/\/glotomania.com\/pt-pt\/wp-json\/wp\/v2\/product\/395829","targetHints":{"allow":["GET"]}}],"collection":[{"href":"https:\/\/glotomania.com\/pt-pt\/wp-json\/wp\/v2\/product"}],"about":[{"href":"https:\/\/glotomania.com\/pt-pt\/wp-json\/wp\/v2\/types\/product"}],"replies":[{"embeddable":true,"href":"https:\/\/glotomania.com\/pt-pt\/wp-json\/wp\/v2\/comments?post=395829"}],"wp:attachment":[{"href":"https:\/\/glotomania.com\/pt-pt\/wp-json\/wp\/v2\/media?parent=395829"}],"wp:term":[{"taxonomy":"pwb-brand","embeddable":true,"href":"https:\/\/glotomania.com\/pt-pt\/wp-json\/wp\/v2\/pwb-brand?post=395829"},{"taxonomy":"product_brand","embeddable":true,"href":"https:\/\/glotomania.com\/pt-pt\/wp-json\/wp\/v2\/product_brand?post=395829"},{"taxonomy":"product_cat","embeddable":true,"href":"https:\/\/glotomania.com\/pt-pt\/wp-json\/wp\/v2\/product_cat?post=395829"},{"taxonomy":"product_tag","embeddable":true,"href":"https:\/\/glotomania.com\/pt-pt\/wp-json\/wp\/v2\/product_tag?post=395829"}],"curies":[{"name":"wp","href":"https:\/\/api.w.org\/{rel}","templated":true}]}}