{"id":395831,"date":"2026-04-30T14:14:33","date_gmt":"2026-04-30T14:14:33","guid":{"rendered":"https:\/\/glotomania.com\/p\/set-capsulas-para-cupcakes-con-estampado-de-lunares-144-u-2\/"},"modified":"2026-04-30T14:14:38","modified_gmt":"2026-04-30T14:14:38","slug":"set-capsulas-para-cupcakes-con-estampado-de-lunares-144-u-2","status":"publish","type":"product","link":"https:\/\/glotomania.com\/pt-pt\/p\/set-capsulas-para-cupcakes-con-estampado-de-lunares-144-u-2\/","title":{"rendered":"Set De C\u00c1psulas Para Cupcakes Com Estampado \u00c0s Bolinhas (144 Un.)"},"content":{"rendered":"<p>&nbsp;<\/p>\n<p><span style=\"font-size:14px\"><span style=\"color:#000000\">S&atilde;o fabricadas em papel de primeira qualidade, apto para uso alimentar, com <strong>efeito antiaderente<\/strong>, o que facilita o desenformar e ajuda a conseguir um acabamento mais limpo e profissional. Al&eacute;m disso, s&atilde;o resistentes &agrave; congela&ccedil;&atilde;o, adequadas para micro-ondas e para cozedura no forno <strong>at&eacute; 230 &ordm;C<\/strong>, mantendo a cor sem perder intensidade.<\/span><\/span><\/p>\n<p><span style=\"font-size:14px\"><span style=\"color:#000000\">Ideais para preparar cupcakes, muffins, madalenas e outras cria&ccedil;&otilde;es de pastelaria. Para uma cozedura mais uniforme e para que mantenham melhor a sua forma, recomenda-se a sua utiliza&ccedil;&atilde;o com tabuleiros ou formas com cavidades.<\/span><\/span><\/p>\n<p><span style=\"font-size:14px\"><span style=\"color:#000000\"><strong>Medidas aprox.:<\/strong> &Oslash; da base 5 cm &ndash; altura 4 cm.<\/span><\/span><\/p>\n","protected":false},"excerpt":{"rendered":"<p>D\u00ea um toque original e cheio de cor \u00e0s suas cria\u00e7\u00f5es com este pack de c\u00e1psulas para cupcakes com estampado \u00e0s bolinhas. O set inclui 144 unidades, distribu\u00eddas em 24 c\u00e1psulas por cor: azul, vermelho, rosa, amarelo, preto e f\u00facsia.<\/p>\n","protected":false},"featured_media":395879,"comment_status":"open","ping_status":"closed","template":"","meta":{"_acf_changed":false},"pwb-brand":[],"product_brand":[],"product_cat":[2009,2010,2204,1862,1885,1849,1858,1767],"product_tag":[],"class_list":{"0":"post-395831","1":"product","2":"type-product","3":"status-publish","4":"has-post-thumbnail","6":"product_cat-capsulas","7":"product_cat-capsulas-cupcakes","8":"product_cat-dias-especiales","9":"product_cat-comuniones","10":"product_cat-bautizos","11":"product_cat-fiestas","12":"product_cat-pascua","13":"product_cat-utensilios","15":"first","16":"instock","17":"taxable","18":"shipping-taxable","19":"purchasable","20":"product-type-simple"},"acf":[],"df_price":13.75,"df_sale_price":"","df_regular_price":13.75,"df_image_link":"https:\/\/glotomania.com\/wp-content\/uploads\/2026\/05\/img_28803_7476a1338a065dfa15db60810f496f9d_1.jpg","brands":[],"_links":{"self":[{"href":"https:\/\/glotomania.com\/pt-pt\/wp-json\/wp\/v2\/product\/395831","targetHints":{"allow":["GET"]}}],"collection":[{"href":"https:\/\/glotomania.com\/pt-pt\/wp-json\/wp\/v2\/product"}],"about":[{"href":"https:\/\/glotomania.com\/pt-pt\/wp-json\/wp\/v2\/types\/product"}],"replies":[{"embeddable":true,"href":"https:\/\/glotomania.com\/pt-pt\/wp-json\/wp\/v2\/comments?post=395831"}],"wp:featuredmedia":[{"embeddable":true,"href":"https:\/\/glotomania.com\/pt-pt\/wp-json\/wp\/v2\/media\/395879"}],"wp:attachment":[{"href":"https:\/\/glotomania.com\/pt-pt\/wp-json\/wp\/v2\/media?parent=395831"}],"wp:term":[{"taxonomy":"pwb-brand","embeddable":true,"href":"https:\/\/glotomania.com\/pt-pt\/wp-json\/wp\/v2\/pwb-brand?post=395831"},{"taxonomy":"product_brand","embeddable":true,"href":"https:\/\/glotomania.com\/pt-pt\/wp-json\/wp\/v2\/product_brand?post=395831"},{"taxonomy":"product_cat","embeddable":true,"href":"https:\/\/glotomania.com\/pt-pt\/wp-json\/wp\/v2\/product_cat?post=395831"},{"taxonomy":"product_tag","embeddable":true,"href":"https:\/\/glotomania.com\/pt-pt\/wp-json\/wp\/v2\/product_tag?post=395831"}],"curies":[{"name":"wp","href":"https:\/\/api.w.org\/{rel}","templated":true}]}}