{"id":395836,"date":"2026-04-30T14:14:42","date_gmt":"2026-04-30T14:14:42","guid":{"rendered":"https:\/\/glotomania.com\/p\/set-capsulas-para-cupcakes-disenos-de-corazones-surtidos-150-u-2\/"},"modified":"2026-04-30T14:14:48","modified_gmt":"2026-04-30T14:14:48","slug":"set-capsulas-para-cupcakes-disenos-de-corazones-surtidos-150-u-2","status":"publish","type":"product","link":"https:\/\/glotomania.com\/pt-pt\/p\/set-capsulas-para-cupcakes-disenos-de-corazones-surtidos-150-u-2\/","title":{"rendered":"Set De C\u00c1psulas Para Cupcakes Com Desenhos De Cora\u00c7\u00d5es Sortidos (150 Un.)"},"content":{"rendered":"<p>&nbsp;<\/p>\n<p><span style=\"color:#000000\"><span style=\"font-size:14px\">Inclui diferentes estampados decorativos em tons rosa, com motivos rom&acirc;nticos e detalhes de cora&ccedil;&otilde;es, ideais para dar uma apresenta&ccedil;&atilde;o cuidada e especial a cupcakes, muffins, madalenas e outras cria&ccedil;&otilde;es de pastelaria.<\/span><\/span><\/p>\n<p><span style=\"color:#000000\"><span style=\"font-size:14px\">S&atilde;o fabricadas em papel de primeira qualidade, apto para uso alimentar, com <strong>efeito antiaderente<\/strong>, o que facilita o desenformar e ajuda a conseguir um acabamento mais limpo e profissional. Al&eacute;m disso, s&atilde;o resistentes &agrave; congela&ccedil;&atilde;o, adequadas para micro-ondas e para cozedura no forno <strong>at&eacute; 230 &ordm;C<\/strong>, mantendo a cor sem perder intensidade.<\/span><\/span><\/p>\n<p><span style=\"color:#000000\"><span style=\"font-size:14px\">Para uma cozedura mais uniforme e para que mantenham melhor a sua forma, recomenda-se a sua utiliza&ccedil;&atilde;o com tabuleiros ou formas com cavidades.<\/span><\/span><\/p>\n<p><span style=\"color:#000000\"><span style=\"font-size:14px\"><strong>Medidas aprox.:<\/strong> &Oslash; da base 5,5 cm &ndash; altura 4 cm.<\/span><\/span><\/p>\n","protected":false},"excerpt":{"rendered":"<p>D\u00ea um toque doce, delicado e cheio de encanto \u00e0s suas cria\u00e7\u00f5es com este pack de c\u00e1psulas para cupcakes com desenhos sortidos de cora\u00e7\u00f5es. O set inclui 150 unidades, distribu\u00eddas em 50 c\u00e1psulas por desenho.<\/p>\n","protected":false},"featured_media":395835,"comment_status":"open","ping_status":"closed","template":"","meta":{"_acf_changed":false},"pwb-brand":[],"product_brand":[],"product_cat":[1852,2009,2010,2204,1888,1885,1851,1849,1767],"product_tag":[],"class_list":{"0":"post-395836","1":"product","2":"type-product","3":"status-publish","4":"has-post-thumbnail","6":"product_cat-san-valentin","7":"product_cat-capsulas","8":"product_cat-capsulas-cupcakes","9":"product_cat-dias-especiales","10":"product_cat-bodas","11":"product_cat-bautizos","12":"product_cat-dia-de-la-madre","13":"product_cat-fiestas","14":"product_cat-utensilios","16":"first","17":"instock","18":"taxable","19":"shipping-taxable","20":"purchasable","21":"product-type-simple"},"acf":[],"df_price":1.5,"df_sale_price":"","df_regular_price":1.5,"df_image_link":"https:\/\/glotomania.com\/wp-content\/uploads\/2026\/04\/img_28808_3f19f391241f8f507e32eca4bffea812_1.jpg","brands":[],"_links":{"self":[{"href":"https:\/\/glotomania.com\/pt-pt\/wp-json\/wp\/v2\/product\/395836","targetHints":{"allow":["GET"]}}],"collection":[{"href":"https:\/\/glotomania.com\/pt-pt\/wp-json\/wp\/v2\/product"}],"about":[{"href":"https:\/\/glotomania.com\/pt-pt\/wp-json\/wp\/v2\/types\/product"}],"replies":[{"embeddable":true,"href":"https:\/\/glotomania.com\/pt-pt\/wp-json\/wp\/v2\/comments?post=395836"}],"wp:featuredmedia":[{"embeddable":true,"href":"https:\/\/glotomania.com\/pt-pt\/wp-json\/wp\/v2\/media\/395835"}],"wp:attachment":[{"href":"https:\/\/glotomania.com\/pt-pt\/wp-json\/wp\/v2\/media?parent=395836"}],"wp:term":[{"taxonomy":"pwb-brand","embeddable":true,"href":"https:\/\/glotomania.com\/pt-pt\/wp-json\/wp\/v2\/pwb-brand?post=395836"},{"taxonomy":"product_brand","embeddable":true,"href":"https:\/\/glotomania.com\/pt-pt\/wp-json\/wp\/v2\/product_brand?post=395836"},{"taxonomy":"product_cat","embeddable":true,"href":"https:\/\/glotomania.com\/pt-pt\/wp-json\/wp\/v2\/product_cat?post=395836"},{"taxonomy":"product_tag","embeddable":true,"href":"https:\/\/glotomania.com\/pt-pt\/wp-json\/wp\/v2\/product_tag?post=395836"}],"curies":[{"name":"wp","href":"https:\/\/api.w.org\/{rel}","templated":true}]}}