{"id":396169,"date":"2026-05-06T11:21:11","date_gmt":"2026-05-06T11:21:11","guid":{"rendered":"https:\/\/glotomania.com\/p\/set-22-boquillas-deluxe-wilton-2\/"},"modified":"2026-05-06T11:21:27","modified_gmt":"2026-05-06T11:21:27","slug":"set-22-boquillas-deluxe-wilton-2","status":"publish","type":"product","link":"https:\/\/glotomania.com\/pt-pt\/p\/set-22-boquillas-deluxe-wilton-2\/","title":{"rendered":"Set 22 Bicos Deluxe Wilton"},"content":{"rendered":"<p>\n<span style=\"font-size:14px\">Este conjunto &eacute; composto pelos seguintes bicos Wilton:&nbsp;<br \/>\n1, 3, 5, 8, 12, 12, 12, 14, 14, 16, 16, 18, 21, 21, 32, 59s, 101, 104, 224, 2D, 233, 47, 352, 366, 67, 74 e 81.<\/span><\/p>\n<p><span style=\"font-size:14px\">Tamb&eacute;m inclui um <strong>organizador<\/strong> de bicos, <strong>acoplador<\/strong> padr&atilde;o e <strong>prego<\/strong> de flor.<\/span><\/p>\n<p><span style=\"font-size:14px\">Lavagem da lou&ccedil;a em seguran&ccedil;a.<\/span><\/p>\n<p>&nbsp;<\/p>\n","protected":false},"excerpt":{"rendered":"<p>Inclui 22 bicos Wilton, com este conjunto n\u00e3o faltar\u00e3o detalhes ao decorar as nossas elabora\u00e7\u00f5es.<\/p>\n","protected":false},"featured_media":395737,"comment_status":"open","ping_status":"closed","template":"","meta":{"_acf_changed":false},"pwb-brand":[],"product_brand":[],"product_cat":[1770,1767],"product_tag":[],"class_list":{"0":"post-396169","1":"product","2":"type-product","3":"status-publish","4":"has-post-thumbnail","6":"product_cat-boquilas","7":"product_cat-utensilios","9":"first","10":"instock","11":"taxable","12":"shipping-taxable","13":"purchasable","14":"product-type-simple"},"acf":[],"df_price":30.06,"df_sale_price":"","df_regular_price":30.06,"df_image_link":"https:\/\/glotomania.com\/wp-content\/uploads\/2026\/04\/img_15439_05fc0fc86876690b33d7a86ded000a02_1.png","brands":[],"_links":{"self":[{"href":"https:\/\/glotomania.com\/pt-pt\/wp-json\/wp\/v2\/product\/396169","targetHints":{"allow":["GET"]}}],"collection":[{"href":"https:\/\/glotomania.com\/pt-pt\/wp-json\/wp\/v2\/product"}],"about":[{"href":"https:\/\/glotomania.com\/pt-pt\/wp-json\/wp\/v2\/types\/product"}],"replies":[{"embeddable":true,"href":"https:\/\/glotomania.com\/pt-pt\/wp-json\/wp\/v2\/comments?post=396169"}],"wp:featuredmedia":[{"embeddable":true,"href":"https:\/\/glotomania.com\/pt-pt\/wp-json\/wp\/v2\/media\/395737"}],"wp:attachment":[{"href":"https:\/\/glotomania.com\/pt-pt\/wp-json\/wp\/v2\/media?parent=396169"}],"wp:term":[{"taxonomy":"pwb-brand","embeddable":true,"href":"https:\/\/glotomania.com\/pt-pt\/wp-json\/wp\/v2\/pwb-brand?post=396169"},{"taxonomy":"product_brand","embeddable":true,"href":"https:\/\/glotomania.com\/pt-pt\/wp-json\/wp\/v2\/product_brand?post=396169"},{"taxonomy":"product_cat","embeddable":true,"href":"https:\/\/glotomania.com\/pt-pt\/wp-json\/wp\/v2\/product_cat?post=396169"},{"taxonomy":"product_tag","embeddable":true,"href":"https:\/\/glotomania.com\/pt-pt\/wp-json\/wp\/v2\/product_tag?post=396169"}],"curies":[{"name":"wp","href":"https:\/\/api.w.org\/{rel}","templated":true}]}}