{"id":396175,"date":"2026-05-06T11:22:09","date_gmt":"2026-05-06T11:22:09","guid":{"rendered":"https:\/\/glotomania.com\/p\/preparado-funcakes-para-bizcocho-deluxe-1-kg-2\/"},"modified":"2026-05-06T11:22:44","modified_gmt":"2026-05-06T11:22:44","slug":"preparado-funcakes-para-bizcocho-deluxe-1-kg-2","status":"publish","type":"product","link":"https:\/\/glotomania.com\/pt-pt\/p\/preparado-funcakes-para-bizcocho-deluxe-1-kg-2\/","title":{"rendered":"Prepara\u00c7\u00c3o De Funcakes Para Bolo Deluxe 1 Kg"},"content":{"rendered":"<p>\n<span style=\"font-size:14px\"><strong>M&eacute;todo de prepara&ccedil;&atilde;o:<\/strong><\/span><\/p>\n<p><span style=\"font-size:14px\">Preparar todos os ingredientes &agrave; temperatura ambiente.&nbsp;<\/span><\/p>\n<p><span style=\"font-size:14px\">Pr&eacute;-aquecer o forno a 175 &ordm;C (forno de convec&ccedil;&atilde;o a 160&ordm;C). Misturar o produto com os ovos e a &aacute;gua numa tigela. Bater a massa &agrave; velocidade m&aacute;xima durante 7-8 minutos.&nbsp;<\/span><\/p>\n<p><span style=\"font-size:14px\">Depois bater durante 2-3 minutos a baixa velocidade. Verter a prepara&ccedil;&atilde;o para uma forma untada (at&eacute; meio ou dois ter&ccedil;os) e cozer o bolo no forno.&nbsp;<\/span><\/p>\n<p><span style=\"font-size:14px\">N&atilde;o abrir o forno at&eacute; que a cozedura esteja terminada! O bolo est&aacute; pronto quando se sente el&aacute;stico quando se pressiona ligeiramente. Desmoldar o bolo assim que estiver pronto e deix&aacute;-lo a arrefecer numa prateleira.<\/span><\/p>\n<p><span style=\"font-size:14px\">Para fazer <strong>um delicioso bolo de chocolate <\/strong>usar 40g de cacau, 20g de a&ccedil;&uacute;car de confeiteiro e meio ovo. Se se acrescentar chocolate derretido ou ralado, o seu sabor ser&aacute; ainda mais delicioso.<\/span><\/p>\n<p><span style=\"font-size:14px\">A embalagem de 1 kg &eacute; suficiente para fazer 3 bolos de aproximadamente 26-28 cm ou para 4 bolos de 22-24 cm redondos.<\/span><\/p>\n<p>&nbsp;<\/p>\n","protected":false},"excerpt":{"rendered":"<p>Esta mistura d\u00e1-lhe um bolo com um volume incr\u00edvel que o far\u00e1 ter a base de bolo mais fofa que j\u00e1 fez.<\/p>\n","protected":false},"featured_media":395686,"comment_status":"open","ping_status":"closed","template":"","meta":{"_acf_changed":false},"pwb-brand":[],"product_brand":[],"product_cat":[1832,1829,1901,1854],"product_tag":[],"class_list":{"0":"post-396175","1":"product","2":"type-product","3":"status-publish","4":"has-post-thumbnail","6":"product_cat-diestas-especiales","7":"product_cat-ingredientes","8":"product_cat-dieta-halal","9":"product_cat-preparados","11":"first","12":"instock","13":"taxable","14":"shipping-taxable","15":"purchasable","16":"product-type-simple"},"acf":[],"df_price":7.25,"df_sale_price":"","df_regular_price":7.25,"df_image_link":"https:\/\/glotomania.com\/wp-content\/uploads\/2026\/04\/img_15322_67f490b4e794f14470a3ef326dc8bb08_1.png","brands":[],"_links":{"self":[{"href":"https:\/\/glotomania.com\/pt-pt\/wp-json\/wp\/v2\/product\/396175","targetHints":{"allow":["GET"]}}],"collection":[{"href":"https:\/\/glotomania.com\/pt-pt\/wp-json\/wp\/v2\/product"}],"about":[{"href":"https:\/\/glotomania.com\/pt-pt\/wp-json\/wp\/v2\/types\/product"}],"replies":[{"embeddable":true,"href":"https:\/\/glotomania.com\/pt-pt\/wp-json\/wp\/v2\/comments?post=396175"}],"wp:featuredmedia":[{"embeddable":true,"href":"https:\/\/glotomania.com\/pt-pt\/wp-json\/wp\/v2\/media\/395686"}],"wp:attachment":[{"href":"https:\/\/glotomania.com\/pt-pt\/wp-json\/wp\/v2\/media?parent=396175"}],"wp:term":[{"taxonomy":"pwb-brand","embeddable":true,"href":"https:\/\/glotomania.com\/pt-pt\/wp-json\/wp\/v2\/pwb-brand?post=396175"},{"taxonomy":"product_brand","embeddable":true,"href":"https:\/\/glotomania.com\/pt-pt\/wp-json\/wp\/v2\/product_brand?post=396175"},{"taxonomy":"product_cat","embeddable":true,"href":"https:\/\/glotomania.com\/pt-pt\/wp-json\/wp\/v2\/product_cat?post=396175"},{"taxonomy":"product_tag","embeddable":true,"href":"https:\/\/glotomania.com\/pt-pt\/wp-json\/wp\/v2\/product_tag?post=396175"}],"curies":[{"name":"wp","href":"https:\/\/api.w.org\/{rel}","templated":true}]}}