{"id":396283,"date":"2026-05-08T16:19:39","date_gmt":"2026-05-08T16:19:39","guid":{"rendered":"https:\/\/glotomania.com\/p\/colorante-en-polvo-pastkolor-plata-metalico-100-g-2\/"},"modified":"2026-05-09T00:18:31","modified_gmt":"2026-05-09T00:18:31","slug":"colorante-en-polvo-pastkolor-plata-metalico-100-g-2","status":"publish","type":"product","link":"https:\/\/glotomania.com\/pt-pt\/p\/colorante-en-polvo-pastkolor-plata-metalico-100-g-2\/","title":{"rendered":"Corante Em P\u00d3 Pastkolor &#8211; Prata Met\u00c1lica (100 G)"},"content":{"rendered":"<p>&nbsp;<\/p>\n<p><strong style=\"font-size: 14px\">Instru&ccedil;&otilde;es de utiliza&ccedil;&atilde;o:<\/strong><br style=\"font-size: 14px\" \/><br \/>\n<span style=\"font-size: 14px\">Recomendamos a dissolu&ccedil;&atilde;o do produto anteriormente em &aacute;gua desmineralizada. Isto evita o aparecimento de manchas devido a uma m&aacute; dispers&atilde;o do corante, e garante a optimiza&ccedil;&atilde;o do produto. Recomenda-se a incorpora&ccedil;&atilde;o no final da elabora&ccedil;&atilde;o.<\/span><\/p>\n","protected":false},"excerpt":{"rendered":"<p>Corante em p\u00f3 de alta concentra\u00e7\u00e3o, ideal para dar belas tonalidades de cor \u00e0s nossas cria\u00e7\u00f5es.<\/p>\n","protected":false},"featured_media":0,"comment_status":"open","ping_status":"closed","template":"","meta":{"_acf_changed":false},"pwb-brand":[],"product_brand":[],"product_cat":[1835,1894,1832,1829,1896,1845,1833,1888,1849,1863,1866],"product_tag":[],"class_list":{"0":"post-396283","1":"product","2":"type-product","3":"status-publish","5":"product_cat-colorantes","6":"product_cat-colorantes-polvo","7":"product_cat-diestas-especiales","8":"product_cat-ingredientes","9":"product_cat-dieta-sin-azucar","10":"product_cat-dieta-sin-e-171","11":"product_cat-dieta-sin-gluten","12":"product_cat-bodas","13":"product_cat-fiestas","14":"product_cat-halloween","15":"product_cat-navidad","17":"first","18":"instock","19":"taxable","20":"shipping-taxable","21":"purchasable","22":"product-type-simple"},"acf":[],"df_price":49.99,"df_sale_price":"","df_regular_price":49.99,"df_image_link":"https:\/\/glotomania.com\/wp-content\/uploads\/2025\/11\/2922280_27002-1-300x300.webp","brands":[],"_links":{"self":[{"href":"https:\/\/glotomania.com\/pt-pt\/wp-json\/wp\/v2\/product\/396283","targetHints":{"allow":["GET"]}}],"collection":[{"href":"https:\/\/glotomania.com\/pt-pt\/wp-json\/wp\/v2\/product"}],"about":[{"href":"https:\/\/glotomania.com\/pt-pt\/wp-json\/wp\/v2\/types\/product"}],"replies":[{"embeddable":true,"href":"https:\/\/glotomania.com\/pt-pt\/wp-json\/wp\/v2\/comments?post=396283"}],"wp:attachment":[{"href":"https:\/\/glotomania.com\/pt-pt\/wp-json\/wp\/v2\/media?parent=396283"}],"wp:term":[{"taxonomy":"pwb-brand","embeddable":true,"href":"https:\/\/glotomania.com\/pt-pt\/wp-json\/wp\/v2\/pwb-brand?post=396283"},{"taxonomy":"product_brand","embeddable":true,"href":"https:\/\/glotomania.com\/pt-pt\/wp-json\/wp\/v2\/product_brand?post=396283"},{"taxonomy":"product_cat","embeddable":true,"href":"https:\/\/glotomania.com\/pt-pt\/wp-json\/wp\/v2\/product_cat?post=396283"},{"taxonomy":"product_tag","embeddable":true,"href":"https:\/\/glotomania.com\/pt-pt\/wp-json\/wp\/v2\/product_tag?post=396283"}],"curies":[{"name":"wp","href":"https:\/\/api.w.org\/{rel}","templated":true}]}}