{"id":396407,"date":"2026-05-12T20:09:09","date_gmt":"2026-05-12T20:09:09","guid":{"rendered":"https:\/\/glotomania.com\/p\/laminas-papel-comestible-vegetal-saracino-25-u-2\/"},"modified":"2026-05-12T20:09:12","modified_gmt":"2026-05-12T20:09:12","slug":"laminas-papel-comestible-vegetal-saracino-25-u-2","status":"publish","type":"product","link":"https:\/\/glotomania.com\/pt-pt\/p\/laminas-papel-comestible-vegetal-saracino-25-u-2\/","title":{"rendered":"Folhas De Papel Comest\u00cdvel Vegetal Saracino \u2013 25 Un."},"content":{"rendered":"<p>&nbsp;<\/p>\n<p><span style=\"font-size:14px\"><span style=\"color:#000000\">Este pack inclui 25 folhas A4 comest&iacute;veis, perfeitas para imprimir imagens, recortar desenhos, criar detalhes decorativos ou aplicar cor com tintas comest&iacute;veis, corantes em gel ou corantes em p&oacute;. <strong>Cada folha pode ser utilizada dos dois lados: um lado liso e outro ligeiramente texturado<\/strong>, oferecendo maior versatilidade consoante o tipo de acabamento que pretende obter.<\/span><\/span><\/p>\n<p><span style=\"font-size:14px\"><span style=\"color:#000000\"><strong>Elaborado com fibras vegetais<\/strong>, este papel comest&iacute;vel &eacute; vegan e uma alternativa mais sustent&aacute;vel, uma vez que &eacute; fornecido sem separadores de pl&aacute;stico. A sua textura fina e flex&iacute;vel facilita a aplica&ccedil;&atilde;o em bolos, cupcakes, bolachas, sobremesas e outras cria&ccedil;&otilde;es doces.<\/span><\/span><\/p>\n<p><span style=\"font-size:14px\"><span style=\"color:#000000\"><strong>M&eacute;todo de utiliza&ccedil;&atilde;o:<\/strong><\/span><\/span><\/p>\n<ol>\n<li><span style=\"font-size:14px\"><span style=\"color:#000000\">Imprima ou recorte os desenhos pretendidos e aplique-os sobre o bolo, sobremesa ou doce utilizando cola comest&iacute;vel ou uma fina camada de &aacute;gua.<\/span><\/span><\/li>\n<li><span style=\"font-size:14px\"><span style=\"color:#000000\">Para um melhor acabamento, coloque o papel sobre uma superf&iacute;cie lisa e limpa, evitando o excesso de humidade para que conserve a sua forma e textura.<\/span><\/span><\/li>\n<\/ol>\n","protected":false},"excerpt":{"rendered":"<p>Realce os seus bolos, sobremesas e cria\u00e7\u00f5es de pastelaria criativa com o papel comest\u00edvel da Saracino, um suporte alimentar flex\u00edvel, fino e de cor branca pura, ideal para criar decora\u00e7\u00f5es comest\u00edveis personalizadas.<\/p>\n","protected":false},"featured_media":0,"comment_status":"open","ping_status":"closed","template":"","meta":{"_acf_changed":false},"pwb-brand":[],"product_brand":[],"product_cat":[1841,2925,1877,2927,2931,1891],"product_tag":[],"class_list":{"0":"post-396407","1":"product","2":"type-product","3":"status-publish","5":"product_cat-impresiones","6":"product_cat-impressoes-comestiveis","7":"product_cat-papel-comestible","8":"product_cat-papel-comestivel","9":"product_cat-papel-sem-acucar-comestivel-2","10":"product_cat-papel-sin-azucar","12":"first","13":"instock","14":"taxable","15":"shipping-taxable","16":"purchasable","17":"product-type-simple"},"acf":[],"df_price":53.49,"df_sale_price":"","df_regular_price":53.49,"df_image_link":"https:\/\/glotomania.com\/wp-content\/uploads\/2025\/11\/2922280_27002-1-300x300.webp","brands":[],"_links":{"self":[{"href":"https:\/\/glotomania.com\/pt-pt\/wp-json\/wp\/v2\/product\/396407","targetHints":{"allow":["GET"]}}],"collection":[{"href":"https:\/\/glotomania.com\/pt-pt\/wp-json\/wp\/v2\/product"}],"about":[{"href":"https:\/\/glotomania.com\/pt-pt\/wp-json\/wp\/v2\/types\/product"}],"replies":[{"embeddable":true,"href":"https:\/\/glotomania.com\/pt-pt\/wp-json\/wp\/v2\/comments?post=396407"}],"wp:attachment":[{"href":"https:\/\/glotomania.com\/pt-pt\/wp-json\/wp\/v2\/media?parent=396407"}],"wp:term":[{"taxonomy":"pwb-brand","embeddable":true,"href":"https:\/\/glotomania.com\/pt-pt\/wp-json\/wp\/v2\/pwb-brand?post=396407"},{"taxonomy":"product_brand","embeddable":true,"href":"https:\/\/glotomania.com\/pt-pt\/wp-json\/wp\/v2\/product_brand?post=396407"},{"taxonomy":"product_cat","embeddable":true,"href":"https:\/\/glotomania.com\/pt-pt\/wp-json\/wp\/v2\/product_cat?post=396407"},{"taxonomy":"product_tag","embeddable":true,"href":"https:\/\/glotomania.com\/pt-pt\/wp-json\/wp\/v2\/product_tag?post=396407"}],"curies":[{"name":"wp","href":"https:\/\/api.w.org\/{rel}","templated":true}]}}